{"id":7881,"date":"2024-05-16T10:12:04","date_gmt":"2024-05-16T08:12:04","guid":{"rendered":"https:\/\/antcube.shop\/product\/bundle-offer-camponotus-singularis\/"},"modified":"2026-03-04T16:55:09","modified_gmt":"2026-03-04T15:55:09","slug":"pachet-oferta-camponotus-singularis","status":"publish","type":"product","link":"https:\/\/antcube.shop\/ro\/produs\/pachet-oferta-camponotus-singularis\/","title":{"rendered":"Ofert\u0103 pachet - Camponotus singularis"},"content":{"rendered":"<p><span data-text-color=\"secondary\"><strong>Ofert\u0103 de pachet care include o colonie de furnici Camponotus singularis (regin\u0103 cu 11-25 lucr\u0103toare + puiet)<\/strong><\/span><\/p>\n<p><span data-text-color=\"alert\"><strong>Numai \u00een limita stocului disponibil.<\/strong><\/span><\/p>\n<p><span data-text-color=\"alert\"><strong>Expediere posibil\u0103 numai prin GO! \u00een interiorul Germaniei.<\/strong><\/span><\/p>\n<p>1x Camponotus singularis regina + 11-25 lucr\u0103toare + puiet<\/p>\n<p>1x cuib Ytong - 40\u00d720 cu aren\u0103<br \/>\n1x cad\u0103 de sticl\u0103 40\u00d720<br \/>\n1x covor de formicarium - 40x20cm<br \/>\n1x plac\u0103 de acoperire ro\u0219ie 20\u00d720 - orizontal\u0103<\/p>\n<p>1x Culoare de argil\u0103 - bej - 100ml<br \/>\n1x substrat - rainforest - 1kg<br \/>\n1x Formicarium granule 200 ml - negru<br \/>\n1x panou foto spate - rainforest - 20\u00d710<\/p>\n<p>2x Grid insert acrylic &#8211; 50 mm with sealing ring<br \/>\n1x Grid insert acrylic &#8211; 27 mm with sealing ring<\/p>\n<p>1x Cricket Jam 25g<br \/>\n1x Honeydew Mix (HT) - pachet de reumplere 10ml<\/p>\n<p>1x drinking clear 5ml &#8211; sponge<br \/>\n1x Feeding dish white rectangle &#8211; 3 compartments<br \/>\n1x Drinking trough 2ml &#8211; 360 Degrees<\/p>\n<p>1x Foil thermometer Display<\/p>\n<p>1x Ulei de protec\u021bie \u00eempotriva furnicilor 10ml<br \/>\n1x Penset\u0103 din o\u021bel cu arc - larg\u0103 - moale<br \/>\n1x Penset\u0103 de plastic transparent<br \/>\n1x pipet\u0103 de plastic 3ml<br \/>\n1x lup\u0103 de m\u00e2n\u0103 - 2x - 30mm<br \/>\n1x \u0219terg\u0103tor de spum\u0103 150x18x2,5mm<\/p>\n<p><iframe loading=\"lazy\" title=\"#Camponotus #singularis + Oferta pachet \ud83d\udc1c\" src=\"https:\/\/www.youtube.com\/embed\/ld6DtoTWUWk\" width=\"449\" height=\"799\" frameborder=\"0\" allowfullscreen=\"allowfullscreen\"><\/iframe><br \/>\n<strong>Specie de furnic\u0103 Camponotus singularis:<\/strong><br \/>\nCamponotus singularis este o specie de furnic\u0103 foarte frumoas\u0103 \u0219i foarte mare din Asia de sud-est. Ele sunt \u00een principal nocturne, dar sunt active \u0219i \u00een timpul zilei, datorit\u0103 intensit\u0103\u021bii luminoase de obicei mai sc\u0103zute din cas\u0103. De asemenea, ele formeaz\u0103 destul de timpuriu maidanezi deosebit de mari, care ap\u0103r\u0103 colonia. Ele pot fi v\u0103zute adesea st\u00e2nd la intrarea \u00een cuib.<\/p>\n<p>\u00cen s\u0103lb\u0103ticie, coloniile lor pot ajunge la c\u00e2teva mii de animale. Dar nu v\u0103 face\u021bi griji, acest lucru dureaz\u0103 c\u00e2\u021biva ani.<\/p>\n<p>Le pute\u021bi hr\u0103ni cu o solu\u021bie de zah\u0103r \u0219i miere, miere \u0219i alimente proteice sau chiar cu insecte mici vii, cum ar fi greierii \u0219i mu\u0219tele de fructe. Comportamentul de v\u00e2n\u0103toare activ\u0103 este cu adev\u0103rat dezvoltat doar \u00een coloniile mai mari. A\u0219a cum se \u00eent\u00e2mpl\u0103 de obicei cu speciile Camponotus, dezvoltarea de la ou la lucr\u0103toare dureaz\u0103 c\u00e2teva s\u0103pt\u0103m\u00e2ni.<\/p>\n<p>Umiditatea \u0219i temperatura din aren\u0103 trebuie s\u0103 creasc\u0103 u\u0219or cel mult, dar cuibul trebuie s\u0103 fie \u00eentotdeauna umed. Animalele prefer\u0103 zone diferit de umede \u00een cuib.<\/p>\n<p>Camponotus singularis este relativ lene\u0219 c\u00e2nd vine vorba de s\u0103parea cuiburilor. Prin urmare, am decis s\u0103 folosim un cuib Ytong. Camerele \u0219i pasajele prefabricate pot fi folosite direct de colonie. Cuibul Ytong poate fi umezit cu u\u0219urin\u021b\u0103 cu ajutorul recipientului de sticl\u0103 inclus. Pur \u0219i simplu turna\u021bi pu\u021bin\u0103 ap\u0103 \u00een cad\u0103 \u0219i a\u0219tepta\u021bi p\u00e2n\u0103 c\u00e2nd piatra Ytong absoarbe singur\u0103 apa.<\/p>\n<p><strong>Informa\u021bii despre cuibul Ytong cu arena:<\/strong><br \/>\n<strong>Con\u021bine:<\/strong><br \/>\n<strong>Material:<\/strong> beton celular, sticl\u0103, plastic PMMA \u0219i PVC<\/p>\n<p><strong>Conexiune:<\/strong> 1x deschidere de 14 mm; 1x deschidere de 27 mm<\/p>\n<p><strong>Cuprins:<\/strong><br \/>\n1x bloc de beton celular 40x20x5 cm cu camere de 20 mm ad\u00e2ncime.<br \/>\n1x plac\u0103 de sticl\u0103 de 40\u00d720 cm cu o deschidere de 50 mm \u0219i o aren\u0103 de 20\u00d720 cm<br \/>\n1x cadru pentru arena de furnici 20\u00d720<br \/>\n1x capacul arenei pentru furnici 20\u00d720<br \/>\n1x inel de 50 mm cu deschidere de 27 mm<br \/>\n1x dop de formicarium 13mm<br \/>\n2x dopuri de formicarium 27mm<br \/>\n2x 50mm dopuri de formicarium<\/p>\n<p>Datorit\u0103 propriet\u0103\u021bilor sale de re\u021binere a apei, materialul este foarte potrivit pentru a \u021bine furnicile. Acesta poate fi utilizat pentru a p\u0103stra un num\u0103r mare de specii care cuib\u0103resc \u00een p\u0103m\u00e2nt, at\u00e2t din habitate uscate, c\u00e2t \u0219i din habitate umede. \u00cen func\u021bie de specia de furnici, se recomand\u0103 s\u0103 acoperi\u021bi fundul camerelor cu vopsea de argil\u0103 \u0219i substrat de p\u0103m\u00e2nt. Unele specii se simt mai confortabil \u00een acest fel, iar speciile Ponerinae, de exemplu, au nevoie de p\u0103m\u00e2nt pentru ca larvele lor s\u0103 se poat\u0103 pupa \u00een mod corespunz\u0103tor. Deoarece acest cuib con\u021bine deja o aren\u0103, poate fi folosit ca sistem complet de formicarium.<\/p>\n<p><strong>Not\u0103:<\/strong><br \/>\nPentru a preveni scurgerea apei din Ytong dup\u0103 ce a umezit zona cuibului \u0219i acumularea acesteia pe suprafa\u021ba mobilierului de dedesubt, sau ca materialul aspru s\u0103 zg\u00e2rie suprafe\u021bele, v\u0103 recomand\u0103m una dintre t\u0103vile de sticl\u0103 potrivite pentru cuiburile noastre Ytong. Acestea sunt impermeabile \u0219i protejeaz\u0103 eficient suprafe\u021bele de dedesubt \u00eempotriva deterior\u0103rii cauzate de ap\u0103 \u0219i zg\u00e2rieturi.<\/p>\n<p><strong>Utilizare:<\/strong><br \/>\nPentru speciile de furnici de dimensiuni <strong>M - L<\/strong><br \/>\nBetonul celular este un material foarte fragil \u0219i casant. Prin urmare, este imposibil s\u0103 se previn\u0103 ruperea col\u021burilor \u0219i a marginilor \u0219i apari\u021bia unor u\u0219oare denivel\u0103ri \u00een timpul produc\u021biei. Din acest motiv, cuiburile Ytong nu sunt potrivite pentru speciile de furnici foarte mici de m\u0103rimea S, deoarece aceste specii ar putea s\u0103 se rup\u0103 cu u\u0219urin\u021b\u0103.<\/p>\n<p><strong>Important:<\/strong> V\u0103 rug\u0103m s\u0103 umezi\u021bi substratul \u00eenainte de utilizare, astfel \u00eenc\u00e2t amestecul s\u0103 se lege \u0219i s\u0103 se fixeze bine \u00een furnicar. Dac\u0103 substratul este prea uscat \u0219i pr\u0103fuit, acesta poate bloca, de asemenea, c\u0103ile respiratorii ale furnicilor \u0219i, \u00een cel mai r\u0103u caz, le poate provoca sufocarea.<\/p>\n<p><strong>Note privind produc\u021bia<\/strong><br \/>\nSticla este t\u0103iat\u0103 la dimensiune \u00een conformitate cu DIN 1249 cu o toleran\u021b\u0103 de +\/- 1 mm. O protec\u021bie suplimentar\u0103 \u00eempotriva spargerii este esen\u021bial\u0103 pentru speciile de furnici extrem de mici.<\/p>\n<p><strong>Not\u0103 Vopsea de lut:<\/strong><\/p>\n<p><strong>Descriere:<\/strong> Acest amestec nu este toxic \u0219i este relativ rezistent la ap\u0103 pe tencuial\u0103 \u0219i beton, dar \u00een rest este solubil \u00een ap\u0103.<\/p>\n<p><strong>Instruc\u021biuni de utilizare:<\/strong><br \/>\nAcest amestec este gata de utilizare \u0219i poate fi aplicat imediat cu o pensul\u0103 pe tencuial\u0103 sau pe beton celular.<br \/>\n100 ml sunt suficien\u021bi pentru aproximativ 1\/4m\u00b2 de beton celular sau 1\/2m\u00b2 de tencuial\u0103.<br \/>\nC\u00e2nd este umed\u0103, suprafa\u021ba poate fi pres\u0103rat\u0103 cu nisip, de exemplu, pentru a ob\u021bine un aspect \u0219i mai natural.<\/p>","protected":false},"excerpt":{"rendered":"<p>Conexiune: 1x14mm 1x27mm<br \/>\nDimensiune: <strong>M - L<\/strong><\/p>","protected":false},"featured_media":7850,"comment_status":"open","ping_status":"closed","template":"","meta":{"_acf_changed":false,"content-type":"","_monsterinsights_skip_tracking":false,"_monsterinsights_sitenote_active":false,"_monsterinsights_sitenote_note":"","_monsterinsights_sitenote_category":0},"product_brand":[],"product_cat":[355,73],"product_tag":[],"class_list":{"0":"post-7881","1":"product","2":"type-product","3":"status-publish","4":"has-post-thumbnail","6":"product_cat-bundle-offers","7":"product_cat-starter-sets","8":"product_shipping_class-germany-only","10":"first","11":"outofstock","12":"taxable","13":"shipping-taxable","14":"purchasable","15":"product-type-simple"},"acf":[],"aioseo_notices":[],"jetpack_sharing_enabled":true,"_links":{"self":[{"href":"https:\/\/antcube.shop\/ro\/wp-json\/wp\/v2\/product\/7881","targetHints":{"allow":["GET"]}}],"collection":[{"href":"https:\/\/antcube.shop\/ro\/wp-json\/wp\/v2\/product"}],"about":[{"href":"https:\/\/antcube.shop\/ro\/wp-json\/wp\/v2\/types\/product"}],"replies":[{"embeddable":true,"href":"https:\/\/antcube.shop\/ro\/wp-json\/wp\/v2\/comments?post=7881"}],"wp:featuredmedia":[{"embeddable":true,"href":"https:\/\/antcube.shop\/ro\/wp-json\/wp\/v2\/media\/7850"}],"wp:attachment":[{"href":"https:\/\/antcube.shop\/ro\/wp-json\/wp\/v2\/media?parent=7881"}],"wp:term":[{"taxonomy":"product_brand","embeddable":true,"href":"https:\/\/antcube.shop\/ro\/wp-json\/wp\/v2\/product_brand?post=7881"},{"taxonomy":"product_cat","embeddable":true,"href":"https:\/\/antcube.shop\/ro\/wp-json\/wp\/v2\/product_cat?post=7881"},{"taxonomy":"product_tag","embeddable":true,"href":"https:\/\/antcube.shop\/ro\/wp-json\/wp\/v2\/product_tag?post=7881"}],"curies":[{"name":"wp","href":"https:\/\/api.w.org\/{rel}","templated":true}]}}