{"id":7590,"date":"2024-04-04T16:24:13","date_gmt":"2024-04-04T14:24:13","guid":{"rendered":"https:\/\/antcube.shop\/product\/thermo-hygrometer-analog-display-43mm-hangend\/"},"modified":"2026-01-15T16:08:58","modified_gmt":"2026-01-15T15:08:58","slug":"termo-higrometru-cu-afisaj-analogic-43mm-agatat","status":"publish","type":"product","link":"https:\/\/antcube.shop\/ro\/produs\/termo-higrometru-cu-afisaj-analogic-43mm-agatat\/","title":{"rendered":"Termo- higrometru analogic - afi\u0219aj - 43mm - ag\u0103\u021bat"},"content":{"rendered":"<p><strong>Dimensiuni:<\/strong> 73mm x 63mm, 20mm ad\u00e2ncime<\/p>\n<p><strong>Material:<\/strong> metal \/ acrilic<\/p>\n<p><strong>Culoare:<\/strong> metal, argintiu \/ transparent<\/p>\n<p><strong>Con\u021binut:<\/strong> 1x termo-igrometru analogic metalic - 43mm, 1x suport din sticl\u0103 acrilic\u0103 cu loca\u0219 pentru instrumentul de m\u0103sur\u0103 - 73x59mm, 1x baz\u0103 din sticl\u0103 acrilic\u0103 - 73x20mm, 2x tampoane adezive transparente - 30x20mm<\/p>\n<p><strong>Descriere:<\/strong><br \/>\nSetul este format dintr-un termometru analogic \u0219i un higrometru din metal (43 mm), care este introdus \u00eentr-o plac\u0103 de sticl\u0103 acrilic\u0103 (73x59 mm). Afi\u0219ajul este ata\u0219at cu ajutorul a dou\u0103 pl\u0103cu\u021be adezive transparente, care pot fi folosite pentru a fixa baza (73x20mm) deasupra capului la capacele sau ramele arenelor.<\/p>\n<p><strong>Important:<\/strong><br \/>\nPartea din spate a instrumentului de m\u0103sur\u0103 trebuie s\u0103 r\u0103m\u00e2n\u0103 liber\u0103, altfel pot ap\u0103rea erori de m\u0103surare.<\/p>\n<p><strong>Termometru de acurate\u021be:<\/strong> +\/- 2\u00b0C , +\/- 4\u00b0F<br \/>\n<strong>Higrometru de precizie:<\/strong> +\/- 5%<\/p>","protected":false},"excerpt":{"rendered":"<p>Set de termometru \u0219i higrometru din metal (43mm) inserat \u00een plac\u0103 de sticl\u0103 acrilic\u0103 (73x63mm)<\/p>","protected":false},"featured_media":7580,"comment_status":"open","ping_status":"closed","template":"","meta":{"_acf_changed":false,"content-type":"","_monsterinsights_skip_tracking":false,"_monsterinsights_sitenote_active":false,"_monsterinsights_sitenote_note":"","_monsterinsights_sitenote_category":0},"product_brand":[],"product_cat":[359,119],"product_tag":[],"class_list":{"0":"post-7590","1":"product","2":"type-product","3":"status-publish","4":"has-post-thumbnail","6":"product_cat-light-heat-humidity","7":"product_cat-formicarium-components","9":"first","10":"instock","11":"taxable","12":"shipping-taxable","13":"purchasable","14":"product-type-simple"},"acf":[],"aioseo_notices":[],"jetpack_sharing_enabled":true,"_links":{"self":[{"href":"https:\/\/antcube.shop\/ro\/wp-json\/wp\/v2\/product\/7590","targetHints":{"allow":["GET"]}}],"collection":[{"href":"https:\/\/antcube.shop\/ro\/wp-json\/wp\/v2\/product"}],"about":[{"href":"https:\/\/antcube.shop\/ro\/wp-json\/wp\/v2\/types\/product"}],"replies":[{"embeddable":true,"href":"https:\/\/antcube.shop\/ro\/wp-json\/wp\/v2\/comments?post=7590"}],"wp:featuredmedia":[{"embeddable":true,"href":"https:\/\/antcube.shop\/ro\/wp-json\/wp\/v2\/media\/7580"}],"wp:attachment":[{"href":"https:\/\/antcube.shop\/ro\/wp-json\/wp\/v2\/media?parent=7590"}],"wp:term":[{"taxonomy":"product_brand","embeddable":true,"href":"https:\/\/antcube.shop\/ro\/wp-json\/wp\/v2\/product_brand?post=7590"},{"taxonomy":"product_cat","embeddable":true,"href":"https:\/\/antcube.shop\/ro\/wp-json\/wp\/v2\/product_cat?post=7590"},{"taxonomy":"product_tag","embeddable":true,"href":"https:\/\/antcube.shop\/ro\/wp-json\/wp\/v2\/product_tag?post=7590"}],"curies":[{"name":"wp","href":"https:\/\/api.w.org\/{rel}","templated":true}]}}