{"id":7589,"date":"2024-04-04T16:24:06","date_gmt":"2024-04-04T14:24:06","guid":{"rendered":"https:\/\/antcube.shop\/product\/mini-thermo-hygrometer-analog-metall-43mm\/"},"modified":"2026-03-31T18:19:20","modified_gmt":"2026-03-31T16:19:20","slug":"mini-termo-higrometru-analogic-metalic-43mm","status":"publish","type":"product","link":"https:\/\/antcube.shop\/ro\/produs\/mini-termo-higrometru-analogic-metalic-43mm\/","title":{"rendered":"Mini termo-igrometru analogic metalic - 43mm"},"content":{"rendered":"<p><strong>Dimensiune:<\/strong> 43 mm (pentru gaur\u0103 de 40 mm)<\/p>\n<p><strong>Material \/ Culoare:<\/strong> metal, argint<\/p>\n<p><strong>M\u0103surarea:<\/strong><\/p>\n<p><strong>Termometru:<\/strong> -20 p\u00e2n\u0103 la +50\u00b0C \/ -10 p\u00e2n\u0103 la +130\u00b0F<br \/>\n<strong>Precizie:<\/strong> +\/- 2\u00b0C , +\/- 4\u00b0F<\/p>\n<p><strong>Higrometru:<\/strong> De la 0 la 100%<br \/>\n<strong>Precizie:<\/strong> +\/- 5%<\/p>\n<p><strong>Descriere:<\/strong><br \/>\nTermometru\/igrometru analogic, care este deosebit de potrivit pentru formicarii foarte mici.<\/p>\n<p><strong>Not\u0103:<\/strong><br \/>\nInstrumentele de m\u0103sur\u0103 de pe partea din spate trebuie s\u0103 r\u0103m\u00e2n\u0103 libere, altfel pot ap\u0103rea erori de m\u0103surare.<\/p>","protected":false},"excerpt":{"rendered":"<p>Dimensiune: 43 mm (pentru gaur\u0103 de 40 mm) Material \/ Culoare: metal, argintiu M\u0103sur\u0103tori:: Termometru: -20 p\u00e2n\u0103 la +50\u00b0C \/ -10 p\u00e2n\u0103 la +130\u00b0F Precizie: -20 p\u00e2n\u0103 la +50\u00b0C \/ -10 p\u00e2n\u0103 la +130\u00b0F: +\/- 2\u00b0C , +\/- 4\u00b0F Higrometru: de la 0 la 100% Precizie: +\/- 2\u00b0C , +\/- 4\u00b0F +\/- 5% Descriere: Termometru\/ higrometru analogic, care este deosebit de potrivit pentru formicari foarte mici. Not\u0103: Instrumentele de m\u0103sur\u0103 de pe spate trebuie s\u0103 r\u0103m\u00e2n\u0103 libere, \u00een caz contrar m\u0103surarea","protected":false},"featured_media":7581,"comment_status":"open","ping_status":"closed","template":"","meta":{"_acf_changed":false,"content-type":"","_monsterinsights_skip_tracking":false,"_monsterinsights_sitenote_active":false,"_monsterinsights_sitenote_note":"","_monsterinsights_sitenote_category":0},"product_brand":[],"product_cat":[359,119],"product_tag":[],"class_list":{"0":"post-7589","1":"product","2":"type-product","3":"status-publish","4":"has-post-thumbnail","6":"product_cat-light-heat-humidity","7":"product_cat-formicarium-components","9":"first","10":"instock","11":"taxable","12":"shipping-taxable","13":"purchasable","14":"product-type-simple"},"acf":[],"aioseo_notices":[],"jetpack_sharing_enabled":true,"_links":{"self":[{"href":"https:\/\/antcube.shop\/ro\/wp-json\/wp\/v2\/product\/7589","targetHints":{"allow":["GET"]}}],"collection":[{"href":"https:\/\/antcube.shop\/ro\/wp-json\/wp\/v2\/product"}],"about":[{"href":"https:\/\/antcube.shop\/ro\/wp-json\/wp\/v2\/types\/product"}],"replies":[{"embeddable":true,"href":"https:\/\/antcube.shop\/ro\/wp-json\/wp\/v2\/comments?post=7589"}],"wp:featuredmedia":[{"embeddable":true,"href":"https:\/\/antcube.shop\/ro\/wp-json\/wp\/v2\/media\/7581"}],"wp:attachment":[{"href":"https:\/\/antcube.shop\/ro\/wp-json\/wp\/v2\/media?parent=7589"}],"wp:term":[{"taxonomy":"product_brand","embeddable":true,"href":"https:\/\/antcube.shop\/ro\/wp-json\/wp\/v2\/product_brand?post=7589"},{"taxonomy":"product_cat","embeddable":true,"href":"https:\/\/antcube.shop\/ro\/wp-json\/wp\/v2\/product_cat?post=7589"},{"taxonomy":"product_tag","embeddable":true,"href":"https:\/\/antcube.shop\/ro\/wp-json\/wp\/v2\/product_tag?post=7589"}],"curies":[{"name":"wp","href":"https:\/\/api.w.org\/{rel}","templated":true}]}}