{"id":7502,"date":"2024-04-04T11:27:29","date_gmt":"2024-04-04T09:27:29","guid":{"rendered":"https:\/\/antcube.shop\/product\/folien-thermometer-arena\/"},"modified":"2026-04-08T18:39:11","modified_gmt":"2026-04-08T16:39:11","slug":"folie-termometru-arena","status":"publish","type":"product","link":"https:\/\/antcube.shop\/ro\/produs\/folie-termometru-arena\/","title":{"rendered":"Termometru din folie - arena"},"content":{"rendered":"<p><strong>Dimensiune:<\/strong> 30mm x 36,5mm<\/p>\n<p><strong>Domeniul de m\u0103surare:<\/strong> +12\u00b0C p\u00e2n\u0103 la +34\u00b0C<\/p>\n<p><strong>Precizie:<\/strong> +\/- 1\u00b0C<\/p>\n<p><strong>Descriere:<\/strong><br \/>\nTermometru din folie care poate fi ata\u0219at din interior la geamul unei arene\/formicarium pentru furnici. Suprafa\u021b\u0103 adeziv\u0103 sub folia din spate.<\/p>\n<p><strong>Pentru citirea temperaturii:<\/strong><br \/>\nZona verde indic\u0103 temperatura actual\u0103.<br \/>\nDac\u0103 zona ro\u0219ie este clar vizibil\u0103, se scade 0,5\u00b0C.<br \/>\nAd\u0103uga\u021bi 0,5\u00b0C dac\u0103 zona albastr\u0103 este clar vizibil\u0103.<\/p>","protected":false},"excerpt":{"rendered":"<p>Domeniul de m\u0103surare: +12\u00b0C p\u00e2n\u0103 la +34\u00b0C<\/p>","protected":false},"featured_media":7592,"comment_status":"open","ping_status":"closed","template":"","meta":{"_acf_changed":false,"content-type":"","_monsterinsights_skip_tracking":false,"_monsterinsights_sitenote_active":false,"_monsterinsights_sitenote_note":"","_monsterinsights_sitenote_category":0},"product_brand":[],"product_cat":[359,119,239],"product_tag":[],"class_list":{"0":"post-7502","1":"product","2":"type-product","3":"status-publish","4":"has-post-thumbnail","6":"product_cat-light-heat-humidity","7":"product_cat-formicarium-components","8":"product_cat-useful-additions","10":"first","11":"instock","12":"taxable","13":"shipping-taxable","14":"purchasable","15":"product-type-simple"},"acf":[],"aioseo_notices":[],"jetpack_sharing_enabled":true,"_links":{"self":[{"href":"https:\/\/antcube.shop\/ro\/wp-json\/wp\/v2\/product\/7502","targetHints":{"allow":["GET"]}}],"collection":[{"href":"https:\/\/antcube.shop\/ro\/wp-json\/wp\/v2\/product"}],"about":[{"href":"https:\/\/antcube.shop\/ro\/wp-json\/wp\/v2\/types\/product"}],"replies":[{"embeddable":true,"href":"https:\/\/antcube.shop\/ro\/wp-json\/wp\/v2\/comments?post=7502"}],"wp:featuredmedia":[{"embeddable":true,"href":"https:\/\/antcube.shop\/ro\/wp-json\/wp\/v2\/media\/7592"}],"wp:attachment":[{"href":"https:\/\/antcube.shop\/ro\/wp-json\/wp\/v2\/media?parent=7502"}],"wp:term":[{"taxonomy":"product_brand","embeddable":true,"href":"https:\/\/antcube.shop\/ro\/wp-json\/wp\/v2\/product_brand?post=7502"},{"taxonomy":"product_cat","embeddable":true,"href":"https:\/\/antcube.shop\/ro\/wp-json\/wp\/v2\/product_cat?post=7502"},{"taxonomy":"product_tag","embeddable":true,"href":"https:\/\/antcube.shop\/ro\/wp-json\/wp\/v2\/product_tag?post=7502"}],"curies":[{"name":"wp","href":"https:\/\/api.w.org\/{rel}","templated":true}]}}