{"id":7501,"date":"2024-04-04T11:27:23","date_gmt":"2024-04-04T09:27:23","guid":{"rendered":"https:\/\/antcube.shop\/product\/ant-maze-20x20-l\/"},"modified":"2026-03-30T18:32:02","modified_gmt":"2026-03-30T16:32:02","slug":"labirint-de-furnici-20x20-l","status":"publish","type":"product","link":"https:\/\/antcube.shop\/ro\/produs\/labirint-de-furnici-20x20-l\/","title":{"rendered":"Labirint de furnici 20\u00d720 - L"},"content":{"rendered":"<p><strong>Dimensiuni:<\/strong><br \/>\n190x250x36mm <strong>\u00een\u0103l\u021bimea c\u0103ii:<\/strong> 20mm <strong>l\u0103\u021bimea c\u0103ii:<\/strong> 10mm-15mm<\/p>\n<p><strong>Material:<\/strong> sticl\u0103 acrilic\u0103<\/p>\n<p><strong>Culoare:<\/strong> cristalin, transparent<\/p>\n<p><strong>Con\u021binut:<\/strong><br \/>\n1x Ant Maze L cu 5x regulator cu glisare prin glisare<\/p>\n<p><strong>Conexiune:<\/strong> 2x prize de conectare 16mm pentru furtun 20\/16mm<\/p>\n<p><strong>Descriere:<\/strong> Formicariu plat cu labirint de furnici, alc\u0103tuit din mai multe panouri stratificate. Labirintul de furnici poate fi extins prin intermediul furtunurilor sau conectat la o aren\u0103 pentru furnici cu ajutorul prizelor de conectare integrate. Cele cinci glisoare \u00eencorporate permit furnicilor s\u0103 deschid\u0103 sau s\u0103 \u00eenchid\u0103 diferite c\u0103i \u00een labirint. Acesta poate fi folosit pentru experimente \u00een institu\u021biile de \u00eenv\u0103\u021b\u0103m\u00e2nt, de exemplu, sau acas\u0103 pentru a observa cum \u00ee\u0219i g\u0103sesc furnicile drumul \u0219i se adapteaz\u0103 la schimbarea brusc\u0103 a traseelor, de exemplu c\u0103tre zonele de hr\u0103nire.<\/p>\n<p><strong>Not\u0103:<\/strong> Pot ap\u0103rea goluri de 0,5 mm.<\/p>\n<p><strong>Not\u0103 privind prizele de conectare<\/strong><br \/>\nC\u00e2nd ata\u0219a\u021bi sau scoate\u021bi furtunurile, v\u0103 rug\u0103m s\u0103 \u021bine\u021bi cont de urm\u0103toarele:<br \/>\n\u00cen cazul \u00een care tubulatura se potrive\u0219te foarte greu pe priza de conectare, aceasta trebuie frecat\u0103 u\u0219or cu o pic\u0103tur\u0103 din uleiul sau pulberea noastr\u0103 antiefrac\u021bie. Furtunul trebuie apoi \u00eempins pe priz\u0103 prin mi\u0219c\u0103ri de r\u0103sucire sau \u00een\u0219urubare, f\u0103r\u0103 a for\u021ba priza cu mi\u0219c\u0103ri de sus \u00een jos. Acela\u0219i lucru este valabil \u0219i atunci c\u00e2nd scoate\u021bi furtunurile din priza de conectare a fermei. V\u0103 rug\u0103m s\u0103 nu trage\u021bi pur \u0219i simplu de el!<\/p>","protected":false},"excerpt":{"rendered":"<p>Conexiune: Soclu 2x 16mm<\/p>","protected":false},"featured_media":7603,"comment_status":"open","ping_status":"closed","template":"","meta":{"_acf_changed":false,"content-type":"","_monsterinsights_skip_tracking":false,"_monsterinsights_sitenote_active":false,"_monsterinsights_sitenote_note":"","_monsterinsights_sitenote_category":0},"product_brand":[],"product_cat":[257,119,239,91],"product_tag":[],"class_list":{"0":"post-7501","1":"product","2":"type-product","3":"status-publish","4":"has-post-thumbnail","6":"product_cat-new-innovatve-products","7":"product_cat-formicarium-components","8":"product_cat-useful-additions","9":"product_cat-formicarium-modules","11":"first","12":"instock","13":"taxable","14":"shipping-taxable","15":"purchasable","16":"product-type-simple"},"acf":[],"aioseo_notices":[],"jetpack_sharing_enabled":true,"_links":{"self":[{"href":"https:\/\/antcube.shop\/ro\/wp-json\/wp\/v2\/product\/7501","targetHints":{"allow":["GET"]}}],"collection":[{"href":"https:\/\/antcube.shop\/ro\/wp-json\/wp\/v2\/product"}],"about":[{"href":"https:\/\/antcube.shop\/ro\/wp-json\/wp\/v2\/types\/product"}],"replies":[{"embeddable":true,"href":"https:\/\/antcube.shop\/ro\/wp-json\/wp\/v2\/comments?post=7501"}],"wp:featuredmedia":[{"embeddable":true,"href":"https:\/\/antcube.shop\/ro\/wp-json\/wp\/v2\/media\/7603"}],"wp:attachment":[{"href":"https:\/\/antcube.shop\/ro\/wp-json\/wp\/v2\/media?parent=7501"}],"wp:term":[{"taxonomy":"product_brand","embeddable":true,"href":"https:\/\/antcube.shop\/ro\/wp-json\/wp\/v2\/product_brand?post=7501"},{"taxonomy":"product_cat","embeddable":true,"href":"https:\/\/antcube.shop\/ro\/wp-json\/wp\/v2\/product_cat?post=7501"},{"taxonomy":"product_tag","embeddable":true,"href":"https:\/\/antcube.shop\/ro\/wp-json\/wp\/v2\/product_tag?post=7501"}],"curies":[{"name":"wp","href":"https:\/\/api.w.org\/{rel}","templated":true}]}}