{"id":7498,"date":"2024-04-04T11:21:26","date_gmt":"2024-04-04T09:21:26","guid":{"rendered":"https:\/\/antcube.shop\/product\/formicarienmutter-3-4-zoll-glasklar\/"},"modified":"2026-04-08T18:39:21","modified_gmt":"2026-04-08T16:39:21","slug":"formicarium-nuca-3-4-inch-sticla-transparenta","status":"publish","type":"product","link":"https:\/\/antcube.shop\/ro\/produs\/formicarium-nuca-3-4-inch-sticla-transparenta\/","title":{"rendered":"Piuli\u021b\u0103 formicarium 3\/4 inch - sticl\u0103 transparent\u0103"},"content":{"rendered":"<p><strong>Cuprins:<\/strong> 1x contra piuli\u021b\u0103<\/p>\n<p><strong>Culoare:<\/strong> sticl\u0103 transparent\u0103<\/p>\n<p><strong>Material:<\/strong> plastic<\/p>\n<p><strong>Descriere:<\/strong> Cu aceast\u0103 contrapiuli\u021b\u0103 pute\u021bi fixa adaptoare cu \u0219uruburi de montare (3\/4\u2033).<\/p>","protected":false},"excerpt":{"rendered":"<p>Cuprins: 1x contra piuli\u021b\u0103 Culoare: sticl\u0103 transparent\u0103 Material: plastic Descriere: plastic: Cu aceast\u0103 contrapiuli\u021b\u0103 pute\u021bi fixa adaptoare cu \u0219uruburi de montare (3\/4\")<\/p>","protected":false},"featured_media":7516,"comment_status":"open","ping_status":"closed","template":"","meta":{"_acf_changed":false,"content-type":"","_monsterinsights_skip_tracking":false,"_monsterinsights_sitenote_active":false,"_monsterinsights_sitenote_note":"","_monsterinsights_sitenote_category":0},"product_brand":[],"product_cat":[257,345,119,121],"product_tag":[],"class_list":{"0":"post-7498","1":"product","2":"type-product","3":"status-publish","4":"has-post-thumbnail","6":"product_cat-new-innovatve-products","7":"product_cat-pipe-connectors","8":"product_cat-formicarium-components","9":"product_cat-connectors","11":"first","12":"instock","13":"taxable","14":"shipping-taxable","15":"purchasable","16":"product-type-simple"},"acf":[],"aioseo_notices":[],"jetpack_sharing_enabled":true,"_links":{"self":[{"href":"https:\/\/antcube.shop\/ro\/wp-json\/wp\/v2\/product\/7498","targetHints":{"allow":["GET"]}}],"collection":[{"href":"https:\/\/antcube.shop\/ro\/wp-json\/wp\/v2\/product"}],"about":[{"href":"https:\/\/antcube.shop\/ro\/wp-json\/wp\/v2\/types\/product"}],"replies":[{"embeddable":true,"href":"https:\/\/antcube.shop\/ro\/wp-json\/wp\/v2\/comments?post=7498"}],"wp:featuredmedia":[{"embeddable":true,"href":"https:\/\/antcube.shop\/ro\/wp-json\/wp\/v2\/media\/7516"}],"wp:attachment":[{"href":"https:\/\/antcube.shop\/ro\/wp-json\/wp\/v2\/media?parent=7498"}],"wp:term":[{"taxonomy":"product_brand","embeddable":true,"href":"https:\/\/antcube.shop\/ro\/wp-json\/wp\/v2\/product_brand?post=7498"},{"taxonomy":"product_cat","embeddable":true,"href":"https:\/\/antcube.shop\/ro\/wp-json\/wp\/v2\/product_cat?post=7498"},{"taxonomy":"product_tag","embeddable":true,"href":"https:\/\/antcube.shop\/ro\/wp-json\/wp\/v2\/product_tag?post=7498"}],"curies":[{"name":"wp","href":"https:\/\/api.w.org\/{rel}","templated":true}]}}