{"id":7496,"date":"2024-04-04T11:21:13","date_gmt":"2024-04-04T09:21:13","guid":{"rendered":"https:\/\/antcube.shop\/product\/beckenverbinder-3-4-zu-32mm-glasklar\/"},"modified":"2026-04-08T18:39:20","modified_gmt":"2026-04-08T16:39:20","slug":"conector-pentru-bazin-3-4-la-32mm-sticla-transparenta","status":"publish","type":"product","link":"https:\/\/antcube.shop\/ro\/produs\/conector-pentru-bazin-3-4-la-32mm-sticla-transparenta\/","title":{"rendered":"Conector pentru bazin 3\/4\u2033 la 32mm - sticl\u0103 transparent\u0103"},"content":{"rendered":"<p><span data-text-color=\"alert\"><strong>Aten\u021bie:<\/strong> <\/span>piuli\u021ba necesar\u0103 pentru fixare trebuie comandat\u0103 separat<\/p>\n<p><strong>Cantitate:<\/strong> 1 buc<\/p>\n<p><strong>Culoare:<\/strong> glassclear<\/p>\n<p><strong>Material:<\/strong> Plastic<\/p>\n<p><strong>Descriere:<\/strong> Acest conector pentru \u021bevi de bazin de 3\/4\" se potrive\u0219te \u00eentr-o gaur\u0103 de 27 mm \u0219i pe o \u021beav\u0103 cu diametrul exterior de 20 mm.<\/p>","protected":false},"excerpt":{"rendered":"<p>Aten\u021bie: piuli\u021ba necesar\u0103 pentru fixare trebuie comandat\u0103 separat Cantitate: 1 bucat\u0103 Culoare: transparent Material: sticl\u0103: Plastic Descriere: Material: plastic: Acest conector de \u021beav\u0103 de bazin 1 1\/2\" se potrive\u0219te \u00eentr-o gaur\u0103 de 50 mm \u0219i pe o \u021beav\u0103 cu diametrul exterior de 50 mm.<\/p>","protected":false},"featured_media":7511,"comment_status":"open","ping_status":"closed","template":"","meta":{"_acf_changed":false,"content-type":"","_monsterinsights_skip_tracking":false,"_monsterinsights_sitenote_active":false,"_monsterinsights_sitenote_note":"","_monsterinsights_sitenote_category":0},"product_brand":[],"product_cat":[257,345,119,121],"product_tag":[],"class_list":{"0":"post-7496","1":"product","2":"type-product","3":"status-publish","4":"has-post-thumbnail","6":"product_cat-new-innovatve-products","7":"product_cat-pipe-connectors","8":"product_cat-formicarium-components","9":"product_cat-connectors","11":"first","12":"instock","13":"taxable","14":"shipping-taxable","15":"purchasable","16":"product-type-simple"},"acf":[],"aioseo_notices":[],"jetpack_sharing_enabled":true,"_links":{"self":[{"href":"https:\/\/antcube.shop\/ro\/wp-json\/wp\/v2\/product\/7496","targetHints":{"allow":["GET"]}}],"collection":[{"href":"https:\/\/antcube.shop\/ro\/wp-json\/wp\/v2\/product"}],"about":[{"href":"https:\/\/antcube.shop\/ro\/wp-json\/wp\/v2\/types\/product"}],"replies":[{"embeddable":true,"href":"https:\/\/antcube.shop\/ro\/wp-json\/wp\/v2\/comments?post=7496"}],"wp:featuredmedia":[{"embeddable":true,"href":"https:\/\/antcube.shop\/ro\/wp-json\/wp\/v2\/media\/7511"}],"wp:attachment":[{"href":"https:\/\/antcube.shop\/ro\/wp-json\/wp\/v2\/media?parent=7496"}],"wp:term":[{"taxonomy":"product_brand","embeddable":true,"href":"https:\/\/antcube.shop\/ro\/wp-json\/wp\/v2\/product_brand?post=7496"},{"taxonomy":"product_cat","embeddable":true,"href":"https:\/\/antcube.shop\/ro\/wp-json\/wp\/v2\/product_cat?post=7496"},{"taxonomy":"product_tag","embeddable":true,"href":"https:\/\/antcube.shop\/ro\/wp-json\/wp\/v2\/product_tag?post=7496"}],"curies":[{"name":"wp","href":"https:\/\/api.w.org\/{rel}","templated":true}]}}