{"id":6739,"date":"2023-12-12T15:09:04","date_gmt":"2023-12-12T14:09:04","guid":{"rendered":"https:\/\/antcube.shop\/product\/ameisenarena-abdeckung-60x30\/"},"modified":"2026-04-04T06:34:10","modified_gmt":"2026-04-04T04:34:10","slug":"acoperirea-arenei-pentru-furnici-60x30","status":"publish","type":"product","link":"https:\/\/antcube.shop\/ro\/produs\/acoperirea-arenei-pentru-furnici-60x30\/","title":{"rendered":"Arena pentru furnici care acoper\u0103 60\u00d730"},"content":{"rendered":"<p><strong>Dimensiuni (LxLxA):<\/strong> 60x30x0,4 cm<\/p>\n<p><strong>Material:<\/strong> Sticl\u0103 flotant\u0103<\/p>\n<p><strong>Culoare:<\/strong> clar \/ transparent<\/p>\n<p><strong>Con\u021binut:<\/strong><br \/>\n1x Capacul arenei pentru furnici<br \/>\n1x puncte de fixare 4 buc.<\/p>\n<p><strong>Descriere:<\/strong><br \/>\nAcoperi\u0219 de sticl\u0103 pentru arena pentru furnici ca protec\u021bie \u00eempotriva evad\u0103rii<\/p>\n<p><strong>Cum se utilizeaz\u0103:<\/strong><br \/>\nAcoperi\u0219ul pentru furnici, realizat din sticl\u0103, poate fi plasat pe un mu\u0219uroi de furnici ca protec\u021bie \u00eempotriva evad\u0103rii \u0219i pentru a regla climatul.<br \/>\n\u00cen deschiderile de 50 mm pot fi introduse diverse module pentru controlul climei, de exemplu, grile de ventila\u021bie, iluminat sau umidificare.<br \/>\nPentru a \u00eempiedica furnicile s\u0103 scape prin deschideri, trebuie aplicat\u0103 o protec\u021bie \u00eempotriva evad\u0103rii (ulei, pudr\u0103 sau lac) pe partea inferioar\u0103, \u00een jurul g\u0103urilor.<\/p>\n<p><strong>Not\u0103:<\/strong><br \/>\nDeoarece articolul este fabricat din sticl\u0103 \u0219i, prin urmare, este fragil, trebuie manevrat cu mare aten\u021bie.<\/p>","protected":false},"excerpt":{"rendered":"<p>Acoperi\u0219 de sticl\u0103 pentru arena pentru furnici ca protec\u021bie \u00eempotriva evad\u0103rii<\/p>","protected":false},"featured_media":6730,"comment_status":"open","ping_status":"closed","template":"","meta":{"_acf_changed":false,"content-type":"","_monsterinsights_skip_tracking":false,"_monsterinsights_sitenote_active":false,"_monsterinsights_sitenote_note":"","_monsterinsights_sitenote_category":0},"product_brand":[],"product_cat":[91,92],"product_tag":[],"class_list":{"0":"post-6739","1":"product","2":"type-product","3":"status-publish","4":"has-post-thumbnail","6":"product_cat-formicarium-modules","7":"product_cat-arena-cover","9":"first","10":"instock","11":"taxable","12":"shipping-taxable","13":"purchasable","14":"product-type-simple"},"acf":[],"aioseo_notices":[],"jetpack_sharing_enabled":true,"_links":{"self":[{"href":"https:\/\/antcube.shop\/ro\/wp-json\/wp\/v2\/product\/6739","targetHints":{"allow":["GET"]}}],"collection":[{"href":"https:\/\/antcube.shop\/ro\/wp-json\/wp\/v2\/product"}],"about":[{"href":"https:\/\/antcube.shop\/ro\/wp-json\/wp\/v2\/types\/product"}],"replies":[{"embeddable":true,"href":"https:\/\/antcube.shop\/ro\/wp-json\/wp\/v2\/comments?post=6739"}],"wp:featuredmedia":[{"embeddable":true,"href":"https:\/\/antcube.shop\/ro\/wp-json\/wp\/v2\/media\/6730"}],"wp:attachment":[{"href":"https:\/\/antcube.shop\/ro\/wp-json\/wp\/v2\/media?parent=6739"}],"wp:term":[{"taxonomy":"product_brand","embeddable":true,"href":"https:\/\/antcube.shop\/ro\/wp-json\/wp\/v2\/product_brand?post=6739"},{"taxonomy":"product_cat","embeddable":true,"href":"https:\/\/antcube.shop\/ro\/wp-json\/wp\/v2\/product_cat?post=6739"},{"taxonomy":"product_tag","embeddable":true,"href":"https:\/\/antcube.shop\/ro\/wp-json\/wp\/v2\/product_tag?post=6739"}],"curies":[{"name":"wp","href":"https:\/\/api.w.org\/{rel}","templated":true}]}}