{"id":6737,"date":"2023-12-12T15:03:25","date_gmt":"2023-12-12T14:03:25","guid":{"rendered":"https:\/\/antcube.shop\/product\/antcube-starter-set-fur-weberameisen-gros\/"},"modified":"2026-04-15T13:37:57","modified_gmt":"2026-04-15T11:37:57","slug":"set-de-pornire-pentru-furnici-tesatoare-mari","status":"publish","type":"product","link":"https:\/\/antcube.shop\/ro\/produs\/set-de-pornire-pentru-furnici-tesatoare-mari\/","title":{"rendered":"ANTCUBE - Set de pornire pentru furnici \u021bes\u0103toare - mare"},"content":{"rendered":"<p><span data-text-color=\"alert\"><strong>Transportul este posibil numai prin expediere pe palet\u0103.<\/strong><\/span><\/p>\n<p><strong>Cuprins:<\/strong><br \/>\n1x ANTCUBE Arena 30x30x60 cu u\u0219\u0103 glisant\u0103<br \/>\n1x cadru pentru arena de furnici 30\u00d730<br \/>\n1x capacul arenei pentru furnici 30\u00d730<br \/>\n1x punct de fixare pentru capacul arenei (4 buc.)<\/p>\n<p>1x cadru pentru u\u0219a glisant\u0103<br \/>\n1x Sticl\u0103 de pulverizare pulverizator 0,5 litri - duz\u0103 din alam\u0103<br \/>\n1x Perete spate foto - rainforest - 30\u00d760 - mare<br \/>\n1x Formicarium baz\u0103 30\u00d730 cm<br \/>\n1x substrat rainforest 1 kg<\/p>\n<p>7x Grid insert acrylic &#8211; 50 mm with sealing ring<br \/>\n1x drinking clear 5ml &#8211; sponge<br \/>\n1x Feeding dish white rectangle &#8211; 3 compartments<br \/>\n1x Drinking trough 2ml &#8211; 360 Degrees<br \/>\n1x penset\u0103 din o\u021bel cu arc, larg\u0103 - moale<br \/>\n1x Penset\u0103 de plastic standard<br \/>\n1x Ulei de protec\u021bie \u00eempotriva focarelor de furnici<br \/>\n1x lup\u0103 de m\u00e2n\u0103 - 2x - 30mm<br \/>\n1x \u0219terg\u0103tor de spum\u0103 150x18x2,5mm<\/p>\n<p><strong>Can be ordered with shipping by forwarding agent on pallet in our second store ANTCUBE:<\/strong><\/p>\n<blockquote class=\"wp-embedded-content\" data-secret=\"ej6pTCxvgs\"><p><a href=\"https:\/\/antcube.shop\/product\/starter-set-for-weaver-ants-large\/\">ANTCUBE - Set de pornire pentru furnici \u021bes\u0103toare - mare<\/a><\/p><\/blockquote>\n<p><iframe loading=\"lazy\" class=\"wp-embedded-content\" sandbox=\"allow-scripts\" security=\"restricted\" style=\"position: absolute; visibility: hidden;\" title=\"&#8222;ANTCUBE &#8211; Starter set for weaver ants &#8211; large&#8220; &#8211; ANTCUBE\" src=\"https:\/\/antcube.shop\/product\/starter-set-for-weaver-ants-large\/embed\/#?secret=8EE7Sy4tG2#?secret=ej6pTCxvgs\" data-secret=\"ej6pTCxvgs\" width=\"600\" height=\"338\" frameborder=\"0\" marginwidth=\"0\" marginheight=\"0\" scrolling=\"no\"><\/iframe><\/p>\n<p><strong>Descriere:<\/strong><br \/>\nAcest set de pornire extensibil, special pentru diferite specii de furnici \u021bes\u0103toare, cum ar fi Polyrhachis spec. sau Oecophylla spec. include nu numai formicarul optim adaptat, ci \u0219i accesoriile adecvate pentru cre\u0219terea acestei specii de furnici.<\/p>\n<p>The sliding door in the front (opening 150x200mm) facilitates the work in the formicarium, even with large colonies or planting of the formicarium with a host plant for example Oecophylla smaragdina. Additional formicariums can be connected via the two 50mm holes on the side. The stainless steel grid inserts provide good ventilation and are robust against mechanical impact. If necessary, the humidity can be increased with the spray bottle. The drinker clear 5ml &#8211; sponge is intended for the supply of fresh water, the drinker 2ml &#8211; 360 degrees for honey or sugar solution.<\/p>\n<p><strong>Important: <\/strong>V\u0103 rug\u0103m s\u0103 umezi\u021bi substratul \u00eenainte de utilizare, astfel \u00eenc\u00e2t amestecul s\u0103 se combine \u0219i s\u0103 se fixeze bine \u00een furnicar. \u00cen plus, un substrat prea uscat \u0219i pr\u0103fuit poate duce la blocarea tractului respirator al furnicilor \u0219i, \u00een cel mai r\u0103u caz, la sufocarea animalelor.<\/p>\n<p><strong>Not\u0103 important\u0103 cu privire la cadrul u\u0219ii glisante:<\/strong><br \/>\nCadrul poate fi ata\u0219at cu u\u0219urin\u021b\u0103 la \u0219uruburile fixate pe \u0219inele u\u0219ii glisante. Pentru a face acest lucru, sl\u0103bi\u021bi cu grij\u0103 <strong>doar<\/strong> piuli\u021bele din interior. Este necesar\u0103 o \u0219urubelni\u021b\u0103 Phillips mic\u0103 (\u0219urubelni\u021b\u0103 cu cap \u00een cruce). Monta\u021bi cadrul \u0219i at\u00e2rna\u021bi-l \u00een interior pe \u0219uruburi. Apoi, refixa\u021bi cu grij\u0103 piuli\u021bele \u0219i <strong>under no circumstances turn too tightly<\/strong>, otherwise the glass may be damaged.<\/p>\n<p><u><strong>Note privind produc\u021bia<\/strong><\/u><br \/>\nSticla este t\u0103iat\u0103 \u00een conformitate cu DIN 1249 cu o toleran\u021b\u0103 de +\/- 1 mm. Pentru speciile de furnici extrem de mici, este necesar\u0103 o protec\u021bie suplimentar\u0103 \u00eempotriva spargerii.<\/p>","protected":false},"excerpt":{"rendered":"<p>The set consists of 22 parts.<br \/>\nDimensiune: <span style=\"color: #ed1c24;\"><strong>XL<\/strong><\/span><\/p>","protected":false},"featured_media":6710,"comment_status":"open","ping_status":"closed","template":"","meta":{"_acf_changed":false,"content-type":"","_monsterinsights_skip_tracking":false,"_monsterinsights_sitenote_active":false,"_monsterinsights_sitenote_note":"","_monsterinsights_sitenote_category":0},"product_brand":[],"product_cat":[354,73],"product_tag":[],"class_list":{"0":"post-6737","1":"product","2":"type-product","3":"status-publish","4":"has-post-thumbnail","6":"product_cat-starter-sets-for-weaver-ants","7":"product_cat-starter-sets","8":"product_shipping_class-forwarding-on-pallet","10":"first","11":"instock","12":"taxable","13":"shipping-taxable","14":"purchasable","15":"product-type-simple"},"acf":[],"aioseo_notices":[],"jetpack_sharing_enabled":true,"_links":{"self":[{"href":"https:\/\/antcube.shop\/ro\/wp-json\/wp\/v2\/product\/6737","targetHints":{"allow":["GET"]}}],"collection":[{"href":"https:\/\/antcube.shop\/ro\/wp-json\/wp\/v2\/product"}],"about":[{"href":"https:\/\/antcube.shop\/ro\/wp-json\/wp\/v2\/types\/product"}],"replies":[{"embeddable":true,"href":"https:\/\/antcube.shop\/ro\/wp-json\/wp\/v2\/comments?post=6737"}],"wp:featuredmedia":[{"embeddable":true,"href":"https:\/\/antcube.shop\/ro\/wp-json\/wp\/v2\/media\/6710"}],"wp:attachment":[{"href":"https:\/\/antcube.shop\/ro\/wp-json\/wp\/v2\/media?parent=6737"}],"wp:term":[{"taxonomy":"product_brand","embeddable":true,"href":"https:\/\/antcube.shop\/ro\/wp-json\/wp\/v2\/product_brand?post=6737"},{"taxonomy":"product_cat","embeddable":true,"href":"https:\/\/antcube.shop\/ro\/wp-json\/wp\/v2\/product_cat?post=6737"},{"taxonomy":"product_tag","embeddable":true,"href":"https:\/\/antcube.shop\/ro\/wp-json\/wp\/v2\/product_tag?post=6737"}],"curies":[{"name":"wp","href":"https:\/\/api.w.org\/{rel}","templated":true}]}}