{"id":6736,"date":"2023-12-12T15:03:19","date_gmt":"2023-12-12T14:03:19","guid":{"rendered":"https:\/\/antcube.shop\/product\/antcube-arena-30x30x60-mit-schiebetur\/"},"modified":"2026-03-17T08:11:00","modified_gmt":"2026-03-17T07:11:00","slug":"antcube-arena-30x30x60-cu-usa-glisanta","status":"publish","type":"product","link":"https:\/\/antcube.shop\/ro\/produs\/antcube-arena-30x30x60-cu-usa-glisanta\/","title":{"rendered":"ANTCUBE Arena 30x30x60 cu u\u0219\u0103 glisant\u0103"},"content":{"rendered":"<p><span data-text-color=\"alert\"><strong>Transportul este posibil numai prin expediere pe palet\u0103.<\/strong><\/span><\/p>\n<p>ANTCUBE Arena 30x30x60 cm cu u\u0219\u0103 glisant\u0103 \u0219i 2 orificii de 50 mm.<\/p>\n<p><strong>Dimensiuni:<\/strong> 300 x 300 x 600 mm; grosimea sticlei este de 4 mm.<br \/>\n<strong>Material:<\/strong> sticl\u0103 float<br \/>\n<strong>Conexiune:<\/strong> 2x gaur\u0103 50 mm<\/p>\n<p><strong>Deschidere frontal\u0103 (u\u0219\u0103 glisant\u0103):<\/strong> 150\u00d7200 mm<\/p>\n<p><strong>Descriere:<\/strong> ANTCUBE Arena 30x30x60 cu u\u0219\u0103 glisant\u0103, este proiectat pentru a func\u021biona confortabil chiar \u0219i \u00een formicariile complete. Sunt deosebit de utile ca formicarium pentru furnicile \u021bes\u0103toare (Polyrhachis \u0219i Oeacophylla), deoarece acestora le place s\u0103 se construiasc\u0103 la \u00een\u0103l\u021bime sau au nevoie de o plant\u0103 gazd\u0103. \u00cen arenele noastre obi\u0219nuite de 30x30x60 poate fi dificil s\u0103 \u00eendep\u0103rta\u021bi, de exemplu, de\u0219eurile animalelor de pe fundul formicariului. \u00cen acest bazin special adaptat, acest lucru nu mai este o problem\u0103. De asemenea, pentru bazinele de hr\u0103nire a furnicilor t\u0103ietori de frunze Acromyrmex sau Atta, u\u0219a glisant\u0103 este foarte practic\u0103, deoarece resturile de plante \u0219i alte de\u0219euri pot fi eliminate \u00een mod confortabil. \u00cen plus, rama u\u0219ii glisante disponibil\u0103 separat (nr. art. 1005648) poate fi utilizat\u0103 pentru a \u00eempiedica animalele s\u0103 scape \u00een timpul lucrului. Pentru deschiderea superioar\u0103 obi\u0219nuit\u0103, cadrul de protec\u021bie \u00eempotriva evad\u0103rii 30\u00d730 \u0219i copertina arenei 30\u00d730 sunt, de asemenea, disponibile separat.<\/p>\n<p><strong>Not\u0103:<\/strong> Sticla este t\u0103iat\u0103 \u00een conformitate cu DIN 1249 cu o toleran\u021b\u0103 de +\/- 1 mm. Pentru speciile de furnici extrem de mici, este esen\u021bial\u0103 o protec\u021bie suplimentar\u0103 \u00eempotriva spargerii.<\/p>","protected":false},"excerpt":{"rendered":"<p><strong>Conexiune:<\/strong> 2x gaur\u0103 50 mm<\/p>","protected":false},"featured_media":6727,"comment_status":"open","ping_status":"closed","template":"","meta":{"_acf_changed":false,"content-type":"","_monsterinsights_skip_tracking":false,"_monsterinsights_sitenote_active":false,"_monsterinsights_sitenote_note":"","_monsterinsights_sitenote_category":0},"product_brand":[],"product_cat":[85,86],"product_tag":[],"class_list":{"0":"post-6736","1":"product","2":"type-product","3":"status-publish","4":"has-post-thumbnail","6":"product_cat-ant-arenas","7":"product_cat-formicariums","8":"product_shipping_class-forwarding-on-pallet","10":"first","11":"instock","12":"taxable","13":"shipping-taxable","14":"purchasable","15":"product-type-simple"},"acf":[],"aioseo_notices":[],"jetpack_sharing_enabled":true,"_links":{"self":[{"href":"https:\/\/antcube.shop\/ro\/wp-json\/wp\/v2\/product\/6736","targetHints":{"allow":["GET"]}}],"collection":[{"href":"https:\/\/antcube.shop\/ro\/wp-json\/wp\/v2\/product"}],"about":[{"href":"https:\/\/antcube.shop\/ro\/wp-json\/wp\/v2\/types\/product"}],"replies":[{"embeddable":true,"href":"https:\/\/antcube.shop\/ro\/wp-json\/wp\/v2\/comments?post=6736"}],"wp:featuredmedia":[{"embeddable":true,"href":"https:\/\/antcube.shop\/ro\/wp-json\/wp\/v2\/media\/6727"}],"wp:attachment":[{"href":"https:\/\/antcube.shop\/ro\/wp-json\/wp\/v2\/media?parent=6736"}],"wp:term":[{"taxonomy":"product_brand","embeddable":true,"href":"https:\/\/antcube.shop\/ro\/wp-json\/wp\/v2\/product_brand?post=6736"},{"taxonomy":"product_cat","embeddable":true,"href":"https:\/\/antcube.shop\/ro\/wp-json\/wp\/v2\/product_cat?post=6736"},{"taxonomy":"product_tag","embeddable":true,"href":"https:\/\/antcube.shop\/ro\/wp-json\/wp\/v2\/product_tag?post=6736"}],"curies":[{"name":"wp","href":"https:\/\/api.w.org\/{rel}","templated":true}]}}