{"id":6668,"date":"2023-12-05T14:03:20","date_gmt":"2023-12-05T13:03:20","guid":{"rendered":"https:\/\/antcube.shop\/product\/arena-hochstand-20x20cm\/"},"modified":"2026-03-31T09:51:32","modified_gmt":"2026-03-31T07:51:32","slug":"arena-stand-inalt-20x20cm","status":"publish","type":"product","link":"https:\/\/antcube.shop\/ro\/produs\/arena-stand-inalt-20x20cm\/","title":{"rendered":"Arena stand \u00eenalt 20x20cm"},"content":{"rendered":"<div class=\"tab-body active\">\n<p><strong>Dimensiuni:<\/strong> 20x20x10<\/p>\n<p><strong>Material: <\/strong>PMMA<\/p>\n<p><strong>Culoare: <\/strong>limpede ca cristalul, translucid, transparent<\/p>\n<p><strong>Cuprins:<\/strong><br \/>\n4x baz\u0103 de stand \u00eenalt<br \/>\n2x fa\u021b\u0103 \u0219i spate cu logo<br \/>\n2x partea lateral\u0103 f\u0103r\u0103 logo<\/p>\n<p><strong>Not\u0103:<\/strong> Piesele sunt furnizate sub form\u0103 de kit sau de sistem plug-in. Nu este necesar\u0103 nicio lipire.<\/p>\n<p><span data-text-color=\"alert\"><strong>ATEN\u021aIE:<\/strong><\/span> V\u0103 rug\u0103m s\u0103 asambla\u021bi piesele cu aten\u021bie, deoarece unele dintre conexiuni sunt sensibile.<\/p>\n<p><strong>Descriere:<\/strong> Suportul \u00eenalt pentru furnicari a fost dezvoltat pentru a permite plasarea furnicarilor ANTCUBE la o \u00een\u0103l\u021bime care s\u0103 corespund\u0103 \u00een\u0103l\u021bimii de conectare a furnicarilor. Acest lucru face posibil\u0103 utilizarea unui formicarium \u00eentr-un mod mult mai pu\u021bin spa\u021bios, cu o bucat\u0103 mai scurt\u0103 de tubulatur\u0103 ca \u0219i conexiune \u00eentre furnicar \u0219i arena pentru furnici. De asemenea, face posibil\u0103 utilizarea tuburilor noastre acrilice cristaline pentru furnici ca o conexiune f\u0103r\u0103 a fi nevoie s\u0103 lucra\u021bi cu coturi.<\/p>\n<p><strong>Cerere:<\/strong> pentru arena de furnici cu <strong>suprafa\u021ba podelei 20x20cm<\/strong><\/p>\n<\/div>","protected":false},"excerpt":{"rendered":"<p>Pentru o aren\u0103 pentru furnici cu o suprafa\u021b\u0103 de 20x20cm<\/p>","protected":false},"featured_media":6586,"comment_status":"open","ping_status":"closed","template":"","meta":{"_acf_changed":false,"content-type":"","_monsterinsights_skip_tracking":false,"_monsterinsights_sitenote_active":false,"_monsterinsights_sitenote_note":"","_monsterinsights_sitenote_category":0},"product_brand":[],"product_cat":[119,239],"product_tag":[],"class_list":{"0":"post-6668","1":"product","2":"type-product","3":"status-publish","4":"has-post-thumbnail","6":"product_cat-formicarium-components","7":"product_cat-useful-additions","9":"first","10":"instock","11":"taxable","12":"shipping-taxable","13":"purchasable","14":"product-type-simple"},"acf":[],"aioseo_notices":[],"jetpack_sharing_enabled":true,"_links":{"self":[{"href":"https:\/\/antcube.shop\/ro\/wp-json\/wp\/v2\/product\/6668","targetHints":{"allow":["GET"]}}],"collection":[{"href":"https:\/\/antcube.shop\/ro\/wp-json\/wp\/v2\/product"}],"about":[{"href":"https:\/\/antcube.shop\/ro\/wp-json\/wp\/v2\/types\/product"}],"replies":[{"embeddable":true,"href":"https:\/\/antcube.shop\/ro\/wp-json\/wp\/v2\/comments?post=6668"}],"wp:featuredmedia":[{"embeddable":true,"href":"https:\/\/antcube.shop\/ro\/wp-json\/wp\/v2\/media\/6586"}],"wp:attachment":[{"href":"https:\/\/antcube.shop\/ro\/wp-json\/wp\/v2\/media?parent=6668"}],"wp:term":[{"taxonomy":"product_brand","embeddable":true,"href":"https:\/\/antcube.shop\/ro\/wp-json\/wp\/v2\/product_brand?post=6668"},{"taxonomy":"product_cat","embeddable":true,"href":"https:\/\/antcube.shop\/ro\/wp-json\/wp\/v2\/product_cat?post=6668"},{"taxonomy":"product_tag","embeddable":true,"href":"https:\/\/antcube.shop\/ro\/wp-json\/wp\/v2\/product_tag?post=6668"}],"curies":[{"name":"wp","href":"https:\/\/api.w.org\/{rel}","templated":true}]}}