{"id":6631,"date":"2023-12-04T15:12:05","date_gmt":"2023-12-04T14:12:05","guid":{"rendered":"https:\/\/antcube.shop\/product\/klebeklammern-transparent-2-stk\/"},"modified":"2026-04-16T09:54:58","modified_gmt":"2026-04-16T07:54:58","slug":"cleme-adezive-transparente-2-buc-2","status":"publish","type":"product","link":"https:\/\/antcube.shop\/ro\/produs\/cleme-adezive-transparente-2-buc-2\/","title":{"rendered":"Cleme adezive - transparente 2 buc."},"content":{"rendered":"<p><strong>Dimensiuni:<\/strong> 24 x 13 mm<br \/>\n<strong>Material:<\/strong> Acrilic<br \/>\n<strong>Cantitate:<\/strong> 2 buc\u0103\u021bi<\/p>\n<p><strong>Descriere:<\/strong> Cleme din plastic transparent cu suprafa\u021b\u0103 adeziv\u0103. Perfecte pentru fixarea foliilor noastre ro\u0219ii \u0219i a covora\u0219elor de \u00eenc\u0103lzire \u00een fa\u021ba sau \u00een spatele cresc\u0103toriilor noastre de furnici. Astfel, covora\u0219ele de \u00eenc\u0103lzire nu trebuie s\u0103 fie lipite ferm de partea din spate a furnicarului \u0219i pot fi ata\u0219ate dup\u0103 cum este necesar. Datorit\u0103 materialului transparent, optica nu este deranjat\u0103.<\/p>\n<p><strong>Culoare:<\/strong> transparent<\/p>","protected":false},"excerpt":{"rendered":"<p>Dimensiuni: 24 x 13 mm Material: Acrilic Cantitate: 2 buc\u0103\u021bi Descriere: 2 buc\u0103\u021bi: Clips din plastic transparent cu suprafa\u021b\u0103 adeziv\u0103. Perfecte pentru fixarea foliilor noastre ro\u0219ii \u0219i a covora\u0219elor de \u00eenc\u0103lzire \u00een fa\u021ba sau \u00een spatele cresc\u0103toriilor noastre de furnici. Astfel, covora\u0219ele de \u00eenc\u0103lzire nu trebuie s\u0103 fie lipite ferm pe spatele furnicarului \u0219i pot fi","protected":false},"featured_media":6628,"comment_status":"open","ping_status":"closed","template":"","meta":{"_acf_changed":false,"content-type":"","_monsterinsights_skip_tracking":false,"_monsterinsights_sitenote_active":false,"_monsterinsights_sitenote_note":"","_monsterinsights_sitenote_category":0},"product_brand":[],"product_cat":[359,119,239],"product_tag":[],"class_list":{"0":"post-6631","1":"product","2":"type-product","3":"status-publish","4":"has-post-thumbnail","6":"product_cat-light-heat-humidity","7":"product_cat-formicarium-components","8":"product_cat-useful-additions","10":"first","11":"instock","12":"taxable","13":"shipping-taxable","14":"purchasable","15":"product-type-simple"},"acf":[],"aioseo_notices":[],"jetpack_sharing_enabled":true,"_links":{"self":[{"href":"https:\/\/antcube.shop\/ro\/wp-json\/wp\/v2\/product\/6631","targetHints":{"allow":["GET"]}}],"collection":[{"href":"https:\/\/antcube.shop\/ro\/wp-json\/wp\/v2\/product"}],"about":[{"href":"https:\/\/antcube.shop\/ro\/wp-json\/wp\/v2\/types\/product"}],"replies":[{"embeddable":true,"href":"https:\/\/antcube.shop\/ro\/wp-json\/wp\/v2\/comments?post=6631"}],"wp:featuredmedia":[{"embeddable":true,"href":"https:\/\/antcube.shop\/ro\/wp-json\/wp\/v2\/media\/6628"}],"wp:attachment":[{"href":"https:\/\/antcube.shop\/ro\/wp-json\/wp\/v2\/media?parent=6631"}],"wp:term":[{"taxonomy":"product_brand","embeddable":true,"href":"https:\/\/antcube.shop\/ro\/wp-json\/wp\/v2\/product_brand?post=6631"},{"taxonomy":"product_cat","embeddable":true,"href":"https:\/\/antcube.shop\/ro\/wp-json\/wp\/v2\/product_cat?post=6631"},{"taxonomy":"product_tag","embeddable":true,"href":"https:\/\/antcube.shop\/ro\/wp-json\/wp\/v2\/product_tag?post=6631"}],"curies":[{"name":"wp","href":"https:\/\/api.w.org\/{rel}","templated":true}]}}