{"id":6581,"date":"2023-12-04T13:54:37","date_gmt":"2023-12-04T12:54:37","guid":{"rendered":"https:\/\/antcube.shop\/product\/humidity-control-ii-timer\/"},"modified":"2026-04-02T12:12:11","modified_gmt":"2026-04-02T10:12:11","slug":"control-al-umiditatii-ii-timer","status":"publish","type":"product","link":"https:\/\/antcube.shop\/ro\/produs\/control-al-umiditatii-ii-timer\/","title":{"rendered":"Controlul umidit\u0103\u021bii II + temporizator"},"content":{"rendered":"<p><strong>Descriere:<\/strong> Humidity Control 2 este un higrostat digital care nu las\u0103 nimic de dorit, la un pre\u021b f\u0103r\u0103 precedent.<br \/>\nAcesta are dou\u0103 circuite care permit set\u0103ri diferite pentru zi \u0219i noapte. Un ceas \u00een timp real este integrat \u00een dispozitiv, astfel \u00eenc\u00e2t comutarea \u00eentre zi \u0219i noapte se face \u00een mod flexibil prin intermediul orei. De asemenea, este integrat un temporizator, care v\u0103 permite s\u0103 seta\u021bi dou\u0103 ore de pornire\/oprire prin intermediul ceasului. Cea mai mic\u0103 perioad\u0103 de timp este de un minut.<br \/>\nAlte func\u021bii includ o func\u021bie de alarm\u0103 (vizual\u0103 \u0219i sonor\u0103), op\u021biunea de a comuta din modul umidificator \u00een modul dezumidificator, de exemplu, pentru utilizarea cu ventilatoare, \u0219i op\u021biunea de a influen\u021ba modul de comutare a higrostatului. Pute\u021bi defini abaterea la care se comut\u0103 higrostatul. De exemplu, pute\u021bi selecta aici o valoare de 15, adic\u0103 umidificatorul este pornit numai atunci c\u00e2nd umiditatea m\u0103surat\u0103 este cu 15% mai mic\u0103 dec\u00e2t valoarea de referin\u021b\u0103. Acest lucru poate fi util pentru a preveni ca umidificatorul s\u0103 porneasc\u0103 \u0219i s\u0103 se opreasc\u0103 \u00een mod constant, deoarece umiditatea fluctueaz\u0103 \u0219i ea \u00een natur\u0103.<br \/>\nDispozitivele sunt conectate prin intermediul cuplajelor Schuko. Capacitatea maxim\u0103 de comutare este de 1000W. Afi\u0219ajul indic\u0103 \u00een mod constant umiditatea m\u0103surat\u0103. Intervalul este de la 1 la 99%.<\/p>\n<p>- Dou\u0103 circuite pentru set\u0103ri diferite ale umidit\u0103\u021bii pe timp de zi \u0219i de noapte<br \/>\n- Ceas \u00een timp real, orele din zi sunt definite de timp<br \/>\n- Cronometru integrat<br \/>\n- Afi\u0219aj permanent al umidit\u0103\u021bii<br \/>\n- Dispozitivul poate fi comutat \u00eentre umidificare \u0219i dezumidificare<br \/>\n- Func\u021bie de alarm\u0103 \u00een caz de abatere (reglabil\u0103 \u00eentre 1% \u0219i 50% umiditate relativ\u0103)<br \/>\n- Senzor de distan\u021b\u0103 precis\u0103<br \/>\n- Prize cu \u00eemp\u0103m\u00e2ntare<br \/>\n- Capacitate de comutare de max. 1000<\/p>","protected":false},"excerpt":{"rendered":"<p>Descriere: Humidity Control 2 este un higrostat digital care nu las\u0103 nimic de dorit la un pre\u021b f\u0103r\u0103 precedent. Are dou\u0103 circuite care permit set\u0103ri diferite pentru zi \u0219i noapte. Un ceas \u00een timp real este integrat \u00een dispozitiv, astfel \u00eenc\u00e2t comutarea \u00eentre zi \u0219i noapte se face \u00een mod flexibil prin intermediul orei. Un temporizator este","protected":false},"featured_media":6602,"comment_status":"open","ping_status":"closed","template":"","meta":{"_acf_changed":false,"content-type":"","_monsterinsights_skip_tracking":false,"_monsterinsights_sitenote_active":false,"_monsterinsights_sitenote_note":"","_monsterinsights_sitenote_category":0},"product_brand":[],"product_cat":[359,119],"product_tag":[],"class_list":{"0":"post-6581","1":"product","2":"type-product","3":"status-publish","4":"has-post-thumbnail","6":"product_cat-light-heat-humidity","7":"product_cat-formicarium-components","9":"first","10":"instock","11":"taxable","12":"shipping-taxable","13":"purchasable","14":"product-type-simple"},"acf":[],"aioseo_notices":[],"jetpack_sharing_enabled":true,"_links":{"self":[{"href":"https:\/\/antcube.shop\/ro\/wp-json\/wp\/v2\/product\/6581","targetHints":{"allow":["GET"]}}],"collection":[{"href":"https:\/\/antcube.shop\/ro\/wp-json\/wp\/v2\/product"}],"about":[{"href":"https:\/\/antcube.shop\/ro\/wp-json\/wp\/v2\/types\/product"}],"replies":[{"embeddable":true,"href":"https:\/\/antcube.shop\/ro\/wp-json\/wp\/v2\/comments?post=6581"}],"wp:featuredmedia":[{"embeddable":true,"href":"https:\/\/antcube.shop\/ro\/wp-json\/wp\/v2\/media\/6602"}],"wp:attachment":[{"href":"https:\/\/antcube.shop\/ro\/wp-json\/wp\/v2\/media?parent=6581"}],"wp:term":[{"taxonomy":"product_brand","embeddable":true,"href":"https:\/\/antcube.shop\/ro\/wp-json\/wp\/v2\/product_brand?post=6581"},{"taxonomy":"product_cat","embeddable":true,"href":"https:\/\/antcube.shop\/ro\/wp-json\/wp\/v2\/product_cat?post=6581"},{"taxonomy":"product_tag","embeddable":true,"href":"https:\/\/antcube.shop\/ro\/wp-json\/wp\/v2\/product_tag?post=6581"}],"curies":[{"name":"wp","href":"https:\/\/api.w.org\/{rel}","templated":true}]}}