{"id":6580,"date":"2023-12-04T13:54:31","date_gmt":"2023-12-04T12:54:31","guid":{"rendered":"https:\/\/antcube.shop\/product\/thermo-control-pro-ii\/"},"modified":"2026-04-13T17:30:22","modified_gmt":"2026-04-13T15:30:22","slug":"termo-control-pro-ii","status":"publish","type":"product","link":"https:\/\/antcube.shop\/ro\/produs\/termo-control-pro-ii\/","title":{"rendered":"Thermo Control Pro II"},"content":{"rendered":"<p><strong>Descriere:<\/strong> Thermo Control PRO II este o dezvoltare ulterioar\u0103 a Thermo Control II. Principalele diferen\u021be sunt un ceas \u00een timp real \u0219i dou\u0103 circuite de temperatur\u0103, astfel \u00eenc\u00e2t pot fi setate temperaturi diferite pentru zi \u0219i pentru noapte. Comutarea \u00eentre func\u021bionarea de zi\/noapte este controlat\u0103 de timp.<br \/>\nSpre deosebire de Thermo Control II, timpul poate fi setat \u00een unit\u0103\u021bi de minute pentru temporizatorul acestui model. Exist\u0103 dou\u0103 timpi posibili de pornire\/oprire.<br \/>\n\u00cen plus, dispozitivul poate fi comutat \u00eentre modul de \u00eenc\u0103lzire \u0219i cel de r\u0103cire, de exemplu, pentru func\u021bionarea ventilatoarelor. Atunci c\u00e2nd se atinge temperatura setat\u0103, termostatul se porne\u0219te \u00een loc s\u0103 se opreasc\u0103.<br \/>\nCapacitatea maxim\u0103 de comutare este de 1000W. Intervalul de temperatur\u0103 de la 0-50\u00b0C.<\/p>\n<p>- Dou\u0103 circuite de comutare pentru diferite set\u0103ri de zi \u0219i de noapte<br \/>\n- Ceas \u00een timp real, orele din zi sunt definite de timp<br \/>\n- Cronometru integrat<br \/>\n- Afi\u0219aj permanent al temperaturii<br \/>\n- Comutabil \u00eentre modul de \u00eenc\u0103lzire \u0219i r\u0103cire<br \/>\n- Func\u021bie de alarm\u0103 \u00een caz de abatere (reglabil\u0103 \u00eentre 1\u00b0C \u0219i 15\u00b0C)<br \/>\n- Senzor de la distan\u021b\u0103 de 2 m lungime, potrivit \u0219i pentru acvarii<br \/>\n- Prize cu \u00eemp\u0103m\u00e2ntare<br \/>\n- Capacitate de comutare de max. 1000 de wa\u021bi<\/p>\n<p>- Recomandat pentru utilizarea cu covora\u0219e de \u00eenc\u0103lzire, cabluri de \u00eenc\u0103lzire, pietre de \u00eenc\u0103lzire \u0219i \u00eenc\u0103lzitoare radiante ceramice pentru a preveni supra\u00eenc\u0103lzirea \u00een terariu.<\/p>\n<p><strong>Link:<\/strong> http:\/\/www.antstore.net\/viewtopic.php?f=18&amp;p=108893<\/p>","protected":false},"excerpt":{"rendered":"<p>Descriere: Thermo Control PRO II este o dezvoltare ulterioar\u0103 a Thermo Control II. Principalele diferen\u021be sunt un ceas \u00een timp real \u0219i dou\u0103 circuite de temperatur\u0103, astfel \u00eenc\u00e2t pot fi setate temperaturi diferite pentru zi \u0219i pentru noapte. Comutarea \u00eentre func\u021bionarea de zi\/noapte este controlat\u0103 de timp. Spre deosebire de Thermo Control II, ora poate fi setat\u0103","protected":false},"featured_media":6600,"comment_status":"open","ping_status":"closed","template":"","meta":{"_acf_changed":false,"content-type":"","_monsterinsights_skip_tracking":false,"_monsterinsights_sitenote_active":false,"_monsterinsights_sitenote_note":"","_monsterinsights_sitenote_category":0},"product_brand":[],"product_cat":[359,119],"product_tag":[],"class_list":{"0":"post-6580","1":"product","2":"type-product","3":"status-publish","4":"has-post-thumbnail","6":"product_cat-light-heat-humidity","7":"product_cat-formicarium-components","9":"first","10":"instock","11":"taxable","12":"shipping-taxable","13":"purchasable","14":"product-type-simple"},"acf":[],"aioseo_notices":[],"jetpack_sharing_enabled":true,"_links":{"self":[{"href":"https:\/\/antcube.shop\/ro\/wp-json\/wp\/v2\/product\/6580","targetHints":{"allow":["GET"]}}],"collection":[{"href":"https:\/\/antcube.shop\/ro\/wp-json\/wp\/v2\/product"}],"about":[{"href":"https:\/\/antcube.shop\/ro\/wp-json\/wp\/v2\/types\/product"}],"replies":[{"embeddable":true,"href":"https:\/\/antcube.shop\/ro\/wp-json\/wp\/v2\/comments?post=6580"}],"wp:featuredmedia":[{"embeddable":true,"href":"https:\/\/antcube.shop\/ro\/wp-json\/wp\/v2\/media\/6600"}],"wp:attachment":[{"href":"https:\/\/antcube.shop\/ro\/wp-json\/wp\/v2\/media?parent=6580"}],"wp:term":[{"taxonomy":"product_brand","embeddable":true,"href":"https:\/\/antcube.shop\/ro\/wp-json\/wp\/v2\/product_brand?post=6580"},{"taxonomy":"product_cat","embeddable":true,"href":"https:\/\/antcube.shop\/ro\/wp-json\/wp\/v2\/product_cat?post=6580"},{"taxonomy":"product_tag","embeddable":true,"href":"https:\/\/antcube.shop\/ro\/wp-json\/wp\/v2\/product_tag?post=6580"}],"curies":[{"name":"wp","href":"https:\/\/api.w.org\/{rel}","templated":true}]}}