{"id":6579,"date":"2023-12-04T13:54:25","date_gmt":"2023-12-04T12:54:25","guid":{"rendered":"https:\/\/antcube.shop\/product\/thermo-control-ii-timer\/"},"modified":"2026-04-09T15:04:50","modified_gmt":"2026-04-09T13:04:50","slug":"temporizator-termo-control-ii","status":"publish","type":"product","link":"https:\/\/antcube.shop\/ro\/produs\/temporizator-termo-control-ii\/","title":{"rendered":"Thermo Control II + Timer"},"content":{"rendered":"<p><strong>Descriere:<\/strong> \u00cen cazul succesorului popularelor termostate Thermo Control, doar pre\u021bul aminte\u0219te de un model entry-level.<br \/>\nThermo Control 2 este un termostat digital cu un interval de temperatur\u0103 de 0-50\u00b0C. Func\u021bioneaz\u0103 \u0219i ca termometru datorit\u0103 afi\u0219ajului cu temperatur\u0103 constant\u0103.<br \/>\n\u00cenc\u0103lzitoarele cu o putere total\u0103 maxim\u0103 de 1200 W pot fi conectate prin intermediul unui cuplaj Schuko. Un alt cuplaj Schuko este controlat prin intermediul unei func\u021bii de temporizare integrate, care poate fi utilizat\u0103 pentru a seta orele de func\u021bionare pentru iluminat sau ventilatoare, de exemplu. Senzorul este potrivit pentru m\u0103sur\u0103tori \u00een aer \u0219i ap\u0103 \u0219i este conectat la termostat printr-un cablu, la fel ca \u0219i cuplul \u0219i unitatea de alimentare.<br \/>\n\u00cen plus, Thermo Control 2 dispune de o func\u021bie de alarm\u0103 care emite un avertisment vizual \u0219i acustic \u00een cazul \u00een care temperatura dep\u0103\u0219e\u0219te sau scade sub temperatura dorit\u0103 (valorile pot fi setate \u00eentre 1\u00b0C \u0219i 5\u00b0C).<br \/>\nUn dispozitiv care nu ar trebui s\u0103 lipseasc\u0103 din niciun terariu!<\/p>\n<p>- Cu temporizator utilizabil separat, de exemplu pentru iluminat sau ventila\u021bie<br \/>\n- Func\u021bie de alarm\u0103 \u00een caz de abatere a temperaturii (reglabil\u0103 \u00eentre 1\u00b0C \u0219i 5\u00b0C)<br \/>\n- Afi\u0219area temperaturii m\u0103surate<br \/>\n- Senzor de la distan\u021b\u0103 de 2 m lungime, potrivit \u0219i pentru acvarii<br \/>\n- Prize cu \u00eemp\u0103m\u00e2ntare<br \/>\n- Capacitate de comutare de 1200 watt<\/p>\n<p>- Recomandat pentru utilizarea cu covora\u0219e de \u00eenc\u0103lzire, cabluri de \u00eenc\u0103lzire, pietre de \u00eenc\u0103lzire \u0219i \u00eenc\u0103lzitoare radiante ceramice pentru a preveni supra\u00eenc\u0103lzirea \u00een terariu.<\/p>\n<p><strong>Link:<\/strong> http:\/\/www.antstore.net\/viewtopic.php?f=18&amp;p=108893<\/p>","protected":false},"excerpt":{"rendered":"<p>Descriere: \u00cen modelul succesor al popularelor termostate Thermo Control, doar pre\u021bul aminte\u0219te de un model entry-level. Thermo Control 2 este un termostat digital cu un interval de temperatur\u0103 de 0-50\u00b0C. Acesta func\u021bioneaz\u0103 \u0219i ca termometru datorit\u0103 afi\u0219ajului de temperatur\u0103 constant\u0103. \u00cenc\u0103lzitoarele cu o putere total\u0103 maxim\u0103 de 1200 W pot","protected":false},"featured_media":6598,"comment_status":"open","ping_status":"closed","template":"","meta":{"_acf_changed":false,"content-type":"","_monsterinsights_skip_tracking":false,"_monsterinsights_sitenote_active":false,"_monsterinsights_sitenote_note":"","_monsterinsights_sitenote_category":0},"product_brand":[],"product_cat":[359,119],"product_tag":[],"class_list":{"0":"post-6579","1":"product","2":"type-product","3":"status-publish","4":"has-post-thumbnail","6":"product_cat-light-heat-humidity","7":"product_cat-formicarium-components","9":"first","10":"instock","11":"taxable","12":"shipping-taxable","13":"purchasable","14":"product-type-simple"},"acf":[],"aioseo_notices":[],"jetpack_sharing_enabled":true,"_links":{"self":[{"href":"https:\/\/antcube.shop\/ro\/wp-json\/wp\/v2\/product\/6579","targetHints":{"allow":["GET"]}}],"collection":[{"href":"https:\/\/antcube.shop\/ro\/wp-json\/wp\/v2\/product"}],"about":[{"href":"https:\/\/antcube.shop\/ro\/wp-json\/wp\/v2\/types\/product"}],"replies":[{"embeddable":true,"href":"https:\/\/antcube.shop\/ro\/wp-json\/wp\/v2\/comments?post=6579"}],"wp:featuredmedia":[{"embeddable":true,"href":"https:\/\/antcube.shop\/ro\/wp-json\/wp\/v2\/media\/6598"}],"wp:attachment":[{"href":"https:\/\/antcube.shop\/ro\/wp-json\/wp\/v2\/media?parent=6579"}],"wp:term":[{"taxonomy":"product_brand","embeddable":true,"href":"https:\/\/antcube.shop\/ro\/wp-json\/wp\/v2\/product_brand?post=6579"},{"taxonomy":"product_cat","embeddable":true,"href":"https:\/\/antcube.shop\/ro\/wp-json\/wp\/v2\/product_cat?post=6579"},{"taxonomy":"product_tag","embeddable":true,"href":"https:\/\/antcube.shop\/ro\/wp-json\/wp\/v2\/product_tag?post=6579"}],"curies":[{"name":"wp","href":"https:\/\/api.w.org\/{rel}","templated":true}]}}