{"id":6578,"date":"2023-12-04T13:54:19","date_gmt":"2023-12-04T12:54:19","guid":{"rendered":"https:\/\/antcube.shop\/product\/mini-thermo-hygrometer-digital-weis-selbstklebend\/"},"modified":"2026-04-13T09:29:59","modified_gmt":"2026-04-13T07:29:59","slug":"mini-termo-higrometru-digital-digital-alb-autoadeziv","status":"publish","type":"product","link":"https:\/\/antcube.shop\/ro\/produs\/mini-termo-higrometru-digital-digital-alb-autoadeziv\/","title":{"rendered":"Mini termo-higrometru digital - alb - autoadeziv"},"content":{"rendered":"<p><strong>Domeniul de m\u0103surare:<\/strong> -10 p\u00e2n\u0103 la +60\u00b0C \/ 10% p\u00e2n\u0103 la 99%<\/p>\n<p><strong>Dimensiuni:<\/strong> 52 x39x15 mm<\/p>\n<p><strong>Descriere:<\/strong><br \/>\nCu func\u021bie max\/mini, cu suport, inclusiv baterie LR 44 cu buton.<\/p>\n<p><strong>Not\u0103:<\/strong><br \/>\nPentru a ob\u021bine un rezultat de m\u0103surare c\u00e2t mai precis posibil, este important ca fantele de ventila\u021bie din spate s\u0103 nu fie blocate de montaj!<br \/>\nAtunci c\u00e2nd se fixeaz\u0103 dispozitivul, asigura\u021bi-v\u0103 c\u0103 animalele nu pot ajunge la dispozitiv sau la dispozitivul de fixare adeziv\u0103 prin intermediul unei protec\u021bii de evacuare corespunz\u0103toare.<br \/>\nCu toate acestea, dac\u0103 exist\u0103 riscul ca acest lucru s\u0103 se \u00eent\u00e2mple, pentru fixare ar trebui s\u0103 se utilizeze pl\u0103cu\u021bele noastre adezive transparente (nr. de articol 1002314).<\/p>\n<p><strong>WEEE Reg.:<\/strong> DE 78184127<\/p>\n<p><strong>Pentru eliminare, consulta\u021bi reglement\u0103rile privind bateriile:<\/strong><\/p>\n<p><a href=\"https:\/\/www.antstore.net\/shop\/de\/info\/Batterieverordnung.html\" target=\"_blank\" rel=\"noopener\">https:\/\/www.antstore.net\/shop\/de\/info\/Batterieverordnung.html<\/a><\/p>","protected":false},"excerpt":{"rendered":"<p>Domeniu de m\u0103surare: de la -10 la +60\u00b0C \/ de la 10 la 99% , Dimensiuni: 52 x 39 x 15 mm<\/p>","protected":false},"featured_media":6620,"comment_status":"open","ping_status":"closed","template":"","meta":{"_acf_changed":false,"content-type":"","_monsterinsights_skip_tracking":false,"_monsterinsights_sitenote_active":false,"_monsterinsights_sitenote_note":"","_monsterinsights_sitenote_category":0},"product_brand":[],"product_cat":[359,119,239],"product_tag":[],"class_list":{"0":"post-6578","1":"product","2":"type-product","3":"status-publish","4":"has-post-thumbnail","6":"product_cat-light-heat-humidity","7":"product_cat-formicarium-components","8":"product_cat-useful-additions","10":"first","11":"instock","12":"taxable","13":"shipping-taxable","14":"purchasable","15":"product-type-simple"},"acf":[],"aioseo_notices":[],"jetpack_sharing_enabled":true,"_links":{"self":[{"href":"https:\/\/antcube.shop\/ro\/wp-json\/wp\/v2\/product\/6578","targetHints":{"allow":["GET"]}}],"collection":[{"href":"https:\/\/antcube.shop\/ro\/wp-json\/wp\/v2\/product"}],"about":[{"href":"https:\/\/antcube.shop\/ro\/wp-json\/wp\/v2\/types\/product"}],"replies":[{"embeddable":true,"href":"https:\/\/antcube.shop\/ro\/wp-json\/wp\/v2\/comments?post=6578"}],"wp:featuredmedia":[{"embeddable":true,"href":"https:\/\/antcube.shop\/ro\/wp-json\/wp\/v2\/media\/6620"}],"wp:attachment":[{"href":"https:\/\/antcube.shop\/ro\/wp-json\/wp\/v2\/media?parent=6578"}],"wp:term":[{"taxonomy":"product_brand","embeddable":true,"href":"https:\/\/antcube.shop\/ro\/wp-json\/wp\/v2\/product_brand?post=6578"},{"taxonomy":"product_cat","embeddable":true,"href":"https:\/\/antcube.shop\/ro\/wp-json\/wp\/v2\/product_cat?post=6578"},{"taxonomy":"product_tag","embeddable":true,"href":"https:\/\/antcube.shop\/ro\/wp-json\/wp\/v2\/product_tag?post=6578"}],"curies":[{"name":"wp","href":"https:\/\/api.w.org\/{rel}","templated":true}]}}