{"id":6576,"date":"2023-12-04T13:54:06","date_gmt":"2023-12-04T12:54:06","guid":{"rendered":"https:\/\/antcube.shop\/product\/ameisenarena-nebler-klein\/"},"modified":"2026-04-17T10:11:12","modified_gmt":"2026-04-17T08:11:12","slug":"ant-arena-fogger-mic","status":"publish","type":"product","link":"https:\/\/antcube.shop\/ro\/produs\/ant-arena-fogger-mic\/","title":{"rendered":"Arena pentru furnici - pulverizator - mic"},"content":{"rendered":"<p><strong>Cuprins:<\/strong><br \/>\n- Fogger<br \/>\n- Dop potrivit cu orificiu pentru fixarea furtunului la capacul arenei pentru furnici<br \/>\n- Furtun extensibil<\/p>\n<p><strong>Material:<\/strong> plastic<\/p>\n<p><strong>Culoare:<\/strong> negru\/alb<\/p>\n<p><strong>Specifica\u021bii tehnice:<\/strong><br \/>\nTensiune: 230V<br \/>\nPutere: 15W (30ml\/h)<br \/>\nLungime cablu: 1,40 m<br \/>\nCapacitatea rezervorului de ap\u0103: 360ml<br \/>\nConexiune: \u0218techer Euro<br \/>\nLungimea furtunului: 60 cm -&gt; poate fi prelungit<\/p>\n<p><strong>Descriere:<\/strong><br \/>\nPentru a umidifica o aren\u0103 pentru furnici, acest pulverizator poate fi introdus direct \u00een capacul arenei pentru furnici.<br \/>\nMicul aburitor Ameisenarena este conceput pentru umidificarea terariilor mici. \u00cen acest model, tehnologia a fost simplificat\u0103 foarte mult, ceea ce permite o func\u021bionare mult mai lipsit\u0103 de probleme. Apa este extras\u0103 prin ac\u021biunea capilar\u0103 a unui cartu\u0219 de p\u00e2sl\u0103. Acesta poate fi \u00eenlocuit \u00een c\u00e2\u021biva pa\u0219i simpli, lucru care trebuie f\u0103cut \u00een mod regulat din motive de igien\u0103. Cea\u021ba produs\u0103 este dirijat\u0103 automat prin furtun printr-un design ingenios al duzei, f\u0103r\u0103 a fi nevoie de un ventilator suplimentar. Acest lucru reduce din nou \u00een mod semnificativ susceptibilitatea la erori. Capacitatea de aburire este de aproximativ 30 ml\/h. Rezervorul are o capacitate maxim\u0103 de 360 ml. Super Fog Nano II poate fi controlat prin intermediul unui temporizator sau al unui higrostat. Datorit\u0103 furtunului mobil \u0219i extensibil, Super Fog Nano II poate fi adaptat la orice terariu. O caracteristic\u0103 nou\u0103 este faptul c\u0103 membrana poate fi acum \u00eenlocuit\u0103 de c\u0103tre utilizatorul final \u00een doar c\u00e2\u021biva pa\u0219i simpli. Toate celelalte piese sunt disponibile \u0219i ca piese de schimb, ceea ce face din Super Fog Nano II un dispozitiv durabil.<\/p>\n<p><strong>Hack:<\/strong><br \/>\nDac\u0103 este necesar un furtun mai lung, furtunul nostru de 20\/16 mm (art. 1000107) poate fi ata\u0219at la pulverizator. De asemenea, ve\u021bi avea nevoie de dopuri de formicarium pentru 50 mm cu o gaur\u0103 de 20 mm (art. 1005033 + 20 mm). V\u0103 rug\u0103m s\u0103 re\u021bine\u021bi, totu\u0219i, c\u0103, cu c\u00e2t furtunul este mai lung, cu at\u00e2t mai pu\u021bin\u0103 cea\u021b\u0103 va ajunge \u00een formicarium.<\/p>\n<p>&nbsp;<\/p>","protected":false},"excerpt":{"rendered":"<p>Cuprins: - Suport pentru furtun\u0103 - Fogger - Dop asortat cu orificiu pentru ata\u0219area furtunului la capacul furnicarului - Furtun extensibil Material: plastic Culoare: alb\/negru Specifica\u021bii tehnice: Tensiune: 230V Putere: 15W (30ml\/h) Lungime cablu: 1,40 m Capacitate rezervor ap\u0103: 360ml Conectare: \u0218techer Euro Lungimea furtunului: 60 cm -&gt; poate fi extins Descriere: Pentru umidificarea unei furnici [...]","protected":false},"featured_media":6603,"comment_status":"open","ping_status":"closed","template":"","meta":{"_acf_changed":false,"content-type":"","_monsterinsights_skip_tracking":false,"_monsterinsights_sitenote_active":false,"_monsterinsights_sitenote_note":"","_monsterinsights_sitenote_category":0},"product_brand":[],"product_cat":[359,119],"product_tag":[],"class_list":{"0":"post-6576","1":"product","2":"type-product","3":"status-publish","4":"has-post-thumbnail","6":"product_cat-light-heat-humidity","7":"product_cat-formicarium-components","9":"first","10":"instock","11":"taxable","12":"shipping-taxable","13":"purchasable","14":"product-type-simple"},"acf":[],"aioseo_notices":[],"jetpack_sharing_enabled":true,"_links":{"self":[{"href":"https:\/\/antcube.shop\/ro\/wp-json\/wp\/v2\/product\/6576","targetHints":{"allow":["GET"]}}],"collection":[{"href":"https:\/\/antcube.shop\/ro\/wp-json\/wp\/v2\/product"}],"about":[{"href":"https:\/\/antcube.shop\/ro\/wp-json\/wp\/v2\/types\/product"}],"replies":[{"embeddable":true,"href":"https:\/\/antcube.shop\/ro\/wp-json\/wp\/v2\/comments?post=6576"}],"wp:featuredmedia":[{"embeddable":true,"href":"https:\/\/antcube.shop\/ro\/wp-json\/wp\/v2\/media\/6603"}],"wp:attachment":[{"href":"https:\/\/antcube.shop\/ro\/wp-json\/wp\/v2\/media?parent=6576"}],"wp:term":[{"taxonomy":"product_brand","embeddable":true,"href":"https:\/\/antcube.shop\/ro\/wp-json\/wp\/v2\/product_brand?post=6576"},{"taxonomy":"product_cat","embeddable":true,"href":"https:\/\/antcube.shop\/ro\/wp-json\/wp\/v2\/product_cat?post=6576"},{"taxonomy":"product_tag","embeddable":true,"href":"https:\/\/antcube.shop\/ro\/wp-json\/wp\/v2\/product_tag?post=6576"}],"curies":[{"name":"wp","href":"https:\/\/api.w.org\/{rel}","templated":true}]}}