{"id":6572,"date":"2023-12-04T11:34:48","date_gmt":"2023-12-04T10:34:48","guid":{"rendered":"https:\/\/antcube.shop\/product\/arena-vase-10x10cm-aus-glas\/"},"modified":"2026-03-30T10:30:50","modified_gmt":"2026-03-30T08:30:50","slug":"vaza-arena-10x10cm-din-sticla","status":"publish","type":"product","link":"https:\/\/antcube.shop\/ro\/produs\/vaza-arena-10x10cm-din-sticla\/","title":{"rendered":"Vaza Arena 10x10cm din sticl\u0103"},"content":{"rendered":"<p><strong>Dimensiuni:<\/strong> 10\u00d710.4cm<\/p>\n<p><strong>Material:<\/strong> sticl\u0103, PMMA<\/p>\n<p><strong>Culoare:<\/strong> limpede ca cristalul, translucid, transparent<\/p>\n<p><strong>Cuprins:<\/strong><br \/>\n1x vaz\u0103 de sticl\u0103 10x10cm<br \/>\n1x capac 10\u00d70.4cm<\/p>\n<p><strong>Descriere:<\/strong> Arena Vase a fost dezvoltat pentru hr\u0103nirea coloniilor de furnici t\u0103ietoare de frunze din genul Atta sau Acromyrmex. Capacul acrilic deta\u0219abil cu g\u0103uri \u0219i fante pentru aranjarea \u0219i men\u021binerea ramurilor de plante furajere se pune pur \u0219i simplu pe vaz\u0103. Vaza ajut\u0103 la p\u0103strarea plantelor de hran\u0103 proaspete pentru mai mult timp \u0219i, \u00een acela\u0219i timp, cre\u0219te umiditatea din formicariu prin evaporarea constant\u0103 a apei din rezervor.<\/p>","protected":false},"excerpt":{"rendered":"<p>Dimensiuni: 10x20.4cm Material: sticl\u0103, PMMA Culoare: cristalin, translucid, transparent Con\u021binut: sticl\u0103, PMMA, PMMA: 1x vaz\u0103 de sticl\u0103 10x20cm 1x capac 10x0.4cm Descriere: 1 vaz\u0103 de sticl\u0103 10x20cm 1x capac 10x0.4cm: Vaza Arena a fost dezvoltat\u0103 pentru hr\u0103nirea coloniilor de furnici t\u0103ietoare de frunze din genul Atta sau Acromyrmex. Capacul acrilic deta\u0219abil cu g\u0103uri \u0219i fante pentru aranjarea \u0219i men\u021binerea ramurilor de plante furajere se pune pur \u0219i simplu pe","protected":false},"featured_media":6587,"comment_status":"open","ping_status":"closed","template":"","meta":{"_acf_changed":false,"content-type":"","_monsterinsights_skip_tracking":false,"_monsterinsights_sitenote_active":false,"_monsterinsights_sitenote_note":"","_monsterinsights_sitenote_category":0},"product_brand":[],"product_cat":[115,118],"product_tag":[],"class_list":{"0":"post-6572","1":"product","2":"type-product","3":"status-publish","4":"has-post-thumbnail","6":"product_cat-food-and-feeding","7":"product_cat-feeding-bowls","9":"first","10":"instock","11":"taxable","12":"shipping-taxable","13":"purchasable","14":"product-type-simple"},"acf":[],"aioseo_notices":[],"jetpack_sharing_enabled":true,"_links":{"self":[{"href":"https:\/\/antcube.shop\/ro\/wp-json\/wp\/v2\/product\/6572","targetHints":{"allow":["GET"]}}],"collection":[{"href":"https:\/\/antcube.shop\/ro\/wp-json\/wp\/v2\/product"}],"about":[{"href":"https:\/\/antcube.shop\/ro\/wp-json\/wp\/v2\/types\/product"}],"replies":[{"embeddable":true,"href":"https:\/\/antcube.shop\/ro\/wp-json\/wp\/v2\/comments?post=6572"}],"wp:featuredmedia":[{"embeddable":true,"href":"https:\/\/antcube.shop\/ro\/wp-json\/wp\/v2\/media\/6587"}],"wp:attachment":[{"href":"https:\/\/antcube.shop\/ro\/wp-json\/wp\/v2\/media?parent=6572"}],"wp:term":[{"taxonomy":"product_brand","embeddable":true,"href":"https:\/\/antcube.shop\/ro\/wp-json\/wp\/v2\/product_brand?post=6572"},{"taxonomy":"product_cat","embeddable":true,"href":"https:\/\/antcube.shop\/ro\/wp-json\/wp\/v2\/product_cat?post=6572"},{"taxonomy":"product_tag","embeddable":true,"href":"https:\/\/antcube.shop\/ro\/wp-json\/wp\/v2\/product_tag?post=6572"}],"curies":[{"name":"wp","href":"https:\/\/api.w.org\/{rel}","templated":true}]}}