{"id":6570,"date":"2023-12-04T11:34:35","date_gmt":"2023-12-04T10:34:35","guid":{"rendered":"https:\/\/antcube.shop\/product\/ameisen-treppenhaus-30cm\/"},"modified":"2026-04-09T09:31:38","modified_gmt":"2026-04-09T07:31:38","slug":"furnica-scara-30cm","status":"publish","type":"product","link":"https:\/\/antcube.shop\/ro\/produs\/furnica-scara-30cm\/","title":{"rendered":"Ant scara 30cm"},"content":{"rendered":"<p><strong>Dimensiuni:<\/strong> 5x5x30cm<\/p>\n<p><strong>Material:<\/strong> PMMA<\/p>\n<p><strong>Culoare:<\/strong> limpede ca cristalul, translucid, transparent<\/p>\n<p><strong>Cuprins:<\/strong><br \/>\n1x scara de furnici 30cm<br \/>\n2x plac\u0103 acrilic\u0103 pentru montare op\u021bional\u0103 pe perete<\/p>\n<p>1x tampon pentru scara de furnic\u0103<\/p>\n<p><strong>Not\u0103: <\/strong>Piesele sunt furnizate ca un produs complet asamblat. Pentru a ata\u0219a suportul de perete, este suficient s\u0103 sl\u0103bi\u021bi \u0219uruburile acrilice din partea de sus \u0219i de jos \u0219i s\u0103 scoate\u021bi baza. Ata\u0219a\u021bi din nou cele dou\u0103 pl\u0103ci acrilice cu ajutorul \u0219uruburilor 1x \u00een partea de sus \u0219i 1x \u00een partea de jos.<\/p>\n<p><strong>Conexiune:<\/strong> 2x furtun 20\/16 mm (exterior) sau furtun 14\/10 mm (interior) sau 24\/20 (exterior a doua etap\u0103 de conectare)<\/p>\n<p><strong>Descriere:<\/strong> Scara pentru furnici este folosit\u0103 pentru a acoperi \u00een\u0103l\u021bimea de la aren\u0103 la ferma de furnici.<\/p>\n<p><strong>Cerere:<\/strong> pentru fermele de furnici <strong>m\u0103sur\u00e2nd 30x30cm sau 60x30cm<\/strong><\/p>\n<p><span data-text-color=\"alert\"><strong>Important pentru utilizarea cu tuburi acrilice:<\/strong><\/span><br \/>\n\u00cen\u0103l\u021bimea nu este potrivit\u0103 pentru <strong>dimensiunea fermelor de furnici XL.<\/strong><br \/>\nPentru<strong> utilizare cu tuburi acrilice<\/strong> (de exemplu, tubul de furnic\u0103 - cristal transparent 20mm - 1m nr. art. 1000320) \u00een loc de furtunuri, ave\u021bi nevoie de un total de<strong> 3x the \"Conector de tuburi transparent pentru 20mm - I\"<\/strong> (nr. art. 1005624). 1x pentru priza de furnicar \u0219i 2x pentru cele dou\u0103 prize de la casa sc\u0103rii. \u00cen plus, pentru furnicarele vechi (toate achizi\u021bionate \u00eenainte de 12\/2023), trebuie \u00eempins pe priza furnicarului un \"inel de etan\u0219are flexibil transparent\" (nr. de articol 1001437). \u00cen caz contrar, \"Conectorul de \u021beav\u0103 transparent pentru \u021bevi de 20 mm - I\" (nr. de articol 1005624) se a\u0219eaz\u0103 prea lejer pe priza de furnicar. \u00cen plus, \u00een cazul \u00een care un <strong>Formicarium pad <\/strong>este utilizat pentru furnicar sau aren\u0103, ar trebui s\u0103 se foloseasc\u0103 unul \u0219i pentru scar\u0103, deoarece altfel va exista o u\u0219oar\u0103 diferen\u021b\u0103 de \u00een\u0103l\u021bime \u00eentre priza de pe scar\u0103 \u0219i conexiunile de pe furnicar \u0219i aren\u0103.<\/p>","protected":false},"excerpt":{"rendered":"<p>Pentru furnicile cu dimensiuni de 30x30cm sau 60x30cm<\/p>","protected":false},"featured_media":6585,"comment_status":"open","ping_status":"closed","template":"","meta":{"_acf_changed":false,"content-type":"","_monsterinsights_skip_tracking":false,"_monsterinsights_sitenote_active":false,"_monsterinsights_sitenote_note":"","_monsterinsights_sitenote_category":0},"product_brand":[],"product_cat":[345,119,121,120,239],"product_tag":[],"class_list":{"0":"post-6570","1":"product","2":"type-product","3":"status-publish","4":"has-post-thumbnail","6":"product_cat-pipe-connectors","7":"product_cat-formicarium-components","8":"product_cat-connectors","9":"product_cat-hoses","10":"product_cat-useful-additions","12":"first","13":"instock","14":"taxable","15":"shipping-taxable","16":"purchasable","17":"product-type-simple"},"acf":[],"aioseo_notices":[],"jetpack_sharing_enabled":true,"_links":{"self":[{"href":"https:\/\/antcube.shop\/ro\/wp-json\/wp\/v2\/product\/6570","targetHints":{"allow":["GET"]}}],"collection":[{"href":"https:\/\/antcube.shop\/ro\/wp-json\/wp\/v2\/product"}],"about":[{"href":"https:\/\/antcube.shop\/ro\/wp-json\/wp\/v2\/types\/product"}],"replies":[{"embeddable":true,"href":"https:\/\/antcube.shop\/ro\/wp-json\/wp\/v2\/comments?post=6570"}],"wp:featuredmedia":[{"embeddable":true,"href":"https:\/\/antcube.shop\/ro\/wp-json\/wp\/v2\/media\/6585"}],"wp:attachment":[{"href":"https:\/\/antcube.shop\/ro\/wp-json\/wp\/v2\/media?parent=6570"}],"wp:term":[{"taxonomy":"product_brand","embeddable":true,"href":"https:\/\/antcube.shop\/ro\/wp-json\/wp\/v2\/product_brand?post=6570"},{"taxonomy":"product_cat","embeddable":true,"href":"https:\/\/antcube.shop\/ro\/wp-json\/wp\/v2\/product_cat?post=6570"},{"taxonomy":"product_tag","embeddable":true,"href":"https:\/\/antcube.shop\/ro\/wp-json\/wp\/v2\/product_tag?post=6570"}],"curies":[{"name":"wp","href":"https:\/\/api.w.org\/{rel}","templated":true}]}}