{"id":6567,"date":"2023-12-04T11:34:15","date_gmt":"2023-12-04T10:34:15","guid":{"rendered":"https:\/\/antcube.shop\/product\/kornerfutter-media-100g\/"},"modified":"2026-04-13T09:29:47","modified_gmt":"2026-04-13T07:29:47","slug":"suporturi-furajere-pentru-cereale-100g","status":"publish","type":"product","link":"https:\/\/antcube.shop\/ro\/produs\/suporturi-furajere-pentru-cereale-100g\/","title":{"rendered":"Mediile furajere pentru cereale 100g"},"content":{"rendered":"<div class=\"tab-body active\">\n<p><strong>Con\u021binut:<\/strong> 100g<\/p>\n<p><span id=\"result_box\" class=\"long_text\" lang=\"en\"><strong>Descriere:<\/strong> <\/span>Amestec mediu de boabe \u0219i semin\u021be pentru cre\u0219terea coloniilor de furnici granivore, cum ar fi Messor, Pogonomyrmex \u0219i Pheidole.<br \/>\nCu ajutorul acestui amestec de semin\u021be de mediu se sus\u021bine cre\u0219terea.<br \/>\nProdus natural pur, f\u0103r\u0103 aditivi artificiali. F\u0103r\u0103 pesticide.<\/p>\n<p><strong>Not\u0103:<\/strong><br \/>\nPentru a utiliza tubul de alimentare poate fi g\u0103sit aici: <a href=\"https:\/\/www.antstore.net\/shop\/images\/documents\/Anleitung-Ameisenfutterroehrchen.pdf\">Link<\/a><br \/>\nsupliment alimentar pentru furnicile consumatoare de cereale.<br \/>\nCompozi\u021bia, componentele analitice, data de expirare \u0219i num\u0103rul de lot, v\u0103 rug\u0103m s\u0103 consulta\u021bi prospectul.<\/p>\n<p>Linia telefonic\u0103 pentru informa\u021bii +49 30 439703870<\/p>\n<p>Controlul veterinar \u0219i alimentar competent:<br \/>\nVeterin\u00e4ramt Steglitz<br \/>\nK\u00f6nigin-Luise-Str. 92<br \/>\n14195 Berlin<\/p>\n<\/div>","protected":false},"excerpt":{"rendered":"<p>Hran\u0103 suplimentar\u0103<\/p>","protected":false},"featured_media":6625,"comment_status":"open","ping_status":"closed","template":"","meta":{"_acf_changed":false,"content-type":"","_monsterinsights_skip_tracking":false,"_monsterinsights_sitenote_active":false,"_monsterinsights_sitenote_note":"","_monsterinsights_sitenote_category":0},"product_brand":[],"product_cat":[115,116],"product_tag":[],"class_list":{"0":"post-6567","1":"product","2":"type-product","3":"status-publish","4":"has-post-thumbnail","6":"product_cat-food-and-feeding","7":"product_cat-food","9":"first","10":"instock","11":"taxable","12":"shipping-taxable","13":"purchasable","14":"product-type-simple"},"acf":[],"aioseo_notices":[],"jetpack_sharing_enabled":true,"_links":{"self":[{"href":"https:\/\/antcube.shop\/ro\/wp-json\/wp\/v2\/product\/6567","targetHints":{"allow":["GET"]}}],"collection":[{"href":"https:\/\/antcube.shop\/ro\/wp-json\/wp\/v2\/product"}],"about":[{"href":"https:\/\/antcube.shop\/ro\/wp-json\/wp\/v2\/types\/product"}],"replies":[{"embeddable":true,"href":"https:\/\/antcube.shop\/ro\/wp-json\/wp\/v2\/comments?post=6567"}],"wp:featuredmedia":[{"embeddable":true,"href":"https:\/\/antcube.shop\/ro\/wp-json\/wp\/v2\/media\/6625"}],"wp:attachment":[{"href":"https:\/\/antcube.shop\/ro\/wp-json\/wp\/v2\/media?parent=6567"}],"wp:term":[{"taxonomy":"product_brand","embeddable":true,"href":"https:\/\/antcube.shop\/ro\/wp-json\/wp\/v2\/product_brand?post=6567"},{"taxonomy":"product_cat","embeddable":true,"href":"https:\/\/antcube.shop\/ro\/wp-json\/wp\/v2\/product_cat?post=6567"},{"taxonomy":"product_tag","embeddable":true,"href":"https:\/\/antcube.shop\/ro\/wp-json\/wp\/v2\/product_tag?post=6567"}],"curies":[{"name":"wp","href":"https:\/\/api.w.org\/{rel}","templated":true}]}}