{"id":6562,"date":"2023-12-04T11:33:43","date_gmt":"2023-12-04T10:33:43","guid":{"rendered":"https:\/\/antcube.shop\/product\/bundle-offer-messor-structor\/"},"modified":"2026-05-04T17:53:48","modified_gmt":"2026-05-04T15:53:48","slug":"pachet-de-oferte-oferta-mesager-structor","status":"publish","type":"product","link":"https:\/\/antcube.shop\/ro\/produs\/pachet-de-oferte-oferta-mesager-structor\/","title":{"rendered":"Ofert\u0103 pachet - Messor structor"},"content":{"rendered":"<p><span data-text-color=\"secondary\"><strong>Ofert\u0103 de pachet care include o colonie de furnici Messor structor (regin\u0103 cu 11-25 lucr\u0103toare + pui), un set de pornire Habitat Desert M cu o a doua ferm\u0103 de furnici 20\u00d720 M, 3x tampoane formicarium \u0219i un borcan cu greierii no\u0219tri speciali \u00eentregi \u0219i blan\u0219i 10g (proteine umede).<\/strong><\/span><\/p>\n<p><span data-text-color=\"alert\"><strong>Numai \u00een limita stocului disponibil.<\/strong><\/span><\/p>\n<p><strong>Tot ce ave\u021bi nevoie pentru o colonie de furnici Messor structor<\/strong><br \/>\nAcest pachet con\u021bine tot ceea ce ave\u021bi nevoie pentru a reu\u0219i s\u0103 ob\u021bine\u021bi cu succes o colonie de Messor structor \u00een primele c\u00e2teva luni. Este extensibil \u00een mod flexibil \u0219i se potrive\u0219te \u00een mod explicit pentru \u00eencep\u0103torii \u00een cre\u0219terea furnicilor.<\/p>\n<p><strong>Specii de furnici Messor structor<\/strong><br \/>\nMessor structor este o specie de furnic\u0103 granivor\u0103 (care m\u0103n\u00e2nc\u0103 cereale). Se g\u0103se\u0219te \u00een principal \u00een sudul Europei \u0219i \u00een regiunea mediteranean\u0103, dar \u0219i \u00een Europa Central\u0103, iar aria sa de distribu\u021bie se extinde p\u00e2n\u0103 \u00een Iran \u0219i sudul Rusiei. Este, de asemenea, singura specie de Messor \u00eent\u00e2lnit\u0103 \u00een Germania. Lucr\u0103toarele sunt pu\u021bin mai mici dec\u00e2t cele ale lui Messor barbarus, dar Messor structor produce mai devreme a\u0219a-numitele lucr\u0103toare majore (cea mai mare cast\u0103 de lucr\u0103toare).<\/p>\n<p>Chiar dac\u0103 Messor structor se g\u0103se\u0219te \u00een principal \u00een stepe, \u00een unele \u021b\u0103ri exist\u0103 popula\u021bii care se simt mai bine \u00een regiunile muntoase sau chiar \u00een p\u0103durile mixte. Acest lucru arat\u0103 marea adaptabilitate a acestei specii. Messor structor formeaz\u0103 de obicei colonii poligine (mai multe regine \u00eentr-o colonie), dar apare \u0219i monoginic (o singur\u0103 regin\u0103 pe colonie).<\/p>\n<p>Oamenii de \u0219tiin\u021b\u0103 \u00eencearc\u0103 de ceva timp s\u0103 afle dac\u0103 Messor structor ar fi putut dezvolta mai multe subspecii care apar \u00een regiuni diferite, analiz\u00e2nd materialul genetic al diferitelor colonii. Cu toate acestea, acest lucru nu a fost \u00eenc\u0103 clarificat \u00een mod concludent.<\/p>\n<p><strong>Cuib pentru Messor structor<\/strong><br \/>\nMessor structor prefer\u0103 s\u0103 cuib\u0103reasc\u0103 \u00een soluri nisipoase. Cu toate acestea, spre deosebire de majoritatea celorlalte specii de Messor, este relativ flexibil \u0219i poate fi g\u0103sit uneori cuib\u0103rind sub pietre sau \u00een locuri umbroase din soluri mai p\u0103m\u00e2ntoase.<\/p>\n<p><strong>Hran\u0103 pentru Messor structor<\/strong><br \/>\nLa fel ca toate speciile Messor, Messor structor se hr\u0103ne\u0219te \u00een principal cu semin\u021be care sunt colectate, depozitate \u0219i transformate \u00een a\u0219a-numita \"p\u00e2ine pentru furnici\", care are o durat\u0103 de depozitare mai lung\u0103 \u0219i care le permite coloniilor s\u0103 treac\u0103 prin perioadele \u00een care se g\u0103sesc mai pu\u021bine semin\u021be \u00een natur\u0103. Proteinele sunt acceptate at\u00e2t moarte, c\u00e2t \u0219i vii. \u00cen s\u0103lb\u0103ticie, ele ucid insecte mici \u0219i le folosesc pentru a-\u0219i hr\u0103ni puietul. Solu\u021bia de zah\u0103r sau mierea este acceptat\u0103 doar dac\u0103 colonia nu are la dispozi\u021bie suficient\u0103 ap\u0103 proasp\u0103t\u0103 pentru a-\u0219i acoperi necesarul de umiditate.<\/p>\n<p><strong>Condi\u021biile climatice optime pentru Messor structor sunt urm\u0103toarele:<\/strong><br \/>\n<strong>Umiditate:<\/strong><br \/>\nArena: 30 - 50% Zona de cuib: 50 - 70%<br \/>\n<strong>Temperatura:<\/strong><br \/>\nArena: 22 - 30\u00b0C Zona de cuib\u0103rit: 21- 27\u00b0C<\/p>\n<p><strong>Cuprins:<\/strong><\/p>\n<p>1x colonie de furnici Messor structor (regin\u0103 + 11-25 lucr\u0103toare + pui)<br \/>\n1x Cricket Jam 25g<br \/>\n1x hran\u0103 pentru cereale minor 100g<br \/>\n1x Formicarium pad - 20x20cm<br \/>\n2x Formicarium pad - 20x6cm<\/p>\n<p>1x ANTCUBE - arena 20x20x10 - plat<br \/>\n1x cadru pentru arena de furnici 20\u00d720<br \/>\n1x capacul arenei pentru furnici 20\u00d720<br \/>\n4x puncte de fixare pentru capacul arenei<br \/>\n2x ANTCUBE - Furnicarul - M - 20\u00d720 - \u00een picioare<\/p>\n<p>1x 1m tub transparent de 14\/10 mm<br \/>\n2x ANTCUBE - Folie ro\u0219ie 20\u00d720 - filtru<br \/>\n2x cleme adezive - transparente 2 buc.<br \/>\n1x substrat - de\u0219ert - 1kg<br \/>\n1x Formicarium granule 200ml - bej<\/p>\n<p>1x Grid cap &#8211; 10mm &#8211; stainless steel<br \/>\n2x Grid insert acrylic &#8211; 50 mm with sealing ring<br \/>\n1x Grid insert acrylic &#8211; 27 mm with sealing ring<\/p>\n<p>1x conector pentru furtun rezervor 27-14,16,20 mm - transparent<br \/>\n2x Foil thermometer &#8211; farm<br \/>\n1x Foil thermometer Display<br \/>\n1x drinking clear 5ml &#8211; sponge<br \/>\n1x Feeding dish white rectangle &#8211; 3 compartments<br \/>\n1x Ulei de protec\u021bie \u00eempotriva evad\u0103rii furnicilor 10ml<br \/>\n1x Penset\u0103 din o\u021bel cu arc - larg\u0103 - moale<br \/>\n1x Penset\u0103 de plastic transparent<br \/>\n1x pipet\u0103 de plastic 3ml<br \/>\n1x lup\u0103 de m\u00e2n\u0103 - 2x - 30mm<br \/>\n1x \u0219terg\u0103tor de spum\u0103 150x18x2,5mm<br \/>\n1x spate foto - desert - 20\u00d710<\/p>\n<p>&nbsp;<\/p>\n<p><strong>Descriere:<\/strong><br \/>\nAcest set de pornire pentru de\u0219ert este potrivit pentru toate speciile din genul Messor care tr\u0103iesc \u00een de\u0219erturi, stepe sau \u00een climatul mediteranean. Una dintre cele dou\u0103 ferme este destinat\u0103 depozit\u0103rii semin\u021belor \u0219i a p\u00e2inii de furnici \u0219i, prin urmare, trebuie p\u0103strat\u0103 complet uscat\u0103 pentru a \u00eempiedica germinarea sau muceg\u0103irea semin\u021belor\/gr\u0103un\u021belor depozitate acolo de c\u0103tre furnici.<\/p>\n<p>\u00cen ferma complet transparent\u0103 (cuib), \"substratul - de\u0219ert\" este utilizat pentru a umple ferma. Dac\u0103 este necesar, prin intermediul g\u0103urilor de 50 mm din capac pot fi conectate module suplimentare, de exemplu nebulizatoarele, ventilatoarele sau luminile disponibile separat. Alternativ, sunt incluse dopuri de formicarium adecvate pentru a \u00eenchide deschiderile. Dac\u0103 se dore\u0219te, formicarul poate fi operat \u0219i deschis, prin simpla plasare a cadrului deta\u0219abil deasupra \u0219i aplicarea uleiului de protec\u021bie \u00eempotriva evad\u0103rii furnicilor pe margine. \"Be\u021bi\u0219orul transparent de 20 ml - burete\" este destinat apei, iar \"dozatorul de hran\u0103 de 2 ml - dozabil\" pentru hrana \u00een boabe.<\/p>\n<p><strong>Important:<\/strong> V\u0103 rug\u0103m s\u0103 umezi\u021bi substratul \u00eenainte de utilizare, astfel \u00eenc\u00e2t amestecul s\u0103 se lege \u0219i s\u0103 se fixeze bine \u00een furnicar. \u00cen plus, dac\u0103 substratul este prea uscat \u0219i pr\u0103fuit, c\u0103ile respiratorii ale furnicilor pot fi blocate \u0219i, \u00een cel mai r\u0103u caz, animalele se pot sufoca.<\/p>\n<p><strong>Recomandare:<\/strong> Recomand\u0103m un strat de substrat cu o \u00een\u0103l\u021bime de 2 mm, astfel \u00eenc\u00e2t animalele s\u0103 nu poat\u0103 s\u0103pa \u00een aren\u0103 \u0219i s\u0103 foloseasc\u0103 \u00een schimb ferma prev\u0103zut\u0103 \u00een acest scop. De asemenea, recomand\u0103m ca materialul de cuib\u0103rit din ferm\u0103 (nisip\/argil\u0103, Digfix etc.) s\u0103 fie u\u0219or \u00een\u021bepat \u00eentr-un singur loc, pentru a facilita s\u0103parea animalelor.<\/p>\n<p><strong>Note privind produc\u021bia<\/strong><br \/>\nSticla este t\u0103iat\u0103 la dimensiune \u00een conformitate cu DIN 1249 cu o toleran\u021b\u0103 de +\/- 1 mm. O protec\u021bie suplimentar\u0103 \u00eempotriva spargerii este esen\u021bial\u0103 pentru speciile de furnici extrem de mici.<\/p>\n<p><strong>Note despre ferm\u0103<\/strong><br \/>\nC\u00e2nd ata\u0219a\u021bi sau scoate\u021bi furtunurile, v\u0103 rug\u0103m s\u0103 \u021bine\u021bi cont de urm\u0103toarele:<br \/>\n\u00cen cazul \u00een care tubulatura se potrive\u0219te foarte greu pe priza de conectare, aceasta trebuie frecat\u0103 u\u0219or cu o pic\u0103tur\u0103 din uleiul sau pulberea noastr\u0103 antiefrac\u021bie. Furtunul trebuie apoi \u00eempins pe priz\u0103 prin mi\u0219c\u0103ri de r\u0103sucire sau \u00een\u0219urubare, f\u0103r\u0103 a for\u021ba priza cu mi\u0219c\u0103ri de sus \u00een jos. Acela\u0219i lucru este valabil \u0219i atunci c\u00e2nd scoate\u021bi furtunurile din priza de conectare a fermei. V\u0103 rug\u0103m s\u0103 nu trage\u021bi pur \u0219i simplu de el!<\/p>\n<p><strong>Note despre Cricket Jam:<\/strong><br \/>\nGreierii no\u0219tri blan\u0219i sunt o modalitate u\u0219oar\u0103 de a oferi furnicilor o hran\u0103 proteic\u0103 proasp\u0103t conservat\u0103, f\u0103r\u0103 a fi nevoie s\u0103 le hr\u0103ni\u021bi cu insecte vii. Greierii con\u021binu\u021bi (Acheta domesticus) au fost blan\u0219ati u\u0219or pentru a se asigura c\u0103 valorile nutri\u021bionale, gustul \u0219i aroma sunt p\u0103strate. \u00cen plus, carapacea chitinoas\u0103 a insectelor este \u00eenmuiat\u0103 \u00een acest mod, astfel \u00eenc\u00e2t s\u0103 poat\u0103 fi digerat\u0103 mai u\u0219or. Leg\u0103turile proteinelor de colagen sunt rupte, astfel \u00eenc\u00e2t furnicile s\u0103 le poat\u0103 utiliza mai bine. Conservele de Acheta domesticus au aceea\u0219i valoare nutritiv\u0103 ca \u0219i greierii vii, dar sunt mai u\u0219or de digerat.<\/p>\n<p>Cricket Jam nu este potrivit pentru v\u00e2narea speciilor de furnici care necesit\u0103 hran\u0103 vie (de exemplu, ponarine (furnici mari), cum ar fi Harpegnathos sau Odontomachus).<\/p>\n<p><strong>Alte avantaje:<\/strong><br \/>\nGarantat f\u0103r\u0103 acarieni<br \/>\nPoate fi por\u021bionat \u0219i diluat cu ap\u0103<br \/>\nSterilizat \u0219i ambalat \u00een vid<br \/>\nF\u0103r\u0103 aditivi<br \/>\nGreieri proveni\u021bi din cre\u0219terea sustenabil\u0103 pur organic\u0103, hr\u0103ni\u021bi cu de\u0219euri organice<\/p>\n<p><strong>Not\u0103:<\/strong><br \/>\nPoate fi p\u0103strat la frigider timp de aproximativ patru zile dup\u0103 deschidere. Termen de valabilitate mai lung dac\u0103 este congelat.<br \/>\nAten\u021bie: Mai \u00eent\u00e2i por\u021bia, apoi \u00eenghe\u021ba\u021bi.<\/p>","protected":false},"excerpt":{"rendered":"<p>Setul este format din 38 de piese<\/p>\n<p>Dimensiune: <strong>M<\/strong><\/p>","protected":false},"featured_media":7134,"comment_status":"open","ping_status":"closed","template":"","meta":{"_acf_changed":false,"content-type":"","_monsterinsights_skip_tracking":false,"_monsterinsights_sitenote_active":false,"_monsterinsights_sitenote_note":"","_monsterinsights_sitenote_category":0},"product_brand":[],"product_cat":[355,353,73],"product_tag":[],"class_list":{"0":"post-6562","1":"product","2":"type-product","3":"status-publish","4":"has-post-thumbnail","6":"product_cat-bundle-offers","7":"product_cat-starter-sets-for-harvester-ants","8":"product_cat-starter-sets","10":"first","11":"outofstock","12":"taxable","13":"shipping-taxable","14":"purchasable","15":"product-type-simple"},"acf":[],"aioseo_notices":[],"jetpack_sharing_enabled":true,"_links":{"self":[{"href":"https:\/\/antcube.shop\/ro\/wp-json\/wp\/v2\/product\/6562","targetHints":{"allow":["GET"]}}],"collection":[{"href":"https:\/\/antcube.shop\/ro\/wp-json\/wp\/v2\/product"}],"about":[{"href":"https:\/\/antcube.shop\/ro\/wp-json\/wp\/v2\/types\/product"}],"replies":[{"embeddable":true,"href":"https:\/\/antcube.shop\/ro\/wp-json\/wp\/v2\/comments?post=6562"}],"wp:featuredmedia":[{"embeddable":true,"href":"https:\/\/antcube.shop\/ro\/wp-json\/wp\/v2\/media\/7134"}],"wp:attachment":[{"href":"https:\/\/antcube.shop\/ro\/wp-json\/wp\/v2\/media?parent=6562"}],"wp:term":[{"taxonomy":"product_brand","embeddable":true,"href":"https:\/\/antcube.shop\/ro\/wp-json\/wp\/v2\/product_brand?post=6562"},{"taxonomy":"product_cat","embeddable":true,"href":"https:\/\/antcube.shop\/ro\/wp-json\/wp\/v2\/product_cat?post=6562"},{"taxonomy":"product_tag","embeddable":true,"href":"https:\/\/antcube.shop\/ro\/wp-json\/wp\/v2\/product_tag?post=6562"}],"curies":[{"name":"wp","href":"https:\/\/api.w.org\/{rel}","templated":true}]}}