{"id":6561,"date":"2023-12-04T11:33:36","date_gmt":"2023-12-04T10:33:36","guid":{"rendered":"https:\/\/antcube.shop\/product\/bundle-offer-camponotus-barbaricus\/"},"modified":"2026-03-30T10:28:01","modified_gmt":"2026-03-30T08:28:01","slug":"pachet-oferta-camponotus-barbaricus","status":"publish","type":"product","link":"https:\/\/antcube.shop\/ro\/produs\/pachet-oferta-camponotus-barbaricus\/","title":{"rendered":"Ofert\u0103 pachet - Camponotus barbaricus"},"content":{"rendered":"<p><span data-text-color=\"secondary\"><strong>Pachet de ofert\u0103 care include o colonie de furnici Camponotus barbaricus (regina cu 5-10 lucr\u0103toare + puiet), un set de pornire Habitat Desert L cu 2 x tampoane de formicarium, un borcan de greieri blan\u0219i\u021bi \u00eentregi (proteine umede) \u0219i un amestec de miere de albine de 10 ml.<\/strong><\/span><\/p>\n<p><span data-text-color=\"alert\"><strong>Numai \u00een limita stocului disponibil.<\/strong><\/span><\/p>\n<p><strong>Tot ce ave\u021bi nevoie pentru o colonie de furnici Camponotus barbaricus<\/strong><br \/>\nAcest pachet con\u021bine tot ceea ce ave\u021bi nevoie pentru a reu\u0219i s\u0103 ob\u021bine\u021bi o colonie de Camponotus barbaricus \u00een primele c\u00e2teva luni. Este extensibil \u00een mod flexibil \u0219i se potrive\u0219te \u00een mod explicit pentru \u00eencep\u0103torii \u00een cre\u0219terea furnicilor.<\/p>\n<p><strong>Specie de furnici Camponotus barbaricus<\/strong><br \/>\nCamponotus barbaricus este una dintre cele mai mari specii de furnici din Europa. Se g\u0103sesc \u00een Portugalia, Spania, Sicilia \u0219i \u00een afara Europei, \u00een Maroc, Algeria, Tunisia \u0219i Libia. Coloniile sale sunt monogine (o singur\u0103 regin\u0103 pe colonie) \u0219i, ca majoritatea speciilor de Camponotus, este o specie de furnici foarte polimorf\u0103 (form\u00e2nd a\u0219a-numitele caste, adic\u0103 lucr\u0103toare mai mici \u0219i mai mari).<\/p>\n<p>\u00cen s\u0103lb\u0103ticie, pot forma colonii de c\u00e2teva 10.000 de indivizi. Camponotus barbaricus \u00ee\u0219i ap\u0103r\u0103 agresiv cuibul \u0219i terenul de v\u00e2n\u0103toare \u0219i reu\u0219e\u0219te foarte bine s\u0103 fac\u0103 acest lucru datorit\u0103 dimensiunii sale. Majoretele (cea mai mare cast\u0103 de lucr\u0103toare) ating o dimensiune de aproximativ 17 mm.<\/p>\n<p><strong>Cuib pentru Camponotus barbaricus<\/strong><br \/>\nCamponotus barbaricus prefer\u0103 s\u0103 cuib\u0103reasc\u0103 \u00een soluri nisipoase. Spre deosebire de majoritatea speciilor de Camponotus, ace\u0219tia sunt rareori g\u0103si\u021bi \u00een lemnul putrezit. Setul de pornire pentru de\u0219ert inclus \u00een pachet este, prin urmare, perfect adaptat la nevoile acestei specii.<\/p>\n<p><strong>Hran\u0103 pentru Camponotus barbaricus<\/strong><br \/>\n\u00cen s\u0103lb\u0103ticie, Camponotus barbaricus se hr\u0103ne\u0219te \u00een principal cu insecte \u0219i mierea de albine. Din acest motiv, am inclus \u00een acest pachet at\u00e2t greierii no\u0219tri blan\u0219i\u021bi ca hran\u0103 proteic\u0103, c\u00e2t \u0219i amestecul nostru de mierea de albine, astfel \u00eenc\u00e2t s\u0103 pute\u021bi oferi furnicilor dvs. o diet\u0103 c\u00e2t mai adecvat\u0103 speciei.<\/p>\n<p><strong>Condi\u021biile climatice optime pentru Camponotus barbaricus sunt urm\u0103toarele:<\/strong><br \/>\n<strong>Umiditate:<\/strong><br \/>\nArena: 30 - 50% Zona de cuib: 50 - 60%<br \/>\n<strong>Temperatura:<\/strong><br \/>\nArena: 18 - 28\u00b0C Zona de cuib\u0103rit: 21 - 26\u00b0C<\/p>\n<p><strong>Cuprins:<\/strong><\/p>\n<p>1x Camponotus barbaricus (regin\u0103 cu 1-4 lucr\u0103toare + puiet)<br \/>\n1x Cricket Jam 25g<br \/>\n1x Honeydew mix (HT) - pachet de reumplere 10ml<br \/>\n1x Formicarium baz\u0103 - 20x20cm<br \/>\n1x Formicarium baz\u0103 - 20x6cm<\/p>\n<p>1x ANTCUBE - arena 20x20x10 - plat<br \/>\n1x cadru pentru arena de furnici 20\u00d720<br \/>\n1x capacul arenei pentru furnici 20\u00d720<br \/>\n4x puncte de fixare pentru capacul arenei<br \/>\n1x ANTCUBE - Ferm\u0103 de furnici - L - 20\u00d720 - vertical<\/p>\n<p>1x tub de 0,5 m transparent 20\/16 mm<br \/>\n1x ANTCUBE - Folie ro\u0219ie 20\u00d720 - filtru<br \/>\n1x cleme adezive - transparente 2 buc.<br \/>\n1x substrat - de\u0219ert - 1kg<br \/>\n1x Formicarium granule 200ml - bej<\/p>\n<p>2x Grid insert acrylic &#8211; 50 mm with sealing ring<br \/>\n1x Grid insert acrylic &#8211; 27 mm with sealing ring<br \/>\n1x capac de gril\u0103 - 16mm - o\u021bel inoxidabil<\/p>\n<p>1x conector pentru furtun rezervor 27-14,16,20 mm - transparent<br \/>\n1x Foil thermometer &#8211; farm<br \/>\n1x Foil thermometer Display<br \/>\n1x drinking clear 5ml &#8211; sponge<br \/>\n1x Feeding dish white rectangle &#8211; 3 compartments<br \/>\n1x Drinking trough 2ml &#8211; 360 Degrees<br \/>\n1x Ulei de protec\u021bie \u00eempotriva evad\u0103rii furnicilor 10ml<br \/>\n1x Penset\u0103 din o\u021bel cu arc - larg\u0103 - moale<br \/>\n1x Penset\u0103 de plastic transparent<br \/>\n1x pipet\u0103 de plastic 3ml<br \/>\n1x lup\u0103 de m\u00e2n\u0103 - 2x - 30mm<br \/>\n1x \u0219terg\u0103tor de spum\u0103 150x18x2,5mm<br \/>\n1x spate foto - desert - 20\u00d710<\/p>\n<p><strong>Descriere:<\/strong><br \/>\nAcest set pentru \u00eencep\u0103tori pentru de\u0219ert este potrivit pentru toate speciile de furnici care tr\u0103iesc \u00een de\u0219erturi, stepe sau \u00een climatul mediteranean.<\/p>\n<p>\u00cen ferma complet transparent\u0103 (cuib), \"Solul - de\u0219ert\" este folosit pentru a umple ferma. Dac\u0103 este necesar, prin intermediul g\u0103urilor de 50 mm din capac pot fi conectate module suplimentare, de exemplu nebulizatoarele, ventilatoarele sau luminile disponibile separat. Alternativ, sunt incluse dopuri de formicarium adecvate pentru a \u00eenchide deschiderile. Dac\u0103 se dore\u0219te, formicarul poate fi operat \u0219i deschis prin simpla fixare a cadrului deta\u0219abil \u0219i aplicarea uleiului de protec\u021bie \u00eempotriva evad\u0103rii furnicilor pe margine. \"Drinker 2ml - 360 de grade\" este destinat amestecului de mierea de albine, \"Drinker clear 20ml - burete\" pentru ap\u0103 \u0219i \"Bowl clear 1\u00d720 - burete\" pentru hrana proteic\u0103. \"Mini termo-igrometrul analogic - afi\u0219aj - ag\u0103\u021bat\" poate fi ata\u0219at la cadru sau la capac \u0219i afi\u0219eaz\u0103 valorile climatice.<\/p>\n<p><strong>Important:<\/strong> V\u0103 rug\u0103m s\u0103 umezi\u021bi substratul \u00eenainte de utilizare, astfel \u00eenc\u00e2t amestecul s\u0103 se lege \u0219i s\u0103 se fixeze bine \u00een furnicar. \u00cen plus, dac\u0103 substratul este prea uscat \u0219i pr\u0103fuit, c\u0103ile respiratorii ale furnicilor pot fi blocate \u0219i, \u00een cel mai r\u0103u caz, animalele se pot sufoca.<\/p>\n<p><strong>Recomandare:<\/strong> Recomand\u0103m un strat de substrat cu o \u00een\u0103l\u021bime de 2 mm, astfel \u00eenc\u00e2t animalele s\u0103 nu poat\u0103 s\u0103pa \u00een aren\u0103 \u0219i s\u0103 foloseasc\u0103 \u00een schimb ferma prev\u0103zut\u0103 \u00een acest scop. De asemenea, recomand\u0103m ca materialul de cuib\u0103rit din ferm\u0103 (nisip\/argil\u0103, Digfix etc.) s\u0103 fie u\u0219or \u00een\u021bepat \u00eentr-un singur loc, pentru a facilita s\u0103parea animalelor.<\/p>\n<p><strong>Note privind produc\u021bia<\/strong><br \/>\nSticla este t\u0103iat\u0103 la dimensiune \u00een conformitate cu DIN 1249 cu o toleran\u021b\u0103 de +\/- 1 mm. O protec\u021bie suplimentar\u0103 \u00eempotriva spargerii este esen\u021bial\u0103 pentru speciile de furnici extrem de mici.<\/p>\n<p><strong>Note despre ferm\u0103<\/strong><br \/>\nC\u00e2nd ata\u0219a\u021bi sau scoate\u021bi furtunurile, v\u0103 rug\u0103m s\u0103 \u021bine\u021bi cont de urm\u0103toarele:<br \/>\n\u00cen cazul \u00een care tubulatura se potrive\u0219te foarte greu pe priza de conectare, aceasta trebuie frecat\u0103 u\u0219or cu o pic\u0103tur\u0103 din uleiul sau pulberea noastr\u0103 antiefrac\u021bie. Furtunul trebuie apoi \u00eempins pe priz\u0103 prin mi\u0219c\u0103ri de r\u0103sucire sau \u00een\u0219urubare, f\u0103r\u0103 a for\u021ba priza cu mi\u0219c\u0103ri de sus \u00een jos. Acela\u0219i lucru este valabil \u0219i atunci c\u00e2nd scoate\u021bi furtunurile din priza de conectare a fermei. V\u0103 rug\u0103m s\u0103 nu trage\u021bi pur \u0219i simplu de el!<\/p>\n<p><strong>Instruc\u021biuni:<\/strong> (Versiunea 2023, versiunea actualizat\u0103 pentru 2024 va fi disponibil\u0103 p\u00e2n\u0103 cel t\u00e2rziu \u00een 04\/2024)<\/p>\n<p>- DE <a href=\"https:\/\/www.antstore.net\/shop\/images\/info\/de\/Gebrauchsanweisung%20Starter%20Set%20Habitat.pdf\">Gebrauchsanweisung Starter Set Habitat<\/a> (PDF 3,21 MB)<\/p>\n<p>- RO <a href=\"https:\/\/www.antstore.net\/shop\/images\/info\/en\/Instructions%20for%20use%20-%20Starter%20Set%20Habitat.pdf\">Instruc\u021biuni de utilizare - Starter Set Habitat<\/a> (PDF 3,21 MB)<\/p>\n<p>- ES <a href=\"https:\/\/www.antstore.net\/shop\/images\/info\/es\/Manual%20de%20instrucciones%20-%20Set%20de%20inicio%20H%C3%A1bitat.pdf\">Manual de instruc\u021biuni - Set de pornire H\u00e1bitat<\/a> (PDF 3,21 MB)<\/p>\n<p>- FR <a href=\"https:\/\/www.antstore.net\/shop\/images\/info\/fr\/Manuel%20d'instruction%20-%20Kit%20de%20d%C3%A9marrage%20Habitat.pdf\">Manuel d'instruction - Kit de d\u00e9marrage Habitat<\/a> (PDF 3,21 MB)<\/p>\n<p><strong>Not\u0103 privind mierea de albine:<\/strong><br \/>\nCon\u021binut: 10 ml<br \/>\nAcesta este un produs natural, pe care l-am rafinat \u00een urma unor teste extinse \u00een laboratorul nostru \u0219i l-am transformat \u00eentr-un aliment foarte bine acceptat de furnici. Motivul este c\u0103 mierea de miere de albine neprocesat\u0103 \u00een forma sa original\u0103 concentrat\u0103 nu este bine acceptat\u0103 de furnici \u0219i de metabolismul acestora.<br \/>\nMierea noastr\u0103 a fost colectat\u0103 \u00een p\u0103durile s\u0103lbatice \u0219i nepoluate de munte din Bulgaria. Mierea de albine este produs\u0103 doar pentru o perioad\u0103 foarte limitat\u0103 de timp, aproximativ dou\u0103 luni \u00een timpul verii. Prin urmare, este foarte rar\u0103. Datorit\u0103 caracteristicilor specifice ale solului din p\u0103duri \u0219i a climei, \u00een frunzele copacilor sunt stocate substan\u021be nutritive esen\u021biale, care sunt absorbite de afide. Aceasta este ceea ce face ca acest amestec de mierea de albine s\u0103 fie at\u00e2t de dorit de furnici.<\/p>\n<p><strong>Cerere:<\/strong><br \/>\nCantitatea de alimente trebuie consumat\u0103 \u00een aproximativ 3 zile.<\/p>\n<p><strong>Descriere:<\/strong><br \/>\nSpre deosebire de mierea de flori, mierea de miere este ob\u021binut\u0103 din secre\u021biile insectelor care sug plantele, cum ar fi afidele. Mierea de miere este o surs\u0103 popular\u0103 de hran\u0103 pentru multe insecte, cum ar fi furnicile, albinele \u0219i bondarii. Albinele \u0219i bondarii o ling de pe frunzele sau de pe ace de la diver\u0219i copaci. Furnicile, cum ar fi Lasius niger, \u021bin la propriu afidele. Ele chiar \u00eei ap\u0103r\u0103 de pr\u0103d\u0103tori \u0219i \u00eei transport\u0103 la l\u0103starii proaspe\u021bi.<\/p>\n<p>Mierea de albine este deosebit de popular\u0103 printre furnici datorit\u0103 componentelor sale oarecum diferite. Principalele zaharuri din mierea de albine sunt zaharoza \u0219i fructoza, dar se g\u0103sesc \u0219i cantit\u0103\u021bi mai mici de maltoz\u0103, trehaloz\u0103, melezitoz\u0103, rafinoz\u0103 \u0219i alte oligozaharide. Pe l\u00e2ng\u0103 zah\u0103r \u0219i ap\u0103, mierea de albine con\u021bine, de asemenea, aminoacizi esen\u021biali, minerale, oligoelemente, adenozine, fosfa\u021bi \u0219i alte ingrediente, cum ar fi vitaminele.<\/p>\n<p><strong>Utilizare:<\/strong><br \/>\nPentru speciile de furnici m\u00e2nc\u0103toare de miere (Meliphagidae)<br \/>\nAcesta este un furaj suplimentar<br \/>\nAcesta poate fi oferit animalelor sub form\u0103 de hran\u0103. Deoarece concentra\u021bia de zah\u0103r este redus\u0103 de umiditate \u0219i \u00eencepe un proces de fermentare, hrana trebuie \u00eenlocuit\u0103 la fiecare 3 zile. Cur\u0103\u021ba\u021bi bine bolul\/tubul de hr\u0103nire \u00eenainte de a-l reutiliza.<br \/>\nOdat\u0103 deschis, ambalajul trebuie p\u0103strat bine \u00eenchis p\u00e2n\u0103 la data de expirare.<\/p>\n<p><strong>Informa\u021bii nutri\u021bionale per 100 g:<\/strong><br \/>\naprox. 2,7 % gr\u0103simi<br \/>\ndin care saturate aprox. 0,45 %<br \/>\naprox. 95 % carbohidra\u021bi<br \/>\ndin care zah\u0103r aproximativ 71<br \/>\naproximativ 2,85% proteine<br \/>\nMinerale (potasiu, calciu, cupru, fier, fier, sodiu, magneziu, fosfor, zinc \u0219i alte oligoelemente) Aminoacizi (prolin\u0103, leucin\u0103, fenilalanin\u0103, alanin\u0103, histidin\u0103, izoleucin\u0103, acid glutamic, arginin\u0103, acid aspartic etc.) Acizi organici Enzime (fermen\u021bi)Arome Inhibitori (substan\u021be antibacteriene) Flori Polen<\/p>\n<p><strong>Depozitare:<\/strong><br \/>\nPentru a asigura calitatea furajelor, acestea trebuie depozitate \u00eentr-un loc \u00eentunecat \u0219i uscat.<\/p>\n<p><strong>Not\u0103:<\/strong><br \/>\nInforma\u021bii privind utilizarea tuburilor de alimentare pot fi g\u0103site aici: Link<br \/>\nHran\u0103 suplimentar\u0103 pentru furnicile m\u00e2nc\u0103toare de miere.<br \/>\nV\u0103 rug\u0103m s\u0103 consulta\u021bi prospectul pentru compozi\u021bie, ingrediente analitice, data limit\u0103 de consum \u0219i num\u0103rul de lot.<\/p>\n<p>Linia telefonic\u0103 pentru informa\u021bii +49 30 439703870<\/p>\n<p>Inspectoratul veterinar \u0219i alimentar responsabil:<br \/>\nCabinet veterinar Steglitz<br \/>\nK\u00f6nigin-Luise-Str. 92<br \/>\n14195 Berlin<\/p>\n<p><strong>Not\u0103 privind greierii blan\u0219i\u021bi:<\/strong><br \/>\nGreierii no\u0219tri blan\u0219i sunt o modalitate u\u0219oar\u0103 de a oferi furnicilor o hran\u0103 proteic\u0103 proasp\u0103t conservat\u0103, f\u0103r\u0103 a fi nevoie s\u0103 le hr\u0103ni\u021bi cu insecte vii. Greierii con\u021binu\u021bi (Acheta domesticus) au fost blan\u0219ati u\u0219or pentru a se asigura c\u0103 valorile nutri\u021bionale, gustul \u0219i aroma sunt p\u0103strate. \u00cen plus, carapacea chitinoas\u0103 a insectelor este \u00eenmuiat\u0103 \u00een acest mod, astfel \u00eenc\u00e2t s\u0103 poat\u0103 fi digerat\u0103 mai u\u0219or. Leg\u0103turile proteinelor de colagen sunt rupte, astfel \u00eenc\u00e2t furnicile s\u0103 le poat\u0103 utiliza mai bine. Conservele de Acheta domesticus au aceea\u0219i valoare nutritiv\u0103 ca \u0219i greierii vii, dar sunt mai u\u0219or de digerat.<\/p>\n<p>Greierii albicio\u0219i nu sunt potrivi\u021bi pentru v\u00e2narea speciilor de furnici care necesit\u0103 hran\u0103 vie (de exemplu, ponarine (furnici mari), cum ar fi Harpegnathos sau Odontomachus).<\/p>\n<p><strong>Alte avantaje:<\/strong><br \/>\nGarantat f\u0103r\u0103 acarieni<br \/>\nPoate fi por\u021bionat<br \/>\nSterilizat \u0219i vidat<br \/>\nF\u0103r\u0103 aditivi<br \/>\nGreieri proveni\u021bi din cre\u0219terea sustenabil\u0103 pur organic\u0103, hr\u0103ni\u021bi cu de\u0219euri organice<\/p>\n<p><strong>V\u0103 rug\u0103m s\u0103 re\u021bine\u021bi:<\/strong><br \/>\nPoate fi p\u0103strat la frigider timp de aproximativ patru zile dup\u0103 deschidere. Termen de valabilitate mai lung dac\u0103 este congelat.<\/p>","protected":false},"excerpt":{"rendered":"<p>Setul este format din 34 de piese<\/p>\n<p>Dimensiune: <span style=\"color: #0000ff;\"><strong>L<\/strong><\/span><\/p>","protected":false},"featured_media":7132,"comment_status":"open","ping_status":"closed","template":"","meta":{"_acf_changed":false,"content-type":"","_monsterinsights_skip_tracking":false,"_monsterinsights_sitenote_active":false,"_monsterinsights_sitenote_note":"","_monsterinsights_sitenote_category":0},"product_brand":[],"product_cat":[355,73,74],"product_tag":[],"class_list":{"0":"post-6561","1":"product","2":"type-product","3":"status-publish","4":"has-post-thumbnail","6":"product_cat-bundle-offers","7":"product_cat-starter-sets","8":"product_cat-starter-sets-habitat","10":"first","11":"instock","12":"taxable","13":"shipping-taxable","14":"purchasable","15":"product-type-simple"},"acf":[],"aioseo_notices":[],"jetpack_sharing_enabled":true,"_links":{"self":[{"href":"https:\/\/antcube.shop\/ro\/wp-json\/wp\/v2\/product\/6561","targetHints":{"allow":["GET"]}}],"collection":[{"href":"https:\/\/antcube.shop\/ro\/wp-json\/wp\/v2\/product"}],"about":[{"href":"https:\/\/antcube.shop\/ro\/wp-json\/wp\/v2\/types\/product"}],"replies":[{"embeddable":true,"href":"https:\/\/antcube.shop\/ro\/wp-json\/wp\/v2\/comments?post=6561"}],"wp:featuredmedia":[{"embeddable":true,"href":"https:\/\/antcube.shop\/ro\/wp-json\/wp\/v2\/media\/7132"}],"wp:attachment":[{"href":"https:\/\/antcube.shop\/ro\/wp-json\/wp\/v2\/media?parent=6561"}],"wp:term":[{"taxonomy":"product_brand","embeddable":true,"href":"https:\/\/antcube.shop\/ro\/wp-json\/wp\/v2\/product_brand?post=6561"},{"taxonomy":"product_cat","embeddable":true,"href":"https:\/\/antcube.shop\/ro\/wp-json\/wp\/v2\/product_cat?post=6561"},{"taxonomy":"product_tag","embeddable":true,"href":"https:\/\/antcube.shop\/ro\/wp-json\/wp\/v2\/product_tag?post=6561"}],"curies":[{"name":"wp","href":"https:\/\/api.w.org\/{rel}","templated":true}]}}