{"id":6559,"date":"2023-12-04T11:33:22","date_gmt":"2023-12-04T10:33:22","guid":{"rendered":"https:\/\/antcube.shop\/product\/heizmatte-26x28cm-14w\/"},"modified":"2026-03-30T10:31:01","modified_gmt":"2026-03-30T08:31:01","slug":"covor-de-incalzire-26x28cm-14w","status":"publish","type":"product","link":"https:\/\/antcube.shop\/ro\/produs\/covor-de-incalzire-26x28cm-14w\/","title":{"rendered":"Covora\u0219 de \u00eenc\u0103lzire 26x28cm - 14W"},"content":{"rendered":"<p><strong>Dimensiuni:<\/strong> 26 x 28 cm<\/p>\n<p><strong>Putere:<\/strong> 14 wa\u021bi<\/p>\n<p><strong>Temperatura de suprafa\u021b\u0103:<\/strong> 28-32 \u00b0C<\/p>\n<p><strong>Descriere:<\/strong> Covora\u0219 de \u00eenc\u0103lzire pentru formicarium - deosebit de potrivit pentru speciile din \u021b\u0103rile calde. Covora\u0219ele de \u00eenc\u0103lzire emit c\u0103ldur\u0103 radiant\u0103 \u00een infraro\u0219u, asem\u0103n\u0103toare cu \u00eenc\u0103lzitoarele radiante ceramice. Razele \u00eenc\u0103lzesc obiectele \u0219i animalele f\u0103r\u0103 a cre\u0219te semnificativ temperatura aerului. Prin urmare, acestea sunt ideale pentru a oferi locuri pentru \"b\u0103i de soare\". Astfel, orice gradient de temperatur\u0103 necesar \u00een formicarium poate fi mai bine realizat \u0219i controlat. Aceste covora\u0219e de \u00eenc\u0103lzire sunt autoadezive \u0219i, prin urmare, pot fi ata\u0219ate cu u\u0219urin\u021b\u0103 la formicarium.<\/p>\n<p><strong>Not\u0103:<\/strong> Nu a\u0219eza\u021bi niciodat\u0103 elementele de \u00eenc\u0103lzire direct sub un formicarium; trebuie s\u0103 v\u0103 asigura\u021bi \u00eentotdeauna c\u0103 c\u0103ldura poate fi disipat\u0103 pentru a preveni acumularea de c\u0103ldur\u0103 sau deteriorarea formicariumului.<\/p>","protected":false},"excerpt":{"rendered":"<p><strong>Dimensiuni:<\/strong> 26 x 28 cm \/ fi\u0219\u0103 Euro pentru 230 vol\u021bi<\/p>","protected":false},"featured_media":6619,"comment_status":"open","ping_status":"closed","template":"","meta":{"_acf_changed":false,"content-type":"","_monsterinsights_skip_tracking":false,"_monsterinsights_sitenote_active":false,"_monsterinsights_sitenote_note":"","_monsterinsights_sitenote_category":0},"product_brand":[],"product_cat":[359,119],"product_tag":[],"class_list":{"0":"post-6559","1":"product","2":"type-product","3":"status-publish","4":"has-post-thumbnail","6":"product_cat-light-heat-humidity","7":"product_cat-formicarium-components","9":"first","10":"instock","11":"taxable","12":"shipping-taxable","13":"purchasable","14":"product-type-simple"},"acf":[],"aioseo_notices":[],"jetpack_sharing_enabled":true,"_links":{"self":[{"href":"https:\/\/antcube.shop\/ro\/wp-json\/wp\/v2\/product\/6559","targetHints":{"allow":["GET"]}}],"collection":[{"href":"https:\/\/antcube.shop\/ro\/wp-json\/wp\/v2\/product"}],"about":[{"href":"https:\/\/antcube.shop\/ro\/wp-json\/wp\/v2\/types\/product"}],"replies":[{"embeddable":true,"href":"https:\/\/antcube.shop\/ro\/wp-json\/wp\/v2\/comments?post=6559"}],"wp:featuredmedia":[{"embeddable":true,"href":"https:\/\/antcube.shop\/ro\/wp-json\/wp\/v2\/media\/6619"}],"wp:attachment":[{"href":"https:\/\/antcube.shop\/ro\/wp-json\/wp\/v2\/media?parent=6559"}],"wp:term":[{"taxonomy":"product_brand","embeddable":true,"href":"https:\/\/antcube.shop\/ro\/wp-json\/wp\/v2\/product_brand?post=6559"},{"taxonomy":"product_cat","embeddable":true,"href":"https:\/\/antcube.shop\/ro\/wp-json\/wp\/v2\/product_cat?post=6559"},{"taxonomy":"product_tag","embeddable":true,"href":"https:\/\/antcube.shop\/ro\/wp-json\/wp\/v2\/product_tag?post=6559"}],"curies":[{"name":"wp","href":"https:\/\/api.w.org\/{rel}","templated":true}]}}