{"id":6377,"date":"2023-10-06T18:09:26","date_gmt":"2023-10-06T16:09:26","guid":{"rendered":"https:\/\/antcube.shop\/product\/bundle-offer-polyrhachis-dives\/"},"modified":"2026-03-27T18:08:09","modified_gmt":"2026-03-27T17:08:09","slug":"bundle-oferta-polyrhachis-dives","status":"publish","type":"product","link":"https:\/\/antcube.shop\/ro\/produs\/bundle-oferta-polyrhachis-dives\/","title":{"rendered":"Ofert\u0103 pachet - Polyrhachis dives"},"content":{"rendered":"<p dir=\"ltr\"><span data-text-color=\"alert\"><strong><span data-text-color=\"secondary\">Pachet de ofert\u0103 care include o colonie de furnici de scafandru Polyrhachis (regin\u0103 cu 26-50 de lucr\u0103toare + puiet), un set de pornire pentru furnici \u021bes\u0103toare cu 1x baz\u0103 de formicarium, 1x arbust ornamental \u0219i 1x minge de cuib ca loc de cuib\u0103rit \u0219i 1x platform\u0103 magnetic\u0103 pentru o hr\u0103nire mai u\u0219oar\u0103.<\/span><br \/>\n<\/strong><\/span><\/p>\n<p><span data-text-color=\"alert\"><strong>Numai \u00een limita stocului disponibil.<\/strong><\/span><\/p>\n<p><strong>Tot ce ave\u021bi nevoie pentru o colonie de furnici Polyrhachis dives<\/strong><br \/>\nAcest pachet con\u021bine tot ceea ce ave\u021bi nevoie pentru a reu\u0219i s\u0103 face\u021bi ca o colonie de Polyrhachis dives s\u0103 treac\u0103 cu succes de primele c\u00e2teva luni. Este extensibil \u00een mod flexibil \u0219i se potrive\u0219te \u00een mod explicit pentru \u00eencep\u0103torii \u00een cre\u0219terea furnicilor.<\/p>\n<p><strong>Specia de furnici Polyrhachis se scufund\u0103:<\/strong><br \/>\nPolyrhachis dives provine din Asia \u0219i Australia \u0219i are o arie de distribu\u021bie ceva mai mare. Caracteristic pentru aceast\u0103 specie este colorarea argintie spre auriu pe corpul de altfel negru-maroniu al animalelor. Sunt ceva mai mici dec\u00e2t Oecophylla, tr\u0103iesc adesea aproape de sol \u0219i le place s\u0103 \u00ee\u0219i construiasc\u0103 cuiburile pe pietre sau pe scoar\u021b\u0103 de copac. \u00ce\u0219i folosesc larvele pentru a \u021bese cuibul, dar din punct de vedere \u0219tiin\u021bific nu apar\u021bin \"furnicilor \u021bes\u0103toare adev\u0103rate\", precum Oecophylla, de\u0219i, \u00een principiu, folosesc aproape aceea\u0219i tehnic\u0103 de \u021besut. Speciile din genul Polyrhachis au uneori colonii destul de mici, de cel mult c\u00e2teva mii de animale. Potrivit rapoartelor, scaie\u021bii Polyrhachis pot forma chiar \u0219i colonii cu c\u00e2teva sute de regine \u0219i p\u00e2n\u0103 la c\u00e2teva sute de mii de lucr\u0103toare \u00een condi\u021bii perfecte. Cu toate acestea, acest lucru nu va fi cazul atunci c\u00e2nd sunt \u021binute acas\u0103.<\/p>\n<p>Polyrhachis dives este poligin\u0103, ceea ce \u00eenseamn\u0103 c\u0103 poate avea mai multe regine \u00een acela\u0219i timp. Acest lucru \u00eenseamn\u0103 c\u0103 dimensiunea coloniei poate cre\u0219te foarte repede \u0219i c\u0103 are nevoie de mult\u0103 hran\u0103 \u0219i spa\u021biu. Prin urmare, formicarul ar trebui s\u0103 fie, de asemenea, extensibil. Datorit\u0103 dimensiunii coloniei lor, sunt destul de agile \u0219i adev\u0103ra\u021bi speciali\u0219ti \u00een evadare. Prin urmare, trebuie avut grij\u0103 s\u0103 se asigure o bun\u0103 protec\u021bie \u00eempotriva evad\u0103rii.<\/p>\n<p><strong>Cuib pentru Polyrhachis dives<\/strong><br \/>\n\u00cen formicarium, Polyrhachis dives va accepta aproape orice material de construc\u021bie pe care i-l oferi\u021bi. De la nisip, resturi de animale mici sau frunze, p\u00e2n\u0103 la plut\u0103 \u0219i buc\u0103\u021bi de lemn sau pietre mici, ei \u00eempletesc \u00een cuiburile lor tot ceea ce le ofer\u0103 natura din jurul casei lor. De mul\u021bi ani ne p\u0103str\u0103m coloniile de Polyrhachis cu a\u0219a-numitele bile de cuib. \u00cen acest set am inclus \u0219i un arbust ornamental, astfel \u00eenc\u00e2t mingea de cuib s\u0103 poat\u0103 fi plasat\u0103 pu\u021bin mai sus de sol, a\u0219a cum se \u00eent\u00e2mpl\u0103 de obicei \u00een natur\u0103.<\/p>\n<p><strong>Hran\u0103 pentru scufund\u0103rile Polyrhachis<\/strong><br \/>\nCa hran\u0103, am inclus \u00een acest set greierii no\u0219tri \u00eentregi albiti \u0219i mierea de albine. Ambele sunt foarte bine acceptate de c\u0103tre divele Polyrhachis \u0219i sus\u021bin o dezvoltare natural\u0103 \u0219i pozitiv\u0103 a coloniei datorit\u0103 nutrien\u021bilor con\u021binu\u021bi.<\/p>\n<p><strong>Condi\u021biile climatice optime pentru scufund\u0103rile Polyrhachis sunt urm\u0103toarele:<\/strong><br \/>\nUmiditate:<br \/>\nArena: 50 - 70% Zona de cuib: 60 - 80%<br \/>\nTemperatura:<br \/>\nArena: \u00cen timpul zilei: 28 - 30\u00b0C \u00cen timpul nop\u021bii: 24 - 28\u00b0C Zona de cuib: 28- 30\u00b0C<\/p>\n<p><strong>Con\u021binut:<\/strong><\/p>\n<p>1x Polyrhachis dives (2 queens + 26-50 workers + brood)<br \/>\n1x minge de cuib natural 10 cm - grosier<br \/>\n1x Platforma de col\u021b ANTCUBE 8\u00d78 - magnet<br \/>\n1x Tufi\u0219 decorativ de de\u0219ert 30x15cm - maro \u00eenchis<br \/>\n1x amestec de miere de albine, pachet de reumplere 10ml<br \/>\n1x Cricket Jam 25g<br \/>\n1x Formicarium baz\u0103 20\u00d720<\/p>\n<p>1x ANTCUBE - Arena 20x20x40 - Mare<br \/>\n1x cadru pentru arena de furnici 20\u00d720<br \/>\n1x capacul arenei pentru furnici 20\u00d720<br \/>\n4x puncte de fixare pentru capacul arenei<\/p>\n<p>1x substrat - rainforest - 1 kg<br \/>\n1x perete spate foto - rainforest - 20\u00d740 - \u00eenalt<br \/>\n1x Sticl\u0103 de pulverizare pulverizator 0,5 litri - duz\u0103 din alam\u0103<\/p>\n<p>2x Grid insert acrylic &#8211; 50 mm with sealing ring<br \/>\n2x Grid insert acrylic &#8211; 27 mm with sealing ring<\/p>\n<p>1x penset\u0103 din o\u021bel cu arc, larg\u0103 - moale<br \/>\n1x penset\u0103 de plastic standard<br \/>\n1x pipet\u0103 de plastic 3ml<br \/>\n1x Ulei de protec\u021bie \u00eempotriva focarelor de furnici 10ml<br \/>\n1x drinking clear 5ml &#8211; sponge<br \/>\n1x Feeding dish white rectangle &#8211; 3 compartments<br \/>\n1x Drinking trough 2ml &#8211; 360 Degrees<br \/>\n1x Lupa de m\u00e2n\u0103 - 2x - 30mm<br \/>\n1x \u0219terg\u0103tor de spum\u0103 150x18x2,5mm<\/p>\n<p>&nbsp;<\/p>\n<p><strong>Descriere Set de pornire pentru furnici \u021bes\u0103toare:<\/strong><br \/>\nAcest set de pornire extensibil pentru diferite specii de furnici \u021bes\u0103toare, cum ar fi Polyrhachis spec. sau Oecophylla spec. include nu numai formicarul optim adaptat, ci \u0219i accesoriile adecvate pentru cre\u0219terea acestei specii de furnici. Potrivit pentru colonii de p\u00e2n\u0103 la aprox. 500-1000 de animale. Pentru colonii mai mari recomand\u0103m un formicarium de 30x30x60cm. Be\u021bi\u0219orul \"transparent 20ml - burete\" este destinat apei, iar be\u021bi\u0219orul \"2ml - 360 grade\" pentru amestecul de mierea de albine.<\/p>\n<p><strong>Important:<\/strong> V\u0103 rug\u0103m s\u0103 umezi\u021bi substratul \u00eenainte de utilizare, astfel \u00eenc\u00e2t amestecul s\u0103 se lege \u0219i s\u0103 se fixeze bine \u00een furnicar. \u00cen plus, un substrat uscat \u0219i pr\u0103fuit poate duce la blocarea c\u0103ilor respiratorii ale furnicilor \u0219i, \u00een cel mai r\u0103u caz, la sufocarea animalelor.<\/p>\n<p><strong>Note privind produc\u021bia<\/strong><br \/>\nSticla este t\u0103iat\u0103 la dimensiune \u00een conformitate cu DIN 1249 cu o toleran\u021b\u0103 de +\/- 1 mm. O protec\u021bie suplimentar\u0103 \u00eempotriva spargerii este esen\u021bial\u0103 pentru speciile de furnici extrem de mici.<\/p>\n<p><strong>Not\u0103 privind greierii blan\u0219i\u021bi:<\/strong><br \/>\nGreierii no\u0219tri blan\u0219i sunt o modalitate u\u0219oar\u0103 de a oferi furnicilor o hran\u0103 proteic\u0103 proasp\u0103t conservat\u0103, f\u0103r\u0103 a fi nevoie s\u0103 le hr\u0103ni\u021bi cu insecte vii. Greierii con\u021binu\u021bi (Acheta domesticus) au fost blan\u0219ati u\u0219or pentru a se asigura c\u0103 valorile nutri\u021bionale, gustul \u0219i aroma sunt p\u0103strate. \u00cen plus, carapacea chitinoas\u0103 a insectelor este \u00eenmuiat\u0103 \u00een acest mod, astfel \u00eenc\u00e2t s\u0103 poat\u0103 fi digerat\u0103 mai u\u0219or. Leg\u0103turile proteinelor de colagen sunt rupte, astfel \u00eenc\u00e2t furnicile s\u0103 le poat\u0103 utiliza mai bine. Conservele de Acheta domesticus au aceea\u0219i valoare nutritiv\u0103 ca \u0219i greierii vii, dar sunt mai u\u0219or de digerat.<\/p>\n<p>Greierii albicio\u0219i nu sunt potrivi\u021bi pentru v\u00e2narea speciilor de furnici care necesit\u0103 hran\u0103 vie (de exemplu, ponarine (furnici mari), cum ar fi Harpegnathos sau Odontomachus).<\/p>\n<p>Alte avantaje:<br \/>\nGarantat f\u0103r\u0103 acarieni<br \/>\nPoate fi por\u021bionat<br \/>\nSterilizat \u0219i vidat<br \/>\nF\u0103r\u0103 aditivi<br \/>\nGreieri proveni\u021bi din cre\u0219terea sustenabil\u0103 pur organic\u0103, hr\u0103ni\u021bi cu de\u0219euri organice<\/p>\n<p><strong>V\u0103 rug\u0103m s\u0103 re\u021bine\u021bi:<\/strong><br \/>\nPoate fi p\u0103strat la frigider timp de aproximativ patru zile dup\u0103 deschidere. Termen de valabilitate mai lung dac\u0103 este congelat.<\/p>\n<p><strong>Not\u0103 privind mierea de albine:<\/strong><br \/>\nCuprins: 10 ml<br \/>\nAcesta este un produs natural, pe care l-am rafinat \u00een urma unor teste extinse \u00een laboratorul nostru \u0219i l-am transformat \u00eentr-un aliment foarte bine acceptat de furnici. Motivul este c\u0103 mierea de miere de albine neprocesat\u0103 \u00een forma sa original\u0103 concentrat\u0103 nu este bine acceptat\u0103 de furnici \u0219i de metabolismul acestora.<br \/>\nMierea noastr\u0103 a fost colectat\u0103 \u00een p\u0103durile s\u0103lbatice \u0219i nepoluate de munte din Bulgaria. Mierea de albine este produs\u0103 doar pentru o perioad\u0103 foarte limitat\u0103 de timp, aproximativ dou\u0103 luni \u00een timpul verii. Prin urmare, este foarte rar\u0103. Datorit\u0103 caracteristicilor specifice ale solului din p\u0103duri \u0219i a climei, \u00een frunzele copacilor sunt stocate substan\u021be nutritive esen\u021biale, care sunt absorbite de afide. Aceasta este ceea ce face ca acest amestec de mierea de albine s\u0103 fie at\u00e2t de dorit de furnici.<\/p>\n<p><strong>Cerere:<\/strong><br \/>\nCantitatea de alimente trebuie consumat\u0103 \u00een aproximativ 3 zile.<\/p>\n<p><strong>Descriere:<\/strong><br \/>\nSpre deosebire de mierea de flori, mierea de miere este ob\u021binut\u0103 din secre\u021biile insectelor care sug plantele, cum ar fi afidele. Mierea de miere este o surs\u0103 popular\u0103 de hran\u0103 pentru multe insecte, cum ar fi furnicile, albinele \u0219i bondarii. Albinele \u0219i bondarii o ling de pe frunzele sau de pe ace de la diver\u0219i copaci. Furnicile, cum ar fi Lasius niger, \u021bin la propriu afidele. Ele chiar \u00eei ap\u0103r\u0103 de pr\u0103d\u0103tori \u0219i \u00eei transport\u0103 la l\u0103starii proaspe\u021bi.<\/p>\n<p>Mierea de albine este deosebit de popular\u0103 printre furnici datorit\u0103 componentelor sale oarecum diferite. Principalele zaharuri din mierea de albine sunt zaharoza \u0219i fructoza, dar se g\u0103sesc \u0219i cantit\u0103\u021bi mai mici de maltoz\u0103, trehaloz\u0103, melezitoz\u0103, rafinoz\u0103 \u0219i alte oligozaharide. Pe l\u00e2ng\u0103 zah\u0103r \u0219i ap\u0103, mierea de albine con\u021bine, de asemenea, aminoacizi esen\u021biali, minerale, oligoelemente, adenozine, fosfa\u021bi \u0219i alte ingrediente, cum ar fi vitaminele.<\/p>\n<p><strong>Utilizare:<\/strong><br \/>\nPentru speciile de furnici m\u00e2nc\u0103toare de miere (Meliphagidae)<br \/>\nAcesta este un furaj suplimentar<br \/>\nAcesta poate fi oferit animalelor sub form\u0103 de hran\u0103. Deoarece concentra\u021bia de zah\u0103r este redus\u0103 de umiditate \u0219i \u00eencepe un proces de fermentare, hrana trebuie \u00eenlocuit\u0103 la fiecare 3 zile. Cur\u0103\u021ba\u021bi bine bolul\/tubul de hr\u0103nire \u00eenainte de a-l reutiliza.<br \/>\nOdat\u0103 ce un ambalaj a fost deschis, acesta trebuie p\u0103strat bine \u00eenchis p\u00e2n\u0103 la data de expirare.<br \/>\nInforma\u021bii nutri\u021bionale per 100 g:<br \/>\naprox. 2,7 % gr\u0103simi<br \/>\ndin care saturate aprox. 0,45 %<br \/>\naprox. 95 % carbohidra\u021bi<br \/>\ndin care zah\u0103r aproximativ 71<br \/>\naproximativ 2,85% proteine<\/p>\n<p>Minerale (potasiu, calciu, cupru, fier, fier, sodiu, magneziu, fosfor, zinc \u0219i alte oligoelemente) Aminoacizi (prolin\u0103, leucin\u0103, fenilalanin\u0103, alanin\u0103, histidin\u0103, izoleucin\u0103, acid glutamic, arginin\u0103, acid aspartic etc.) Acizi organici Enzime (fermen\u021bi)Arome Inhibitori (substan\u021be antibacteriene) Flori Polen<\/p>\n<p><strong>Depozitare:<\/strong><br \/>\nPentru a asigura calitatea furajelor, acestea trebuie depozitate \u00eentr-un loc \u00eentunecat \u0219i uscat.<\/p>\n<p><strong>Not\u0103:<\/strong><br \/>\nInforma\u021bii privind utilizarea tuburilor de alimentare pot fi g\u0103site aici: Link<br \/>\nHran\u0103 suplimentar\u0103 pentru furnicile m\u00e2nc\u0103toare de miere.<br \/>\nV\u0103 rug\u0103m s\u0103 consulta\u021bi prospectul pentru compozi\u021bie, ingrediente analitice, data limit\u0103 de consum \u0219i num\u0103rul de lot.<\/p>\n<p>Linia telefonic\u0103 pentru informa\u021bii +49 30 439703870<\/p>\n<p>Inspectoratul veterinar \u0219i alimentar responsabil:<br \/>\nCabinet veterinar Steglitz<br \/>\nK\u00f6nigin-Luise-Str. 92<br \/>\n14195 Berlin<\/p>\n<p><strong>Descriere Arbust ornamental<\/strong><\/p>\n<p>Dimensiune \/ \u00een\u0103l\u021bime 17 cm p\u00e2n\u0103 la 19 cm, diametru ~ 10 cm -12 cm, ideal pentru arenele de 30x30x30 cm \u0219i mai mari.<br \/>\nGreutatea variaz\u0103 \u00eentre 50 \u0219i 80 de grame<\/p>\n<p>Articol decorativ care const\u0103 dintr-un arbust de lemn uscat natural \u0219i o baz\u0103 din r\u0103\u0219in\u0103 sintetic\u0103 (plac\u0103 de baz\u0103).<br \/>\nAcest arbust ornamental a fost realizat manual \u00een Germania \u0219i, prin urmare, se caracterizeaz\u0103 prin durabilitate.<\/p>\n<p><strong>ATEN\u021aIE:<\/strong> V\u0103 rug\u0103m s\u0103 nu \u00eel plasa\u021bi \u00een formicaria foarte umed\u0103 (peste 60% umiditate). Tufa ar putea \u00eencepe s\u0103 muceg\u0103iasc\u0103. Cu o ventila\u021bie foarte bun\u0103, tufa poate fi plasat\u0103 \u0219i \u00een formicaria mai umed\u0103.<\/p>\n<p>Din cauza \u00een\u0103l\u021bimii, unii arbu\u0219ti ornamentali nu pot fi \u021binu\u021bi singuri \u00een formicarium. \u00cen acest caz, este util s\u0103 acoperi\u021bi pu\u021bin baza cu substrat sau s\u0103 plasa\u021bi produsul aproape de geamurile exterioare.<\/p>\n<p><span data-text-color=\"alert\"><strong>NOT\u0102 IMPORTANT\u0102 PRIVIND ARTICOLUL:<\/strong><\/span><br \/>\nFiind vorba de un produs natural \/ articol unic, ilustra\u021biile de aici nu sunt complet identice cu articolul pe care \u00eel primi\u021bi. Pot exista abateri \u00een ceea ce prive\u0219te dimensiunea, forma \u0219i culoarea mini-copilului \u0219i a pl\u0103cii de baz\u0103 din ardezie de carier\u0103. Garant\u0103m doar \u00een\u0103l\u021bimea maxim\u0103 a articolului.<\/p>\n<p>Prin comandarea acestui articol, sunte\u021bi de acord \u0219i consim\u021bi\u021bi\u021bi la posibilele abateri men\u021bionate mai sus ale produsului \u00een ceea ce prive\u0219te dimensiunea, forma \u0219i culoarea \u00een momentul achizi\u021biei.<\/p>","protected":false},"excerpt":{"rendered":"<p>Setul este format din 31 de piese.<br \/>\nDimensiune: <strong>XL<\/strong><\/p>","protected":false},"featured_media":7116,"comment_status":"open","ping_status":"closed","template":"","meta":{"_acf_changed":false,"content-type":"","_monsterinsights_skip_tracking":false,"_monsterinsights_sitenote_active":false,"_monsterinsights_sitenote_note":"","_monsterinsights_sitenote_category":0},"product_brand":[],"product_cat":[355,354,73],"product_tag":[],"class_list":{"0":"post-6377","1":"product","2":"type-product","3":"status-publish","4":"has-post-thumbnail","6":"product_cat-bundle-offers","7":"product_cat-starter-sets-for-weaver-ants","8":"product_cat-starter-sets","10":"first","11":"instock","12":"taxable","13":"shipping-taxable","14":"purchasable","15":"product-type-simple"},"acf":[],"aioseo_notices":[],"jetpack_sharing_enabled":true,"_links":{"self":[{"href":"https:\/\/antcube.shop\/ro\/wp-json\/wp\/v2\/product\/6377","targetHints":{"allow":["GET"]}}],"collection":[{"href":"https:\/\/antcube.shop\/ro\/wp-json\/wp\/v2\/product"}],"about":[{"href":"https:\/\/antcube.shop\/ro\/wp-json\/wp\/v2\/types\/product"}],"replies":[{"embeddable":true,"href":"https:\/\/antcube.shop\/ro\/wp-json\/wp\/v2\/comments?post=6377"}],"wp:featuredmedia":[{"embeddable":true,"href":"https:\/\/antcube.shop\/ro\/wp-json\/wp\/v2\/media\/7116"}],"wp:attachment":[{"href":"https:\/\/antcube.shop\/ro\/wp-json\/wp\/v2\/media?parent=6377"}],"wp:term":[{"taxonomy":"product_brand","embeddable":true,"href":"https:\/\/antcube.shop\/ro\/wp-json\/wp\/v2\/product_brand?post=6377"},{"taxonomy":"product_cat","embeddable":true,"href":"https:\/\/antcube.shop\/ro\/wp-json\/wp\/v2\/product_cat?post=6377"},{"taxonomy":"product_tag","embeddable":true,"href":"https:\/\/antcube.shop\/ro\/wp-json\/wp\/v2\/product_tag?post=6377"}],"curies":[{"name":"wp","href":"https:\/\/api.w.org\/{rel}","templated":true}]}}