{"id":5936,"date":"2023-06-24T12:30:54","date_gmt":"2023-06-24T10:30:54","guid":{"rendered":"https:\/\/antcube.shop\/product\/antcube-starter-set-fur-ernteameisen-l-popcorn\/"},"modified":"2026-04-25T18:24:13","modified_gmt":"2026-04-25T16:24:13","slug":"antcube-starter-set-for-harvester-ants-l-popcorn","status":"publish","type":"product","link":"https:\/\/antcube.shop\/ro\/produs\/antcube-starter-set-for-harvester-ants-l-popcorn\/","title":{"rendered":"ANTCUBE Starter Set for Harvester Ants &#8211; L"},"content":{"rendered":"<div class=\"tab-body active\">\n<p><strong>Cuprins:<\/strong><br \/>\n1x ANTCUBE - Arena 20x20x10 - plat<br \/>\n1x cadru pentru arena de furnici 20\u00d720<br \/>\n1x capacul arenei pentru furnici 20\u00d720<br \/>\n1x puncte de fixare pentru capacul arenei 4 buc.<br \/>\n1x ANTCUBE - Ferm\u0103 de furnici - L - 20\u00d720 - vertical<\/p>\n<p>2x ANTCUBE - Digfix Terra nidum 20\u00d720 - L - bej<\/p>\n<p>1x 1m tub transparent 20\/16 mm<br \/>\n2x ANTCUBE - Folie ro\u0219ie 20\u00d720 - filtru<br \/>\n2x cleme adezive - transparente 2 buc.<br \/>\n1x substrat - de\u0219ert - 1 kg<\/p>\n<p>2x Grid insert acrylic &#8211; 50 mm with sealing ring<br \/>\n1x Grid insert acrylic &#8211; 27 mm with sealing ring<br \/>\n1x Grid cap &#8211; 10mm &#8211; stainless steel<\/p>\n<p>1x drinking clear 5ml &#8211; sponge<br \/>\n1x Feeding dish white rectangle &#8211; 3 compartments<\/p>\n<p>2x Foil thermometer &#8211; farm<br \/>\n1x Foil thermometer display<\/p>\n<p>1x conector pentru furtun rezervor 27-14,16,20 mm - transparent<br \/>\n1x Ulei de protec\u021bie \u00eempotriva evad\u0103rii furnicilor 10ml<br \/>\n1x Penset\u0103 din o\u021bel cu arc - larg\u0103 - moale<br \/>\n1x Penset\u0103 de plastic transparent<br \/>\n1x pipet\u0103 de plastic 3ml<br \/>\n1x lup\u0103 de m\u00e2n\u0103 - 2x - 30mm<br \/>\n1x \u0219terg\u0103tor de spum\u0103 150x18x2,5mm<br \/>\n1x spate foto - desert - 20\u00d710<\/p>\n<p><strong>Descriere:<\/strong><br \/>\nThis starter set is especially suitable for grain-collecting ant species of the genus Messor or Pogonomyrmex. One of these farms is intended for storing grains\/seeds and ant bread. To prevent the stored grains\/seeds from germinating or molding, it should be kept completely dry.<br \/>\nThe second farm is intended as a nest and breeding area for the ant colony. It should always be kept slightly moist.<\/p>\n<p><strong>Descrierea pl\u0103cii Terra nidum:<\/strong> Placa Terra nidum (cuib de p\u0103m\u00e2nt \u00een latin\u0103) din material s\u0103pabil se potrive\u0219te perfect pentru fermele noastre de furnici ANTCUBE. Poate fi utilizat\u0103 at\u00e2t \u00een stare uscat\u0103, c\u00e2t \u0219i umed\u0103. De asemenea, este potrivit\u0103 pentru multe specii de furnici, \u00een special pentru speciile care \u00ee\u0219i fac cuiburile \u00een nisip \u0219i lemn (mort). Poate fi folosit \u00een locul amestecurilor de nisip\/argil\u0103 sau al inser\u021biilor de plut\u0103 pentru cuiburi. Avantajul acestui cuib este c\u0103 umezirea pl\u0103cii este mai u\u0219or de controlat datorit\u0103 unei decolor\u0103ri clar vizibile, iar coloritul pl\u0103cii ofer\u0103 un super contrast cu speciile de furnici de obicei mai \u00eenchise la culoare. \u00cen plus, pl\u0103cile interioare ale furnicarului nu pot fi murd\u0103rite cu substrat, a\u0219a cum se \u00eent\u00e2mpl\u0103, de exemplu, \u00een cazul amestecurilor de nisip\/argil\u0103, ceea ce permite o vizualizare perfect\u0103 a cuibului. De asemenea, materialul nostru pentru cuiburi are o structur\u0103 mult mai ferm\u0103, astfel \u00eenc\u00e2t tunelurile \u0219i camerele s\u0103pate de furnici nu se pr\u0103bu\u0219esc.<\/p>\n<p><strong>Important: <\/strong>V\u0103 rug\u0103m s\u0103 umezi\u021bi substratul \u00eenainte de utilizare, astfel \u00eenc\u00e2t amestecul s\u0103 se lege \u0219i s\u0103 se fixeze bine \u00een furnicar. \u00cen plus, un substrat uscat \u0219i pr\u0103fuit poate duce la blocarea c\u0103ilor respiratorii ale furnicilor \u0219i, \u00een cel mai r\u0103u caz, la sufocarea animalelor.<\/p>\n<p><strong>Recomandare:<\/strong> Recomand\u0103m un strat de substrat cu o \u00een\u0103l\u021bime de 2 mm, astfel \u00eenc\u00e2t animalele s\u0103 nu poat\u0103 s\u0103pa \u00een aren\u0103 \u0219i s\u0103 foloseasc\u0103 \u00een schimb ferma prev\u0103zut\u0103 \u00een acest scop. De asemenea, recomand\u0103m ca materialul de cuib\u0103rit din ferm\u0103 (nisip\/argil\u0103, Digfix etc.) s\u0103 fie u\u0219or \u00een\u021bepat \u00eentr-un singur loc, pentru a facilita s\u0103parea animalelor.<\/p>\n<p><strong>Note privind produc\u021bia<\/strong><br \/>\nSticla este t\u0103iat\u0103 \u00een conformitate cu DIN 1249 cu o toleran\u021b\u0103 de +\/- 1 mm. Pentru speciile de furnici extrem de mici, este esen\u021bial\u0103 o protec\u021bie suplimentar\u0103 \u00eempotriva evad\u0103rii.<\/p>\n<p><strong>Note despre ferm\u0103<\/strong><br \/>\nC\u00e2nd ata\u0219a\u021bi sau scoate\u021bi furtunurile, v\u0103 rug\u0103m s\u0103 \u021bine\u021bi cont de urm\u0103toarele:<br \/>\n\u00cen cazul \u00een care tubulatura se potrive\u0219te foarte greu pe priza de conectare, aceasta trebuie frecat\u0103 u\u0219or cu o pic\u0103tur\u0103 din uleiul sau pulberea noastr\u0103 antiefrac\u021bie. Furtunul trebuie apoi \u00eempins pe priz\u0103 prin mi\u0219c\u0103ri de r\u0103sucire sau \u00een\u0219urubare, f\u0103r\u0103 a for\u021ba priza cu mi\u0219c\u0103ri de sus \u00een jos. Acela\u0219i lucru este valabil \u0219i atunci c\u00e2nd scoate\u021bi furtunurile din priza de conectare a fermei. V\u0103 rug\u0103m s\u0103 nu trage\u021bi pur \u0219i simplu de el!<\/p>\n<p><strong>Not\u0103 privind Terra nidum:<\/strong> Nuan\u021ba natural\u0103 a culorii poate varia \u00eentre bej \/ culoarea nisipului \u0219i maro deschis. Nuan\u021ba de culoare nu are nicio influen\u021b\u0103 asupra calit\u0103\u021bii.<br \/>\nDin cauza procesului de fabrica\u021bie, dimensiunile pot varia cu +\/- 1 mm.<\/p>\n<\/div>","protected":false},"excerpt":{"rendered":"<p>This set consists of 30 parts and is ideal for all grain-collecting ants species.<br \/>\nDimensiune: <span style=\"color: #0000ff;\"><strong>L<\/strong><\/span><\/p>","protected":false},"featured_media":5926,"comment_status":"open","ping_status":"closed","template":"","meta":{"_acf_changed":false,"content-type":"","_monsterinsights_skip_tracking":false,"_monsterinsights_sitenote_active":false,"_monsterinsights_sitenote_note":"","_monsterinsights_sitenote_category":0},"product_brand":[],"product_cat":[344,353,73,75],"product_tag":[],"class_list":{"0":"post-5936","1":"product","2":"type-product","3":"status-publish","4":"has-post-thumbnail","6":"product_cat-popcorn","7":"product_cat-starter-sets-for-harvester-ants","8":"product_cat-starter-sets","9":"product_cat-starter-sets-digfix","11":"first","12":"outofstock","13":"taxable","14":"shipping-taxable","15":"purchasable","16":"product-type-simple"},"acf":[],"aioseo_notices":[],"jetpack_sharing_enabled":true,"_links":{"self":[{"href":"https:\/\/antcube.shop\/ro\/wp-json\/wp\/v2\/product\/5936","targetHints":{"allow":["GET"]}}],"collection":[{"href":"https:\/\/antcube.shop\/ro\/wp-json\/wp\/v2\/product"}],"about":[{"href":"https:\/\/antcube.shop\/ro\/wp-json\/wp\/v2\/types\/product"}],"replies":[{"embeddable":true,"href":"https:\/\/antcube.shop\/ro\/wp-json\/wp\/v2\/comments?post=5936"}],"wp:featuredmedia":[{"embeddable":true,"href":"https:\/\/antcube.shop\/ro\/wp-json\/wp\/v2\/media\/5926"}],"wp:attachment":[{"href":"https:\/\/antcube.shop\/ro\/wp-json\/wp\/v2\/media?parent=5936"}],"wp:term":[{"taxonomy":"product_brand","embeddable":true,"href":"https:\/\/antcube.shop\/ro\/wp-json\/wp\/v2\/product_brand?post=5936"},{"taxonomy":"product_cat","embeddable":true,"href":"https:\/\/antcube.shop\/ro\/wp-json\/wp\/v2\/product_cat?post=5936"},{"taxonomy":"product_tag","embeddable":true,"href":"https:\/\/antcube.shop\/ro\/wp-json\/wp\/v2\/product_tag?post=5936"}],"curies":[{"name":"wp","href":"https:\/\/api.w.org\/{rel}","templated":true}]}}