{"id":5935,"date":"2023-06-24T12:30:33","date_gmt":"2023-06-24T10:30:33","guid":{"rendered":"https:\/\/antcube.shop\/product\/bundle-offer-messor-angularis\/"},"modified":"2025-10-19T06:01:04","modified_gmt":"2025-10-19T04:01:04","slug":"bundle-oferta-messor-angularis","status":"publish","type":"product","link":"https:\/\/antcube.shop\/ro\/produs\/bundle-oferta-messor-angularis\/","title":{"rendered":"Ofert\u0103 de pachet - Messor arenarius"},"content":{"rendered":"<div class=\"tab-body active\">\n<p><span data-text-color=\"secondary\"><strong>Ofert\u0103 de pachet care include o colonie de furnici Messor arenarius (regin\u0103 + 5-10 lucr\u0103toare + pui), un set de pornire pentru furnici culeg\u0103toare L Popcorn cu 3x tampoane formicarium \u0219i un borcan cu greierii no\u0219tri speciali blanched (proteine umede).<\/strong><\/span><\/p>\n<p><span data-text-color=\"alert\"><strong>Numai \u00een limita stocului disponibil.<\/strong><\/span><\/p>\n<p><strong>Tot ce ave\u021bi nevoie pentru a p\u0103stra cu succes Messor arenarius<\/strong><br \/>\nAcest pachet con\u021bine tot ce ave\u021bi nevoie pentru a men\u021bine cu succes o colonie de Messor arenarius \u00een primele c\u00e2teva luni. Acesta poate fi extins \u00een mod flexibil \u0219i este ideal pentru a \u00eencepe s\u0103 cre\u0219te\u021bi furnici.<\/p>\n<p><strong>Specia de furnici: Messor arenarius<\/strong><br \/>\nMessor arenarius, cunoscut\u0103 \u0219i sub numele de \"furnica culeg\u0103toare de dune\", este o specie de furnic\u0103 granivor\u0103 foarte mare \u00een compara\u021bie cu alte specii Messor \u0219i se g\u0103se\u0219te \u00een principal \u00een regiunile uscate \u0219i calde din Africa de Nord. Lucr\u0103toarele lor majore pot atinge o dimensiune uimitoare de 18 mm. Este cunoscut\u0103 pentru adaptabilitatea sa la habitatele uscate \u0219i face parte din a\u0219a-numitele furnici culeg\u0103toare, care sunt cunoscute pentru modul lor de via\u021b\u0103 interesant \u0219i structurile impresionante ale cuiburilor.<\/p>\n<p>Din punct de vedere vizual, Messor arenarius iese \u00een eviden\u021b\u0103 prin corpul s\u0103u negru str\u0103lucitor \u0219i prin furnicile lucr\u0103toare majore puternic construite, care sunt deosebit de impresionante. Datorit\u0103 naturii sale robuste \u0219i cerin\u021belor simple de \u00eentre\u021binere, este o specie ideal\u0103 pentru \u00eencep\u0103tori, dar datorit\u0103 dimensiunilor sale impresionante este interesant\u0103 \u0219i pentru de\u021bin\u0103torii avansa\u021bi de furnici.<\/p>\n<p><strong>Hran\u0103 pentru Messor arenarius<\/strong><br \/>\nMessor arenarius se hr\u0103ne\u0219te \u00een principal cu cereale, pe care le folose\u0219te pentru a face a\u0219a-numita \"p\u00e2ine pentru furnici\". \u00cen plus, colonia accept\u0103 \u0219i fructe dulci, insecte mici \u0219i hran\u0103 proteic\u0103. Cea mai mare parte a necesarului lor de umiditate este acoperit\u0103 de cereale, \u00een timp ce restul este acoperit de insecte \u0219i de orice lichide oferite, cum ar fi apa de miere.<\/p>\n<p><strong>\u00cen formicarium ar trebui s\u0103 se asigure urm\u0103toarea hran\u0103:<\/strong><br \/>\nAmestecuri de cereale<br \/>\nInsecte mici (de exemplu, mu\u0219te de fructe)<br \/>\nAsigura\u021bi \u00eentotdeauna ap\u0103 proasp\u0103t\u0103<br \/>\nAp\u0103 cu miere, dac\u0103 este necesar (not\u0103: acoperi\u021bi \u00eentotdeauna lichidele deschise pentru a \u00eempiedica furnicile s\u0103 cad\u0103 \u00een ele).<\/p>\n<p><strong>Formicariul potrivit pentru Messor arenarius<\/strong><br \/>\nCa toate furnicile culeg\u0103toare, \u0219i Messor arenarius are nevoie de un cuib care s\u0103 ofere at\u00e2t zone uscate, c\u00e2t \u0219i zone u\u0219or umede. Zona umed\u0103 este destinat\u0103 \u00eengrijirii puietului, \u00een timp ce partea uscat\u0103 este ideal\u0103 pentru depozitarea cerealelor pentru a preveni dezvoltarea mucegaiului. Setul nostru de pornire con\u021bine, prin urmare, dou\u0103 ferme de furnici (cuiburi), care sunt suficiente pentru primii 1-2 ani. Dup\u0103 aceea, formicariul trebuie extins pentru a crea spa\u021biu pentru cre\u0219terea coloniei.<\/p>\n<p><strong>Condi\u021biile climatice optime pentru Messor arenarius:<\/strong><br \/>\n<strong>Umiditate:<\/strong><br \/>\nArena: 30-50 %<br \/>\nZona de cuib: 50-70 %<\/p>\n<p><strong>Temperatura:<\/strong><br \/>\nArena: 25-30 \u00b0C<br \/>\nZona cuibului: 22-28 \u00b0C<\/p>\n<p><strong>Material de cuib\u0103rit pentru Messor arenarius<\/strong><br \/>\nDigfix este deosebit de potrivit pentru cre\u0219terea Messor arenarius. Este rezistent la umiditate \u0219i permite o vedere clar\u0103 a structurilor cuiburilor, f\u0103r\u0103 ca reziduurile de substrat s\u0103 afecteze vederea, a\u0219a cum se \u00eent\u00e2mpl\u0103 \u00een cazul amestecurilor de nisip\/argil\u0103.<\/p>\n<p>Deoarece lucr\u0103torii majori pot ron\u021b\u0103i \u00een timp \u0219i materiale mai dure, cum ar fi Ytong, recomand\u0103m cuiburi din sticl\u0103 cu o inser\u021bie Digfix. Aceast\u0103 combina\u021bie ofer\u0103 nu numai longevitate, ci \u0219i condi\u021bii optime pentru observarea \u0219i \u00eengrijirea coloniei.<\/p>\n<p>Cu aceast\u0103 configura\u021bie, crea\u021bi o baz\u0103 ideal\u0103 pentru a p\u0103stra Messor arenarius \u0219i pute\u021bi observa \u0219i \u00eengriji aceste furnici fascinante pentru mul\u021bi ani de acum \u00eenainte.<\/p>\n<p><strong>Cuprins:<\/strong><br \/>\n1x Messor arenarius (regin\u0103 + 1-4 lucr\u0103toare + pui)<br \/>\n1x greieri albi 10g<br \/>\n1x hran\u0103 pentru cereale minor 100g<br \/>\n1x tampon formicarium - 20x20cm<br \/>\n2x tampon formicarium - 20x6cm<\/p>\n<p>1x ANTCUBE - arena 20x20x10 - plat<br \/>\n1x cadru pentru arena de furnici 20\u00d720<br \/>\n1x capacul arenei pentru furnici 20\u00d720<br \/>\n1x puncte de fixare pentru capacul arenei 4pcs.<br \/>\n1x ANTCUBE - Ferm\u0103 de furnici - L - 20\u00d720 - vertical<\/p>\n<p>2x ANTCUBE - Digfix Terra nidum 20\u00d720 - L - bej<br \/>\n1x Cuib de floricele 20\u00d720 - L<br \/>\n1x 1m tub transparent 20\/16 mm<br \/>\n2x ANTCUBE - Folie ro\u0219ie 20\u00d720 - filtru<br \/>\n2x cleme adezive - transparente 2 buc.<br \/>\n1x substrat - de\u0219ert - 1 kg<\/p>\n<p>2x inser\u021bie gril\u0103 - 50mm - o\u021bel inoxidabil<br \/>\n1x inser\u021bie de gril\u0103 - 27mm - o\u021bel inoxidabil<br \/>\n1x capac de gril\u0103 - 16mm - o\u021bel inoxidabil<\/p>\n<p>1x conector pentru furtun rezervor 27-14,16,20 mm - transparent<br \/>\n1x distribuitor de hran\u0103 2ml - dozabil<br \/>\n1x jgheab de b\u0103ut transparent 20ml - burete<br \/>\n1x bol transparent 1\u00d720 - burete<br \/>\n1x Mini termo- higrometru analogic - afi\u0219aj - ag\u0103\u021bat<br \/>\n1x Ulei de protec\u021bie \u00eempotriva evad\u0103rii furnicilor 10ml<br \/>\n1x Penset\u0103 din o\u021bel cu arc - larg\u0103 - moale<br \/>\n1x Penset\u0103 de plastic transparent<br \/>\n1x pipet\u0103 de plastic 3ml<br \/>\n1x lup\u0103 de m\u00e2n\u0103 - 2x - 30mm<br \/>\n1x \u0219terg\u0103tor de spum\u0103 150x18x2,5mm<br \/>\n1x spate foto - desert - 20\u00d710<\/p>\n<p><strong>Descriere Set pentru \u00eencep\u0103tori:<\/strong><br \/>\nAcest set de ini\u021biere este potrivit \u00een special pentru speciile de furnici colectoare de cereale din genul Messor sau Pogonomyrmex. Ferma cu farfuria cu floricele de porumb este destinat\u0103 depozit\u0103rii semin\u021belor \u0219i a p\u00e2inii pentru furnici \u0219i, prin urmare, trebuie s\u0103 r\u0103m\u00e2n\u0103 complet uscat\u0103 pentru a \u00eempiedica germinarea sau muceg\u0103irea semin\u021belor\/gr\u00e2nele depozitate acolo de c\u0103tre furnici.<br \/>\nCea de-a doua ferm\u0103 cu pl\u0103cu\u021ba \"Terra nidum\" este destinat\u0103 ca zon\u0103 de cuib\u0103rire \u0219i reproducere pentru colonia de furnici. Aceasta ar trebui s\u0103 fie men\u021binut\u0103 \u00eentotdeauna u\u0219or umed\u0103.<br \/>\nPentru a v\u0103 oferi mai mult\u0103 flexibilitate \u00een configurarea formicariului dvs., am inclus o a doua plac\u0103 \"Terra nidum\" pe care o pute\u021bi utiliza \u00een locul cuibului de popcorn.<\/p>\n<p><strong>Descrierea pl\u0103cii Terra nidum:<\/strong> Placa Terra nidum (cuib de p\u0103m\u00e2nt \u00een latin\u0103) din material s\u0103pabil se potrive\u0219te perfect pentru fermele noastre de furnici ANTCUBE. Poate fi utilizat\u0103 at\u00e2t \u00een stare uscat\u0103, c\u00e2t \u0219i umed\u0103. De asemenea, este potrivit\u0103 pentru multe specii de furnici, \u00een special pentru speciile care \u00ee\u0219i fac cuiburile \u00een nisip \u0219i lemn (mort). Poate fi folosit \u00een locul amestecurilor de nisip\/argil\u0103 sau al inser\u021biilor de plut\u0103 pentru cuiburi. Avantajul acestui cuib este c\u0103 umezirea pl\u0103cii este mai u\u0219or de controlat datorit\u0103 unei decolor\u0103ri clar vizibile, iar coloritul pl\u0103cii ofer\u0103 un super contrast cu speciile de furnici de obicei mai \u00eenchise la culoare. \u00cen plus, pl\u0103cile interioare ale furnicarului nu pot fi murd\u0103rite cu substrat, a\u0219a cum se \u00eent\u00e2mpl\u0103, de exemplu, \u00een cazul amestecurilor de nisip\/argil\u0103, ceea ce permite o vizualizare perfect\u0103 a cuibului. De asemenea, materialul nostru pentru cuiburi are o structur\u0103 mult mai ferm\u0103, astfel \u00eenc\u00e2t tunelurile \u0219i camerele s\u0103pate de furnici nu se pr\u0103bu\u0219esc.<\/p>\n<p><strong>Descrierea cuibului de floricele:<\/strong> Acest cuib de floricele, cu pasaje \u0219i camere prefabricate, se potrive\u0219te perfect ca gr\u00e2nar pentru furnicile Messor, de exemplu, dar \u0219i pentru alte specii de furnici care adun\u0103 cereale. Acesta are o gaur\u0103 pentru accesul \u00een cuib. Cuibul de floricele absoarbe umezeala \u0219i, ca urmare, se poate dilata, a\u0219a c\u0103 trebuie p\u0103strat \u00eentotdeauna uscat. Messor barbarus accept\u0103 foarte bine cuibul nostru de floricele de porumb ANTCUBE ca gr\u00e2nar. \u00cen timp, furnicile \u00eencep s\u0103 extind\u0103 cuibul de popcorn \u0219i s\u0103 \u00ee\u0219i croiasc\u0103 drum prin materialul de cuib\u0103rit. Acesta miroase a miere caramelizat\u0103 \u0219i, prin urmare, este foarte atractiv.<\/p>\n<p>Cuibul de floricele ar trebui s\u0103 fie utilizat numai pentru speciile de furnici care au nevoie de foarte pu\u021bin\u0103 sau deloc umiditate \u00een zona cuibului.<\/p>\n<p><strong>Important:<\/strong> V\u0103 rug\u0103m s\u0103 umezi\u021bi substratul \u00eenainte de utilizare, astfel \u00eenc\u00e2t amestecul s\u0103 se lege \u0219i s\u0103 se fixeze bine \u00een furnicar. \u00cen plus, un substrat uscat \u0219i pr\u0103fuit poate duce la blocarea c\u0103ilor respiratorii ale furnicilor \u0219i, \u00een cel mai r\u0103u caz, la sufocarea animalelor.<\/p>\n<p><strong>Recomandare:<\/strong> Recomand\u0103m un strat de substrat cu o \u00een\u0103l\u021bime de 2 mm, astfel \u00eenc\u00e2t animalele s\u0103 nu poat\u0103 s\u0103pa \u00een aren\u0103 \u0219i s\u0103 foloseasc\u0103 \u00een schimb ferma prev\u0103zut\u0103 \u00een acest scop. De asemenea, recomand\u0103m ca materialul de cuib\u0103rit din ferm\u0103 (nisip\/argil\u0103, Digfix etc.) s\u0103 fie u\u0219or \u00een\u021bepat \u00eentr-un singur loc, pentru a facilita s\u0103parea animalelor.<\/p>\n<p><strong>Note privind produc\u021bia<\/strong><br \/>\nSticla este t\u0103iat\u0103 \u00een conformitate cu DIN 1249 cu o toleran\u021b\u0103 de +\/- 1 mm. Pentru speciile de furnici extrem de mici, este esen\u021bial\u0103 o protec\u021bie suplimentar\u0103 \u00eempotriva evad\u0103rii.<\/p>\n<p><strong>Note despre ferm\u0103<\/strong><br \/>\nC\u00e2nd ata\u0219a\u021bi sau scoate\u021bi furtunurile, v\u0103 rug\u0103m s\u0103 \u021bine\u021bi cont de urm\u0103toarele:<br \/>\n\u00cen cazul \u00een care tubulatura se potrive\u0219te foarte greu pe priza de conectare, aceasta trebuie frecat\u0103 u\u0219or cu o pic\u0103tur\u0103 din uleiul sau pulberea noastr\u0103 antiefrac\u021bie. Furtunul trebuie apoi \u00eempins pe priz\u0103 prin mi\u0219c\u0103ri de r\u0103sucire sau \u00een\u0219urubare, f\u0103r\u0103 a for\u021ba priza cu mi\u0219c\u0103ri de sus \u00een jos. Acela\u0219i lucru este valabil \u0219i atunci c\u00e2nd scoate\u021bi furtunurile din priza de conectare a fermei. V\u0103 rug\u0103m s\u0103 nu trage\u021bi pur \u0219i simplu de el!<\/p>\n<p><strong>Not\u0103 privind Terra nidum:<\/strong> Culoarea natural\u0103 poate varia \u00eentre bej \/ culoarea nisipului \u0219i maro deschis. Culoarea nu are nicio influen\u021b\u0103 asupra calit\u0103\u021bii.<br \/>\nDin cauza procesului de produc\u021bie, dimensiunile pot varia cu +\/- 1 mm.<\/p>\n<p><strong>Not\u0103 privind greierii blan\u0219i\u021bi:<\/strong><br \/>\nGreierii no\u0219tri blan\u0219i sunt o modalitate u\u0219oar\u0103 de a oferi furnicilor o hran\u0103 proteic\u0103 proasp\u0103t conservat\u0103, f\u0103r\u0103 a fi nevoie s\u0103 le hr\u0103ni\u021bi cu insecte vii. Greierii con\u021binu\u021bi (Acheta domesticus) au fost blan\u0219ati u\u0219or pentru a se asigura c\u0103 valorile nutri\u021bionale, gustul \u0219i aroma sunt p\u0103strate. \u00cen plus, carapacea chitinoas\u0103 a insectelor este \u00eenmuiat\u0103 \u00een acest mod, astfel \u00eenc\u00e2t s\u0103 poat\u0103 fi digerat\u0103 mai u\u0219or. Leg\u0103turile proteinelor de colagen sunt rupte, astfel \u00eenc\u00e2t furnicile s\u0103 le poat\u0103 utiliza mai bine. Conservele de Acheta domesticus au aceea\u0219i valoare nutritiv\u0103 ca \u0219i greierii vii, dar sunt mai u\u0219or de digerat.<\/p>\n<p>Greierii albicio\u0219i nu sunt potrivi\u021bi pentru v\u00e2narea speciilor de furnici care necesit\u0103 hran\u0103 vie (de exemplu, ponarine (furnici mari), cum ar fi Harpegnathos sau Odontomachus).<\/p>\n<p><strong>Alte avantaje:<\/strong><br \/>\nGarantat f\u0103r\u0103 acarieni<br \/>\nPoate fi por\u021bionat<br \/>\nSterilizat \u0219i vidat<br \/>\nF\u0103r\u0103 aditivi<br \/>\nGreieri proveni\u021bi din cre\u0219terea sustenabil\u0103 pur organic\u0103, hr\u0103ni\u021bi cu de\u0219euri organice<\/p>\n<p><strong>V\u0103 rug\u0103m s\u0103 re\u021bine\u021bi:<\/strong><br \/>\nPoate fi p\u0103strat la frigider timp de aproximativ patru zile dup\u0103 deschidere. Termen de valabilitate mai lung dac\u0103 este congelat.<\/p>\n<\/div>","protected":false},"excerpt":{"rendered":"<p>Ofert\u0103 de pachet care include o colonie de furnici Messor arenarius (regin\u0103 + 5-10 lucr\u0103toare + pui), un set de pornire pentru furnici culeg\u0103toare L Popcorn cu 3x tampoane formicarium \u0219i un borcan cu greierii no\u0219tri speciali blanched (proteine umede). Numai \u00een limita stocului disponibil. Tot ce ave\u021bi nevoie pentru a cre\u0219te cu succes Messor arenarius Acest pachet con\u021bine tot ce ave\u021bi nevoie pentru a","protected":false},"featured_media":10873,"comment_status":"open","ping_status":"closed","template":"","meta":{"_acf_changed":false,"content-type":"","_monsterinsights_skip_tracking":false,"_monsterinsights_sitenote_active":false,"_monsterinsights_sitenote_note":"","_monsterinsights_sitenote_category":0},"product_brand":[],"product_cat":[355,344,353,73],"product_tag":[],"class_list":{"0":"post-5935","1":"product","2":"type-product","3":"status-publish","4":"has-post-thumbnail","6":"product_cat-bundle-offers","7":"product_cat-popcorn","8":"product_cat-starter-sets-for-harvester-ants","9":"product_cat-starter-sets","11":"first","12":"outofstock","13":"taxable","14":"shipping-taxable","15":"purchasable","16":"product-type-simple"},"acf":[],"aioseo_notices":[],"jetpack_sharing_enabled":true,"_links":{"self":[{"href":"https:\/\/antcube.shop\/ro\/wp-json\/wp\/v2\/product\/5935","targetHints":{"allow":["GET"]}}],"collection":[{"href":"https:\/\/antcube.shop\/ro\/wp-json\/wp\/v2\/product"}],"about":[{"href":"https:\/\/antcube.shop\/ro\/wp-json\/wp\/v2\/types\/product"}],"replies":[{"embeddable":true,"href":"https:\/\/antcube.shop\/ro\/wp-json\/wp\/v2\/comments?post=5935"}],"wp:featuredmedia":[{"embeddable":true,"href":"https:\/\/antcube.shop\/ro\/wp-json\/wp\/v2\/media\/10873"}],"wp:attachment":[{"href":"https:\/\/antcube.shop\/ro\/wp-json\/wp\/v2\/media?parent=5935"}],"wp:term":[{"taxonomy":"product_brand","embeddable":true,"href":"https:\/\/antcube.shop\/ro\/wp-json\/wp\/v2\/product_brand?post=5935"},{"taxonomy":"product_cat","embeddable":true,"href":"https:\/\/antcube.shop\/ro\/wp-json\/wp\/v2\/product_cat?post=5935"},{"taxonomy":"product_tag","embeddable":true,"href":"https:\/\/antcube.shop\/ro\/wp-json\/wp\/v2\/product_tag?post=5935"}],"curies":[{"name":"wp","href":"https:\/\/api.w.org\/{rel}","templated":true}]}}