{"id":5934,"date":"2023-06-24T12:30:09","date_gmt":"2023-06-24T10:30:09","guid":{"rendered":"https:\/\/antcube.shop\/product\/antcube-terra-nidum-20x20-l-beige\/"},"modified":"2026-04-07T16:26:43","modified_gmt":"2026-04-07T14:26:43","slug":"antcube-terra-nidum-20x20-l-beige","status":"publish","type":"product","link":"https:\/\/antcube.shop\/ro\/produs\/antcube-terra-nidum-20x20-l-beige\/","title":{"rendered":"ANTCUBE - Digfix Terra nidum 20\u00d720 - L - bej"},"content":{"rendered":"<p><strong>Dimensiuni:<\/strong> 183x160x20 mm<\/p>\n<p><strong>Material:<\/strong> material s\u0103pabil pe baz\u0103 de r\u0103\u0219in\u0103.<\/p>\n<p><strong>Descriere:<\/strong> Placa Terra nidum (lat. cuib de p\u0103m\u00e2nt) din material s\u0103pabil este perfect\u0103 pentru fermele noastre de furnici ANTCUBE. Poate fi folosit\u0103 at\u00e2t uscat\u0103, c\u00e2t \u0219i umed\u0103. De asemenea, este potrivit\u0103 pentru multe specii de furnici, \u00een special pentru cele care cuib\u0103resc \u00een nisip \u0219i \u00een lemn (mort). Poate fi folosit\u0103 \u00een locul amestecurilor de nisip \u0219i lut sau al inser\u021biilor de cuib din plut\u0103. Avantajul acestui cuib const\u0103 \u00een faptul c\u0103 umezirea pl\u0103cii este mai u\u0219or de controlat datorit\u0103 unei decolor\u0103ri bine vizibile, iar culoarea pl\u0103cii ofer\u0103 un mare contrast cu speciile de furnici de obicei mai \u00eenchise la culoare. \u00cen plus, geamurile interioare ale furnicarului nu pot fi murd\u0103rite cu substrat, a\u0219a cum se \u00eent\u00e2mpl\u0103, de exemplu, \u00een cazul amestecurilor de nisip \u0219i argil\u0103, ceea ce permite o vizualizare perfect\u0103 a cuibului. Materialul nostru pentru cuiburi are, de asemenea, o structur\u0103 mult mai ferm\u0103, astfel \u00eenc\u00e2t tunelurile \u0219i camerele s\u0103pate de furnici nu se pr\u0103bu\u0219esc.<\/p>\n<p><strong>Not\u0103:<\/strong> Nuan\u021ba natural\u0103 a culorii poate varia \u00eentre bej \/ nisip \u0219i maro deschis. Nuan\u021ba de culoare nu afecteaz\u0103 calitatea.<br \/>\nDin cauza fabrica\u021biei, dimensiunile pot varia cu +\/- 1mm.<\/p>","protected":false},"excerpt":{"rendered":"<p>Gr\u00f6\u00dfe: <strong>L<\/strong><\/p>","protected":false},"featured_media":5928,"comment_status":"open","ping_status":"closed","template":"","meta":{"_acf_changed":false,"content-type":"","_monsterinsights_skip_tracking":false,"_monsterinsights_sitenote_active":false,"_monsterinsights_sitenote_note":"","_monsterinsights_sitenote_category":0},"product_brand":[],"product_cat":[257,87,88],"product_tag":[],"class_list":{"0":"post-5934","1":"product","2":"type-product","3":"status-publish","4":"has-post-thumbnail","6":"product_cat-new-innovatve-products","7":"product_cat-nest-insets","8":"product_cat-digfix","10":"first","11":"instock","12":"taxable","13":"shipping-taxable","14":"purchasable","15":"product-type-simple"},"acf":[],"aioseo_notices":[],"jetpack_sharing_enabled":true,"_links":{"self":[{"href":"https:\/\/antcube.shop\/ro\/wp-json\/wp\/v2\/product\/5934","targetHints":{"allow":["GET"]}}],"collection":[{"href":"https:\/\/antcube.shop\/ro\/wp-json\/wp\/v2\/product"}],"about":[{"href":"https:\/\/antcube.shop\/ro\/wp-json\/wp\/v2\/types\/product"}],"replies":[{"embeddable":true,"href":"https:\/\/antcube.shop\/ro\/wp-json\/wp\/v2\/comments?post=5934"}],"wp:featuredmedia":[{"embeddable":true,"href":"https:\/\/antcube.shop\/ro\/wp-json\/wp\/v2\/media\/5928"}],"wp:attachment":[{"href":"https:\/\/antcube.shop\/ro\/wp-json\/wp\/v2\/media?parent=5934"}],"wp:term":[{"taxonomy":"product_brand","embeddable":true,"href":"https:\/\/antcube.shop\/ro\/wp-json\/wp\/v2\/product_brand?post=5934"},{"taxonomy":"product_cat","embeddable":true,"href":"https:\/\/antcube.shop\/ro\/wp-json\/wp\/v2\/product_cat?post=5934"},{"taxonomy":"product_tag","embeddable":true,"href":"https:\/\/antcube.shop\/ro\/wp-json\/wp\/v2\/product_tag?post=5934"}],"curies":[{"name":"wp","href":"https:\/\/api.w.org\/{rel}","templated":true}]}}