{"id":5475,"date":"2023-02-10T13:18:16","date_gmt":"2023-02-10T12:18:16","guid":{"rendered":"https:\/\/antcube.shop\/produkt\/popcorn-nest-20x20-l\/"},"modified":"2026-03-09T17:50:04","modified_gmt":"2026-03-09T16:50:04","slug":"popcorn-nest-20x20-l","status":"publish","type":"product","link":"https:\/\/antcube.shop\/ro\/produs\/popcorn-nest-20x20-l\/","title":{"rendered":"Cuib de floricele 20\u00d720 - L"},"content":{"rendered":"<p><strong>Dimensiuni:<\/strong> 184 x 160 x 18 mm<\/p>\n<p><strong>Material:<\/strong> popcorn presat cu zaharoz\u0103 \u0219i proteine<\/p>\n<p><strong>Se potrive\u0219te numai<\/strong> \u00een fermele noastre de furnici dimensiunea <strong>L<\/strong><\/p>\n<p><strong>Descriere:<\/strong> Acest cuib de floricele, cu pasaje \u0219i camere prefabricate, este perfect ca o camer\u0103 de colectare a cerealelor pentru furnicile Messor, de exemplu, dar \u0219i pentru alte specii de furnici colectoare de cereale. Are o gaur\u0103 ca acces la cuib. Cuibul de floricele absoarbe umezeala \u0219i, ca urmare, se poate dilata, astfel c\u0103<strong> trebuie neap\u0103rat s\u0103 fie \u021binut uscat<\/strong>. Messor barbarus accept\u0103 foarte bine Cuibul nostru de floricele ANTCUBE Popcorn Nest ca o camer\u0103 de cereale. \u00cen timp, furnicile vor \u00eencepe s\u0103 extind\u0103 cuibul de popcorn \u0219i s\u0103 \u00ee\u0219i croiasc\u0103 drum prin materialul de cuib\u0103rit.<\/p>\n<p>Cuibul de floricele ar trebui s\u0103 fie utilizat numai pentru speciile de furnici care au nevoie de foarte pu\u021bin\u0103 sau deloc umiditate \u00een zona cuibului.<\/p>","protected":false},"excerpt":{"rendered":"<p>Dimensiuni: 184 x 160 x 18 mm Material: popcorn presat cu zaharoz\u0103 \u0219i proteine Se potrive\u0219te doar \u00een fermele noastre de furnici m\u0103rimea L Descriere: Acest cuib de popcorn cu pasaje \u0219i camere prefabricate este perfect ca o camer\u0103 de cereale pentru furnici Messor, de exemplu, dar \u0219i pentru alte specii de furnici colectoare de cereale. Are o gaur\u0103 ca \u0219i cuib","protected":false},"featured_media":5459,"comment_status":"open","ping_status":"closed","template":"","meta":{"_acf_changed":false,"content-type":"","_monsterinsights_skip_tracking":false,"_monsterinsights_sitenote_active":false,"_monsterinsights_sitenote_note":"","_monsterinsights_sitenote_category":0},"product_brand":[],"product_cat":[257,344,87],"product_tag":[],"class_list":{"0":"post-5475","1":"product","2":"type-product","3":"status-publish","4":"has-post-thumbnail","6":"product_cat-new-innovatve-products","7":"product_cat-popcorn","8":"product_cat-nest-insets","10":"first","11":"instock","12":"taxable","13":"shipping-taxable","14":"purchasable","15":"product-type-simple"},"acf":[],"aioseo_notices":[],"jetpack_sharing_enabled":true,"_links":{"self":[{"href":"https:\/\/antcube.shop\/ro\/wp-json\/wp\/v2\/product\/5475","targetHints":{"allow":["GET"]}}],"collection":[{"href":"https:\/\/antcube.shop\/ro\/wp-json\/wp\/v2\/product"}],"about":[{"href":"https:\/\/antcube.shop\/ro\/wp-json\/wp\/v2\/types\/product"}],"replies":[{"embeddable":true,"href":"https:\/\/antcube.shop\/ro\/wp-json\/wp\/v2\/comments?post=5475"}],"wp:featuredmedia":[{"embeddable":true,"href":"https:\/\/antcube.shop\/ro\/wp-json\/wp\/v2\/media\/5459"}],"wp:attachment":[{"href":"https:\/\/antcube.shop\/ro\/wp-json\/wp\/v2\/media?parent=5475"}],"wp:term":[{"taxonomy":"product_brand","embeddable":true,"href":"https:\/\/antcube.shop\/ro\/wp-json\/wp\/v2\/product_brand?post=5475"},{"taxonomy":"product_cat","embeddable":true,"href":"https:\/\/antcube.shop\/ro\/wp-json\/wp\/v2\/product_cat?post=5475"},{"taxonomy":"product_tag","embeddable":true,"href":"https:\/\/antcube.shop\/ro\/wp-json\/wp\/v2\/product_tag?post=5475"}],"curies":[{"name":"wp","href":"https:\/\/api.w.org\/{rel}","templated":true}]}}