{"id":5380,"date":"2023-02-01T17:57:19","date_gmt":"2023-02-01T16:57:19","guid":{"rendered":"https:\/\/antcube.shop\/produkt\/bundle-offer-lasius-niger\/"},"modified":"2026-04-14T09:35:11","modified_gmt":"2026-04-14T07:35:11","slug":"pachet-oferta-lasius-niger","status":"publish","type":"product","link":"https:\/\/antcube.shop\/ro\/produs\/pachet-oferta-lasius-niger\/","title":{"rendered":"Ofert\u0103 pachet - Lasius niger"},"content":{"rendered":"<p><span data-text-color=\"secondary\"><strong>Pachet care include o colonie de furnici Lasius niger (regin\u0103 + 26-50 lucr\u0103toare + puiet), un set de pornire Combi M cu cadru de protec\u021bie \u00eempotriva evad\u0103rii, inser\u021bie gril\u0103 50mm, baz\u0103 formicarium - 20x20cm, jgheab de b\u0103ut transparent 20ml - burete, un borcan cu greierii no\u0219tri speciali \u00eentregi \u0219i blan\u0219i 10g (proteine umede) \u0219i un pachet de re\u00eenc\u0103rcare amestec de miere 10ml.<\/strong><\/span><\/p>\n<p><span data-text-color=\"alert\"><strong>Numai \u00een limita stocului disponibil.<\/strong><\/span><\/p>\n<p><strong>Tot ce ave\u021bi nevoie pentru o colonie de furnici Lasius niger<\/strong><br \/>\nAcest pachet con\u021bine tot ceea ce ave\u021bi nevoie pentru a reu\u0219i s\u0103 face\u021bi o colonie de Lasius niger s\u0103 treac\u0103 cu succes de primele c\u00e2teva luni. Este extensibil \u00een mod flexibil \u0219i se potrive\u0219te \u00een mod explicit pentru \u00eencep\u0103torii \u00een cre\u0219terea furnicilor.<\/p>\n<p>Specii de furnici Lasius niger Lasius niger, cunoscut\u0103 \u0219i sub numele de \"furnica neagr\u0103\", este una dintre cele mai populare specii pentru \u00eencep\u0103torii \u00een cre\u0219terea furnicilor. Este una dintre furnicile de dimensiuni mici \u0219i medii \u0219i este foarte frugal\u0103. Este r\u0103sp\u00e2ndit\u0103 \u00een toat\u0103 Europa, dar poate fi g\u0103sit\u0103 \u0219i \u00een Asia, Africa \u0219i America de Nord.<\/p>\n<p><strong>Hran\u0103 pentru Lasius niger<\/strong><br \/>\n\u00cen s\u0103lb\u0103ticie, Lasius niger \u021bine deseori afidele pentru a-\u0219i colecta mierea de albine produs\u0103 din seva plantelor. \u00cen acest fel, \u00eei protejeaz\u0103 \u0219i chiar \u00eei transport\u0103 la l\u0103starii tineri.<br \/>\n\u00cen formicarium, pute\u021bi pune pur \u0219i simplu c\u00e2teva crengu\u021be infestate (de exemplu, trandafiri, fructe de soc, coac\u0103ze) \u00eentr-o vaz\u0103 \u0219i urm\u0103ri\u021bi cum animalele le mulg. \u00cen formicarium este mai bine s\u0103 da\u021bi solu\u021bie de miere \u0219i hran\u0103 proteic\u0103 (fie insecte mici vii, fie hran\u0103 proteic\u0103 uscat\u0103).<\/p>\n<p><strong>Hibernarea la Lasius niger<\/strong><br \/>\nLasius niger hiberneaz\u0103 \u00eentre sf\u00e2r\u0219itul lui octombrie \u0219i sf\u00e2r\u0219itul lui martie, la o temperatur\u0103 de 5-8 grade. \u00cen formicarium, pute\u021bi plasa pur \u0219i simplu \u00eentregul formicarium \u00eentr-o camer\u0103 r\u0103coroas\u0103 sau (dac\u0103 formicariul are o inser\u021bie de cuib deta\u0219abil\u0103) pute\u021bi plasa inser\u021bia de cuib \u00een frigider, de exemplu. Cu toate acestea, trebuie avut grij\u0103 ca furnicile s\u0103 nu fie expuse la temperaturi sub 0 grade, deoarece \u00een formicariu nu sunt niciodat\u0103 la fel de bine protejate de frig ca \u00een mediul natural. Exist\u0103, de asemenea, rapoarte de la \u00eengrijitori care \u021bin Lasius niger f\u0103r\u0103 hibernare. Cu toate acestea, acest lucru poate duce la scurtarea duratei de via\u021b\u0103 a coloniei sau la \u00eencetinirea dezvolt\u0103rii puietului. \u00cen timpul hibern\u0103rii, animalele nu au nevoie s\u0103 fie hr\u0103nite sau sunt hr\u0103nite foarte pu\u021bin, dac\u0103 este necesar. Cu toate acestea, ar trebui s\u0103 verifica\u021bi umiditatea \u00een mod regulat \u0219i s\u0103 fi\u021bi aten\u021bi la mucegai!<\/p>\n<p><strong>Cuprins:<\/strong><\/p>\n<p>1x Lasius niger (regin\u0103 + 26-50 lucr\u0103toare + puiet)<br \/>\n1x Cricket Jam 25g<br \/>\n1x Honeydew honey 10ml refill pack<\/p>\n<p>1x ANTCUBE - Arena 20x20x20 - Combi M<br \/>\n1x Copert\u0103 pentru arena de furnici 20\u00d720<br \/>\n4x Punct de fixare pentru capacul arenei<br \/>\n1x Cadru pentru arena de furnici 20\u00d720<br \/>\n1x pad for formicariums &#8211; 20x20cm<\/p>\n<p>2x grid insert &#8211; 50mm<br \/>\n2x grid insert &#8211; 27mm<br \/>\n1x ANTCUBE - Plac\u0103 Digfix 20\u00d720 - M<br \/>\n1x soil &#8211; Sand-loam red &#8211; 200g<\/p>\n<p>1x Foil thermometer display<br \/>\n1x drinking clear 5ml &#8211; sponge<br \/>\n1x jgheab de b\u0103ut 2ml - 360 de grade<br \/>\n1x Feeding dish white rectangle &#8211; 3 compartments<br \/>\n1x Lupa de m\u00e2n\u0103 - 2x - 30mm<br \/>\n1x Transparent plastic tweezers<br \/>\n1x penset\u0103 din o\u021bel cu arc - larg\u0103 - moale<br \/>\n1x pipet\u0103 de plastic 3ml<br \/>\n1x ulei de protec\u021bie \u00eempotriva sc\u0103p\u0103rii furnicilor 10ml<br \/>\n1x Foam wiper 150x18x2.5mm<\/p>\n<p><strong>Descriere:<\/strong><br \/>\nAcest set de pornire - Combi este potrivit pentru majoritatea speciilor de furnici care cuib\u0103resc \u00een sol.<br \/>\nSetul este foarte compact, iar accesoriile incluse au fost reduse la strictul necesar.<br \/>\nPrin urmare, este un set ieftin, realizat din materiale de \u00eenalt\u0103 calitate, ideal pentru a \u00eencepe s\u0103 te ini\u021biezi \u00een cre\u0219terea furnicilor.<br \/>\nSubstratul inclus, de culoare bej cu nisip - argil\u0103, este bine acceptat de majoritatea speciilor de furnici s\u0103p\u0103toare de cuiburi de p\u0103m\u00e2nt.<\/p>\n<p>Cu toate acestea, \u00een zona de cuib\u0103rit a arenei pot fi plasate \u0219i alte substraturi de sol sau inser\u021bii de cuib\u0103rire.<br \/>\nAlte accesorii utile pot fi g\u0103site la rubrica sugestii (a se vedea mai jos).<\/p>\n<p><strong>Recomandare:<\/strong> Recomand\u0103m un strat de substrat cu o \u00een\u0103l\u021bime de 2 mm, astfel \u00eenc\u00e2t animalele s\u0103 nu poat\u0103 s\u0103pa \u00een aren\u0103 \u0219i s\u0103 foloseasc\u0103 \u00een schimb ferma prev\u0103zut\u0103 \u00een acest scop. De asemenea, recomand\u0103m ca materialul de cuib\u0103rit din ferm\u0103 (nisip\/argil\u0103, Digfix etc.) s\u0103 fie u\u0219or \u00een\u021bepat \u00eentr-un singur loc, pentru a facilita s\u0103parea animalelor.<\/p>\n<p><strong>Important:<\/strong> V\u0103 rug\u0103m s\u0103 umezi\u021bi substratul \u00eenainte de utilizare, astfel \u00eenc\u00e2t amestecul s\u0103 se lege \u0219i s\u0103 se fixeze bine \u00een furnicar. \u00cen plus, un substrat uscat \u0219i pr\u0103fuit poate duce la blocarea c\u0103ilor respiratorii ale furnicilor \u0219i, \u00een cel mai r\u0103u caz, la sufocarea animalelor.<\/p>\n<p><strong>Not\u0103:<\/strong><br \/>\nAtunci c\u00e2nd folosi\u021bi inser\u021biile noastre pentru cuiburi, v\u0103 rug\u0103m s\u0103 re\u021bine\u021bi c\u0103 acestea sunt cu 8 mm mai \u00eenguste, deoarece au fost concepute ini\u021bial pentru a se potrivi cu fermele noastre de furnici mai \u00eenguste \u0219i cu inser\u021biile pentru aren\u0103! \u00cen acest caz, spa\u021biul dintre ele ar trebui umplut cu material de umplutur\u0103, cum ar fi ipsos sau lut.<\/p>\n<p><strong>Note privind produc\u021bia<\/strong><br \/>\nSticla este t\u0103iat\u0103 \u00een conformitate cu DIN 1249 cu o toleran\u021b\u0103 de +\/- 1 mm. Pentru speciile de furnici extrem de mici, este esen\u021bial\u0103 o protec\u021bie suplimentar\u0103 \u00eempotriva evad\u0103rii.<\/p>\n<p><strong>Instruc\u021biuni: <\/strong>(Versiunea 2023, versiunea actualizat\u0103 pentru 2024 va fi disponibil\u0103 p\u00e2n\u0103 cel t\u00e2rziu \u00een 04\/2024)<strong><br \/>\n<\/strong><\/p>\n<p>- DE<a href=\"https:\/\/www.antstore.net\/shop\/images\/info\/de\/Gebrauchsanweisung%20Starter%20Set%20Combi.pdf\"> Gebrauchsanweisung Starter Set Combi<\/a> (PDF 7,98 MB)<\/p>\n<p>- RO<a href=\"https:\/\/www.antstore.net\/shop\/images\/info\/en\/Instructions%20for%20use%20-%20Starter%20Set%20Combi.pdf\"> Instruc\u021biuni de utilizare - Starter Set Combi<\/a> (PDF 7,94 MB)<\/p>\n<p>- ES<a href=\"https:\/\/www.antstore.net\/shop\/images\/info\/es\/Manual%20de%20instrucciones%20-%20Set%20de%20inicio%20Combi.pdf\"> Manual de instruc\u021biuni - Set de pornire Combi<\/a> (PDF 7,94 MB)<\/p>\n<p>- FR<a href=\"https:\/\/www.antstore.net\/shop\/images\/info\/fr\/Manuel%20d'instruction%20-%20Kit%20de%20d%C3%A9marrage%20Combi.pdf\"> Manual de instruc\u021biuni - Kit de pornire Combi<\/a> (PDF 7,95 MB)<\/p>\n<p><strong>Note despre Cricket Jam:<\/strong><br \/>\nGreierii no\u0219tri blan\u0219i sunt o modalitate u\u0219oar\u0103 de a oferi furnicilor o hran\u0103 proteic\u0103 proasp\u0103t conservat\u0103, f\u0103r\u0103 a fi nevoie s\u0103 le hr\u0103ni\u021bi cu insecte vii. Greierii con\u021binu\u021bi (Acheta domesticus) au fost blan\u0219ati u\u0219or pentru a se asigura c\u0103 valorile nutri\u021bionale, gustul \u0219i aroma sunt p\u0103strate. \u00cen plus, carapacea chitinoas\u0103 a insectelor este \u00eenmuiat\u0103 \u00een acest mod, astfel \u00eenc\u00e2t s\u0103 poat\u0103 fi digerat\u0103 mai u\u0219or. Leg\u0103turile proteinelor de colagen sunt rupte, astfel \u00eenc\u00e2t furnicile s\u0103 le poat\u0103 utiliza mai bine. Conservele de Acheta domesticus au aceea\u0219i valoare nutritiv\u0103 ca \u0219i greierii vii, dar sunt mai u\u0219or de digerat.<\/p>\n<p>Cricket Jam nu este potrivit pentru v\u00e2narea speciilor de furnici care necesit\u0103 hran\u0103 vie (de exemplu, ponarine (furnici mari), cum ar fi Harpegnathos sau Odontomachus).<\/p>\n<p><strong>Alte avantaje:<\/strong><br \/>\nGarantat f\u0103r\u0103 acarieni<br \/>\nPoate fi por\u021bionat \u0219i diluat cu ap\u0103<br \/>\nSterilizat \u0219i ambalat \u00een vid<br \/>\nF\u0103r\u0103 aditivi<br \/>\nGreieri proveni\u021bi din cre\u0219terea sustenabil\u0103 pur organic\u0103, hr\u0103ni\u021bi cu de\u0219euri organice<\/p>\n<p><strong>Not\u0103:<\/strong><br \/>\nPoate fi p\u0103strat la frigider timp de aproximativ patru zile dup\u0103 deschidere. Termen de valabilitate mai lung dac\u0103 este congelat.<br \/>\nAten\u021bie: Mai \u00eent\u00e2i por\u021bia, apoi \u00eenghe\u021ba\u021bi.<\/p>\n<p><strong>Not\u0103 privind mierea de albine:<\/strong><br \/>\nCon\u021binut: 10 ml<br \/>\nAcesta este un produs natural, pe care l-am rafinat \u00een urma unor teste extinse \u00een laboratorul nostru \u0219i l-am transformat \u00eentr-un aliment foarte bine acceptat de furnici. Motivul este c\u0103 mierea de miere de albine neprocesat\u0103 \u00een forma sa original\u0103 concentrat\u0103 nu este bine acceptat\u0103 de furnici \u0219i de metabolismul acestora.<br \/>\nMierea noastr\u0103 a fost colectat\u0103 \u00een p\u0103durile s\u0103lbatice \u0219i nepoluate de munte din Bulgaria. Mierea de albine este produs\u0103 doar pentru o perioad\u0103 foarte limitat\u0103 de timp, aproximativ dou\u0103 luni \u00een timpul verii. Prin urmare, este foarte rar\u0103. Datorit\u0103 caracteristicilor specifice ale solului din p\u0103duri \u0219i a climei, \u00een frunzele copacilor sunt stocate substan\u021be nutritive esen\u021biale, care sunt absorbite de afide. Aceasta este ceea ce face ca acest amestec de mierea de albine s\u0103 fie at\u00e2t de dorit de furnici.<\/p>\n<p><strong>Cerere:<\/strong><br \/>\nCantitatea de alimente trebuie consumat\u0103 \u00een aproximativ 3 zile.<\/p>\n<p><strong>Descriere:<\/strong><br \/>\nSpre deosebire de mierea de flori, mierea de miere este ob\u021binut\u0103 din secre\u021biile insectelor care sug plantele, cum ar fi afidele. Mierea de miere este o surs\u0103 popular\u0103 de hran\u0103 pentru multe insecte, cum ar fi furnicile, albinele \u0219i bondarii. Albinele \u0219i bondarii o ling de pe frunzele sau de pe ace de la diver\u0219i copaci. Furnicile, cum ar fi Lasius niger, \u021bin la propriu afidele. Ele chiar \u00eei ap\u0103r\u0103 de pr\u0103d\u0103tori \u0219i \u00eei transport\u0103 la l\u0103starii proaspe\u021bi.<\/p>\n<p>Mierea de albine este deosebit de popular\u0103 printre furnici datorit\u0103 componentelor sale oarecum diferite. Principalele zaharuri din mierea de albine sunt zaharoza \u0219i fructoza, dar se g\u0103sesc \u0219i cantit\u0103\u021bi mai mici de maltoz\u0103, trehaloz\u0103, melezitoz\u0103, rafinoz\u0103 \u0219i alte oligozaharide. Pe l\u00e2ng\u0103 zah\u0103r \u0219i ap\u0103, mierea de albine con\u021bine, de asemenea, aminoacizi esen\u021biali, minerale, oligoelemente, adenozine, fosfa\u021bi \u0219i alte ingrediente, cum ar fi vitaminele.<\/p>\n<p><strong>Utilizare:<\/strong><br \/>\nPentru speciile de furnici m\u00e2nc\u0103toare de miere (Meliphagidae)<br \/>\nAcesta este un furaj suplimentar<br \/>\nAcesta poate fi oferit animalelor sub form\u0103 de hran\u0103. Deoarece concentra\u021bia de zah\u0103r este redus\u0103 de umiditate \u0219i \u00eencepe un proces de fermentare, hrana trebuie \u00eenlocuit\u0103 la fiecare 3 zile. Cur\u0103\u021ba\u021bi bine bolul\/tubul de hr\u0103nire \u00eenainte de a-l reutiliza.<br \/>\nOdat\u0103 deschis, ambalajul trebuie p\u0103strat bine \u00eenchis p\u00e2n\u0103 la data de expirare.<\/p>\n<p><strong>Informa\u021bii nutri\u021bionale per 100 g:<\/strong><br \/>\naprox. 2,7 % gr\u0103simi<br \/>\ndin care saturate aprox. 0,45 %<br \/>\naprox. 95 % carbohidra\u021bi<br \/>\ndin care zah\u0103r aproximativ 71<br \/>\naproximativ 2,85% proteine<br \/>\nMinerale (potasiu, calciu, cupru, fier, fier, sodiu, magneziu, fosfor, zinc \u0219i alte oligoelemente) Aminoacizi (prolin\u0103, leucin\u0103, fenilalanin\u0103, alanin\u0103, histidin\u0103, izoleucin\u0103, acid glutamic, arginin\u0103, acid aspartic etc.) Acizi organici Enzime (fermen\u021bi)Arome Inhibitori (substan\u021be antibacteriene) Flori Polen<\/p>\n<p><strong>Depozitare:<\/strong><br \/>\nPentru a asigura calitatea furajelor, acestea trebuie depozitate \u00eentr-un loc \u00eentunecat \u0219i uscat.<\/p>\n<p><strong>Not\u0103:<\/strong><br \/>\nHran\u0103 suplimentar\u0103 pentru furnicile m\u00e2nc\u0103toare de miere.<br \/>\nV\u0103 rug\u0103m s\u0103 consulta\u021bi prospectul pentru compozi\u021bie, ingrediente analitice, data limit\u0103 de consum \u0219i num\u0103rul de lot.<\/p>\n<p>Linia telefonic\u0103 pentru informa\u021bii +49 30 439703870<\/p>\n<p>Inspectoratul veterinar \u0219i alimentar responsabil:<br \/>\nCabinet veterinar Steglitz<br \/>\nK\u00f6nigin-Luise-Str. 92<br \/>\n14195 Berlin<\/p>","protected":false},"excerpt":{"rendered":"<p>Dimensiune: M<\/p>","protected":false},"featured_media":7115,"comment_status":"open","ping_status":"closed","template":"","meta":{"_acf_changed":false,"content-type":"","_monsterinsights_skip_tracking":false,"_monsterinsights_sitenote_active":false,"_monsterinsights_sitenote_note":"","_monsterinsights_sitenote_category":0},"product_brand":[],"product_cat":[355,73,78],"product_tag":[],"class_list":{"0":"post-5380","1":"product","2":"type-product","3":"status-publish","4":"has-post-thumbnail","6":"product_cat-bundle-offers","7":"product_cat-starter-sets","8":"product_cat-starter-sets-combi","10":"first","11":"instock","12":"taxable","13":"shipping-taxable","14":"purchasable","15":"product-type-simple"},"acf":[],"aioseo_notices":[],"jetpack_sharing_enabled":true,"_links":{"self":[{"href":"https:\/\/antcube.shop\/ro\/wp-json\/wp\/v2\/product\/5380","targetHints":{"allow":["GET"]}}],"collection":[{"href":"https:\/\/antcube.shop\/ro\/wp-json\/wp\/v2\/product"}],"about":[{"href":"https:\/\/antcube.shop\/ro\/wp-json\/wp\/v2\/types\/product"}],"replies":[{"embeddable":true,"href":"https:\/\/antcube.shop\/ro\/wp-json\/wp\/v2\/comments?post=5380"}],"wp:featuredmedia":[{"embeddable":true,"href":"https:\/\/antcube.shop\/ro\/wp-json\/wp\/v2\/media\/7115"}],"wp:attachment":[{"href":"https:\/\/antcube.shop\/ro\/wp-json\/wp\/v2\/media?parent=5380"}],"wp:term":[{"taxonomy":"product_brand","embeddable":true,"href":"https:\/\/antcube.shop\/ro\/wp-json\/wp\/v2\/product_brand?post=5380"},{"taxonomy":"product_cat","embeddable":true,"href":"https:\/\/antcube.shop\/ro\/wp-json\/wp\/v2\/product_cat?post=5380"},{"taxonomy":"product_tag","embeddable":true,"href":"https:\/\/antcube.shop\/ro\/wp-json\/wp\/v2\/product_tag?post=5380"}],"curies":[{"name":"wp","href":"https:\/\/api.w.org\/{rel}","templated":true}]}}