{"id":5347,"date":"2023-01-17T17:36:25","date_gmt":"2023-01-17T16:36:25","guid":{"rendered":"https:\/\/antcube.shop\/produkt\/bundle-offer-messor-barbarus\/"},"modified":"2026-04-18T02:23:07","modified_gmt":"2026-04-18T00:23:07","slug":"bundle-oferta-messor-barbarus","status":"publish","type":"product","link":"https:\/\/antcube.shop\/ro\/produs\/bundle-oferta-messor-barbarus\/","title":{"rendered":"Ofert\u0103 pachet - Messor barbarus"},"content":{"rendered":"<p><span data-text-color=\"secondary\"><strong>Ofert\u0103 de pachet care include o colonie de furnici Messor barbarus (regin\u0103 + 11-25 lucr\u0103toare + pui), un set de pornire pentru Messor spec. cu 3x covoare formicarium \u0219i un borcan de greieri \u00eentregi \u0219i blan\u0219i speciali 10g (proteine umede).<\/strong><\/span><\/p>\n<p><span data-text-color=\"alert\"><strong>Numai \u00een limita stocului disponibil.<\/strong><\/span><\/p>\n<p><strong>Tot ce ave\u021bi nevoie pentru o colonie de furnici Messor barbarus<\/strong><br \/>\nAcest pachet con\u021bine tot ceea ce ave\u021bi nevoie pentru a reu\u0219i s\u0103 ob\u021bine\u021bi cu succes o colonie de Messor structor \u00een primele c\u00e2teva luni. Este extensibil \u00een mod flexibil \u0219i se potrive\u0219te \u00een mod explicit pentru \u00eencep\u0103torii \u00een cre\u0219terea furnicilor.<\/p>\n<p><strong>Messor barbarus specii de furnici:<\/strong><br \/>\nMessor barbarus este o specie de furnic\u0103 granivor\u0103 (care m\u0103n\u00e2nc\u0103 cereale) distinct\u0103 din regiunea mediteranean\u0103. Face parte din a\u0219a-numitele furnici culeg\u0103toare \u0219i este una dintre speciile de baz\u0103 pentru de\u021bin\u0103torii de furnici, datorit\u0103 cerin\u021belor sale relativ simple \u00een ceea ce prive\u0219te clima \u0219i hrana. Datorit\u0103 culorii sale \u0219i a form\u0103rii de lucr\u0103toare minore, medii \u0219i majore (mai mici \u0219i mai mari), este foarte interesant de observat.<\/p>\n<p><strong>Hran\u0103 pentru Messor barbarus<\/strong><br \/>\n\u00cen s\u0103lb\u0103ticie, Messor barbarus se hr\u0103ne\u0219te \u00een principal cu cereale pe care le folose\u0219te pentru a face \"p\u00e2ine pentru furnici\", dar \u0219i fructele dulci \u0219i insectele moarte sunt acceptate cu u\u0219urin\u021b\u0103. Messor barbarus \u00ee\u0219i acoper\u0103 o mare parte din necesarul de umiditate cu cereale, iar restul cu insecte. \u00cen formicar se pot administra cereale \u0219i, dac\u0103 este necesar, miere, hran\u0103 proteic\u0103, insecte foarte mici sau jeleu. Apa cu miere este acceptat\u0103 doar dac\u0103 exist\u0103 o lips\u0103 de lichid. Deoarece speciile Messor au tendin\u021ba de a se scufunda \u00een surse de ap\u0103 deschise, acestea trebuie acoperite \u00eentotdeauna cu pietre sau cu bumbac absorbant.<\/p>\n<p>Messor barbarus hiberneaz\u0103 de la sf\u00e2r\u0219itul lunii noiembrie p\u00e2n\u0103 la sf\u00e2r\u0219itul lunii februarie. Cu toate acestea, spre deosebire de Lasius niger, de exemplu, aceasta este o perioad\u0103 de activitate foarte redus\u0103. Perioada de hibernare ar trebui s\u0103 se petreac\u0103 la o temperatur\u0103 de aproximativ 15\u00b0C, deoarece temperaturile din regiunile de unde Messor barbarus este originar sunt foarte rar mai sc\u0103zute, chiar \u0219i iarna. \u00cen acest scop, pute\u021bi plasa pur \u0219i simplu furnicile \u00eentr-o camer\u0103 ne\u00eenc\u0103lzit\u0103. Exist\u0103, de asemenea, rapoarte de la de\u021bin\u0103tori care \u021bin Messor barbarus f\u0103r\u0103 hibernare. Cu toate acestea, acest lucru poate duce la o durat\u0103 de via\u021b\u0103 mai scurt\u0103 a coloniei sau la \u00eencetinirea dezvolt\u0103rii puietului. \u00cen timpul hibern\u0103rii, animalele trebuie hr\u0103nite doar pu\u021bin. Cu toate acestea, ar trebui s\u0103 verifica\u021bi periodic umiditatea \u0219i s\u0103 fi\u021bi aten\u021bi la mucegai!<\/p>\n<p><strong>Formicarium pentru Messor barbarus<\/strong><br \/>\nFurnicile culeg\u0103toare au nevoie de o zon\u0103 de cuib u\u0219or umed\u0103 pentru puiet \u0219i de o zon\u0103 de cuib uscat\u0103 pentru depozitarea boabelor colectate (uscat\u0103 pentru a preveni apari\u021bia mucegaiului). Acest lucru func\u021bioneaz\u0103 cel mai bine cu dou\u0103 cuiburi separate, care sunt incluse \u00een setul nostru de pornire. Acesta va dura cel pu\u021bin 1-2 ani. Dup\u0103 aceea, at\u00e2t zona cuibului, c\u00e2t \u0219i cea a arenei trebuie extinse.<\/p>\n<p><strong>Condi\u021biile climatice optime pentru Messor barbarus sunt urm\u0103toarele:<\/strong><br \/>\nUmiditate:<br \/>\nArena: 30 - 50% Zona de cuib: 50 - 70%<br \/>\nTemperatura:<br \/>\nArena: 25 - 30\u00b0C Zona de cuib\u0103rit: 21 - 26\u00b0C<\/p>\n<p>Digfixul nostru este cel mai potrivit material de cuib\u0103rit. Este foarte rezistent la umezeal\u0103 \u0219i asigur\u0103 faptul c\u0103 vederea \u00een cuib \u0219i camerele \u0219i pasajele din interior nu este perturbat\u0103 de reziduurile de substrat, a\u0219a cum se \u00eent\u00e2mpl\u0103 \u00een cazul amestecurilor de nisip \u0219i lut. Datorit\u0103 f\u0103lcilor lor puternice, lucr\u0103torii Major pot, de asemenea, s\u0103 \u00ee\u0219i m\u0103n\u00e2nce Ytong \u00een timp f\u0103r\u0103 probleme. Cuiburile de sticl\u0103 cu inser\u021bii Digfix sunt, prin urmare, cea mai bun\u0103 \u0219i mai sigur\u0103 modalitate de a p\u0103stra Messor angularis.<\/p>\n<p><strong>Cuprins:<\/strong><\/p>\n<p>1x Messor barbarus (regin\u0103 + 11-25 lucr\u0103tori + puiet)<br \/>\n1x Cricket Jam 25g<br \/>\n1x Alimente pentru cereale minor 100g<br \/>\n1x pad for formicariums &#8211; 20x20cm<br \/>\n2x pad for formicariums &#8211; 20x6cm<\/p>\n<p>1x ANTCUBE - arena 20x20x10 - plat<br \/>\n1x cadru pentru arena de furnici 20\u00d720<br \/>\n1x capacul arenei pentru furnici 20\u00d720<br \/>\n4x puncte de fixare pentru capacul arenei<br \/>\n2x ANTCUBE - Ferm\u0103 de furnici - L - 20\u00d720 - vertical<\/p>\n<p>2x ANTCUBE - Plac\u0103 Digfix 20\u00d720 - M<br \/>\n1x 1m tub transparent de 14\/10 mm<br \/>\n2x ANTCUBE - Folie ro\u0219ie 20\u00d720 - filtru<br \/>\n2x cleme adezive - transparente 2 buc.<br \/>\n1x substrat - de\u0219ert - 1 kg<\/p>\n<p>2x grid insert &#8211; 50mm<br \/>\n1x grid insert &#8211; 27mm<br \/>\n1x capac de gril\u0103 - 10mm - o\u021bel inoxidabil<\/p>\n<p>1x conector pentru furtun rezervor 27-14,16,20 mm - transparent<br \/>\n1x drinking clear 5ml &#8211; sponge<br \/>\n1x Feeding dish white rectangle &#8211; 3 compartments<br \/>\n1x Foil thermometer display<br \/>\n2x Foil thermometer farm<br \/>\n1x Ulei de protec\u021bie \u00eempotriva evad\u0103rii furnicilor 10ml<br \/>\n1x Penset\u0103 din o\u021bel cu arc - larg\u0103 - moale<br \/>\n1x Penset\u0103 de plastic transparent<br \/>\n1x pipet\u0103 de plastic 3ml<br \/>\n1x lup\u0103 de m\u00e2n\u0103 - 2x - 30mm<br \/>\n1x \u0219terg\u0103tor de spum\u0103 150x18x2,5mm<br \/>\n1x spate foto - desert - 20\u00d710<\/p>\n<p><strong>Descriere Set pentru \u00eencep\u0103tori:<\/strong><br \/>\nAcest set de ini\u021biere este potrivit \u00een special pentru diverse specii din genul Messor sau Pogonomyrmex. Una dintre cele dou\u0103 ferme este destinat\u0103 depozit\u0103rii semin\u021belor \u0219i a p\u00e2inii de furnic\u0103 \u0219i, prin urmare, trebuie p\u0103strat\u0103 complet uscat\u0103 pentru a \u00eempiedica germinarea sau muceg\u0103irea semin\u021belor\/granulelor depozitate acolo.<br \/>\n\"Pl\u0103cile Digfix\" pot fi introduse \u00een fermele complet transparente. Alternativ, \u00eens\u0103, pute\u021bi folosi \u0219i \"Sol - de\u0219ert\" pentru a umple fermele. Dac\u0103 este necesar, modulele suplimentare pot fi conectate prin intermediul g\u0103urilor de 50 mm din capac, de exemplu nebulizatoarele, ventilatoarele sau luminile disponibile separat. Alternativ, inser\u021biile de gril\u0103 adecvate pentru a \u00eenchide deschiderile sunt incluse \u00een pachetul de livrare. Dac\u0103 se dore\u0219te, formicarul poate fi operat \u0219i deschis prin simpla fixare a cadrului deta\u0219abil \u0219i aplicarea pe margine a uleiului de protec\u021bie \u00eempotriva fugii furnicilor.<\/p>\n<p><strong>Important:<\/strong> V\u0103 rug\u0103m s\u0103 umezi\u021bi substratul \u00eenainte de utilizare, astfel \u00eenc\u00e2t amestecul s\u0103 se lege \u0219i s\u0103 se fixeze bine \u00een furnicar. \u00cen plus, dac\u0103 substratul este prea uscat \u0219i pr\u0103fuit, c\u0103ile respiratorii ale furnicilor pot fi blocate \u0219i, \u00een cel mai r\u0103u caz, animalele se pot sufoca.<\/p>\n<p><strong>Recomandare:<\/strong> Recomand\u0103m un strat de substrat cu o \u00een\u0103l\u021bime de 2 mm, astfel \u00eenc\u00e2t animalele s\u0103 nu poat\u0103 s\u0103pa \u00een aren\u0103 \u0219i s\u0103 foloseasc\u0103 \u00een schimb ferma prev\u0103zut\u0103 \u00een acest scop. De asemenea, recomand\u0103m ca materialul de cuib\u0103rit din ferm\u0103 (nisip\/argil\u0103, Digfix etc.) s\u0103 fie u\u0219or \u00een\u021bepat \u00eentr-un singur loc, pentru a facilita s\u0103parea animalelor.<\/p>\n<p><strong>Note privind produc\u021bia<\/strong><br \/>\nSticla este t\u0103iat\u0103 \u00een conformitate cu DIN 1249 cu o toleran\u021b\u0103 de +\/- 1 mm. Pentru speciile de furnici extrem de mici, este esen\u021bial\u0103 o protec\u021bie suplimentar\u0103 \u00eempotriva evad\u0103rii.<\/p>\n<p><strong>Note despre ferm\u0103<\/strong><br \/>\nC\u00e2nd ata\u0219a\u021bi sau scoate\u021bi furtunurile, v\u0103 rug\u0103m s\u0103 \u021bine\u021bi cont de urm\u0103toarele:<br \/>\n\u00cen cazul \u00een care tubulatura se potrive\u0219te foarte greu pe priza de conectare, aceasta trebuie frecat\u0103 u\u0219or cu o pic\u0103tur\u0103 din uleiul sau pulberea noastr\u0103 antiefrac\u021bie. Furtunul trebuie apoi \u00eempins pe priz\u0103 prin mi\u0219c\u0103ri de r\u0103sucire sau \u00een\u0219urubare, f\u0103r\u0103 a for\u021ba priza cu mi\u0219c\u0103ri de sus \u00een jos. Acela\u0219i lucru este valabil \u0219i atunci c\u00e2nd scoate\u021bi furtunurile din priza de conectare a fermei. V\u0103 rug\u0103m s\u0103 nu trage\u021bi pur \u0219i simplu de el!<\/p>\n<p><strong>Not\u0103 privind Digfix:<\/strong> Culoarea natural\u0103 poate varia \u00eentre verde\/gri-maroniu \u0219i maro-p\u0103m\u00e2ntiu. Culoarea nu are nicio influen\u021b\u0103 asupra calit\u0103\u021bii.<\/p>\n<p><strong>Instruc\u021biuni: <\/strong>(Versiunea 2023, versiunea actualizat\u0103 pentru 2024 va fi disponibil\u0103 p\u00e2n\u0103 cel t\u00e2rziu \u00een 04\/2024)<br \/>\n<span data-sheets-root=\"1\" data-sheets-value=\"{&quot;1&quot;:2,&quot;2&quot;:&quot;DE Gebrauchsanweisung Starter Set Ernteameisen (PDF 2,50 MB)&quot;}\" data-sheets-userformat=\"{&quot;2&quot;:513,&quot;3&quot;:{&quot;1&quot;:0},&quot;12&quot;:0}\" data-sheets-hyperlink=\"https:\/\/www.antstore.net\/shop\/images\/info\/de\/Gebrauchsanweisung Starter Set Ernteameisen.pdf\" data-sheets-hyperlinkruns=\"{&quot;1&quot;:3,&quot;2&quot;:&quot;https:\/\/www.antstore.net\/shop\/images\/info\/de\/Gebrauchsanweisung Starter Set Ernteameisen.pdf&quot;}\uee10{&quot;1&quot;:46}\"><a class=\"in-cell-link\" href=\"https:\/\/www.antstore.net\/shop\/images\/info\/de\/Gebrauchsanweisung Starter Set Ernteameisen.pdf\" target=\"_blank\" rel=\"noopener\">- DE <\/a><a class=\"in-cell-link\" href=\"https:\/\/www.antstore.net\/shop\/images\/info\/de\/Gebrauchsanweisung Starter Set Ernteameisen.pdf\" target=\"_blank\" rel=\"noopener\">Gebrauchsanweisung Starter Set Ernteameisen<\/a><a class=\"in-cell-link\" href=\"https:\/\/www.antstore.net\/shop\/images\/info\/de\/Gebrauchsanweisung Starter Set Ernteameisen.pdf\" target=\"_blank\" rel=\"noopener\"> (PDF 2,50 MB)<\/a><\/span><br \/>\n<a href=\"https:\/\/www.antstore.net\/shop\/images\/info\/en\/Instructions%20for%20use%20-%20Starter%20Set%20for%20Harvester%20Ants.pdf\">- RO Instruc\u021biuni de utilizare - Set de pornire pentru furnici recolt\u0103toare (PDF 2,50 MB)<\/a><br \/>\n<a href=\"https:\/\/www.antstore.net\/shop\/images\/info\/es\/Manual%20de%20instrucciones%20-%20Set%20de%20inicio%20para%20las%20hormigas%20de%20la%20cosecha%20_%20messor.pdf\">- ES Manual de instruc\u021biuni - Set de pornire pentru hormoni de la cosecha _ messor (PDF 2,50 MB)<\/a><br \/>\n<a href=\"https:\/\/www.antstore.net\/shop\/images\/info\/fr\/Manuel%20d'instruction%20-%20Kit%20de%20d%C3%A9marrage%20pour%20les%20fourmis%20moissonneuses_%20Messor.pdf\">- FR Manuel d'instruction - Kit de d\u00e9marrage pour les fourmis moissonneuses_ Messor (PDF 2,50 MB)<\/a><\/p>\n<p><strong>Note despre Cricket Jam:<\/strong><br \/>\nGreierii no\u0219tri blan\u0219i sunt o modalitate u\u0219oar\u0103 de a oferi furnicilor o hran\u0103 proteic\u0103 proasp\u0103t conservat\u0103, f\u0103r\u0103 a fi nevoie s\u0103 le hr\u0103ni\u021bi cu insecte vii. Greierii con\u021binu\u021bi (Acheta domesticus) au fost blan\u0219ati u\u0219or pentru a se asigura c\u0103 valorile nutri\u021bionale, gustul \u0219i aroma sunt p\u0103strate. \u00cen plus, carapacea chitinoas\u0103 a insectelor este \u00eenmuiat\u0103 \u00een acest mod, astfel \u00eenc\u00e2t s\u0103 poat\u0103 fi digerat\u0103 mai u\u0219or. Leg\u0103turile proteinelor de colagen sunt rupte, astfel \u00eenc\u00e2t furnicile s\u0103 le poat\u0103 utiliza mai bine. Conservele de Acheta domesticus au aceea\u0219i valoare nutritiv\u0103 ca \u0219i greierii vii, dar sunt mai u\u0219or de digerat.<\/p>\n<p>Cricket Jam nu este potrivit pentru v\u00e2narea speciilor de furnici care necesit\u0103 hran\u0103 vie (de exemplu, ponarine (furnici mari), cum ar fi Harpegnathos sau Odontomachus).<\/p>\n<p><strong>Alte avantaje:<\/strong><br \/>\nGarantat f\u0103r\u0103 acarieni<br \/>\nPoate fi por\u021bionat \u0219i diluat cu ap\u0103<br \/>\nSterilizat \u0219i ambalat \u00een vid<br \/>\nF\u0103r\u0103 aditivi<br \/>\nGreieri proveni\u021bi din cre\u0219terea sustenabil\u0103 pur organic\u0103, hr\u0103ni\u021bi cu de\u0219euri organice<\/p>\n<p><strong>Not\u0103:<\/strong><br \/>\nPoate fi p\u0103strat la frigider timp de aproximativ patru zile dup\u0103 deschidere. Termen de valabilitate mai lung dac\u0103 este congelat.<br \/>\n<strong>Aten\u021bie:<\/strong> Mai \u00eent\u00e2i se por\u021bioneaz\u0103, apoi se congeleaz\u0103.<\/p>","protected":false},"excerpt":{"rendered":"<p>Setul este format din 39 de piese<br \/>\nDimensiune: M<\/p>","protected":false},"featured_media":7113,"comment_status":"open","ping_status":"closed","template":"","meta":{"_acf_changed":false,"content-type":"","_monsterinsights_skip_tracking":false,"_monsterinsights_sitenote_active":false,"_monsterinsights_sitenote_note":"","_monsterinsights_sitenote_category":0},"product_brand":[],"product_cat":[355,353,73],"product_tag":[],"class_list":{"0":"post-5347","1":"product","2":"type-product","3":"status-publish","4":"has-post-thumbnail","6":"product_cat-bundle-offers","7":"product_cat-starter-sets-for-harvester-ants","8":"product_cat-starter-sets","10":"first","11":"instock","12":"taxable","13":"shipping-taxable","14":"purchasable","15":"product-type-simple"},"acf":[],"aioseo_notices":[],"jetpack_sharing_enabled":true,"_links":{"self":[{"href":"https:\/\/antcube.shop\/ro\/wp-json\/wp\/v2\/product\/5347","targetHints":{"allow":["GET"]}}],"collection":[{"href":"https:\/\/antcube.shop\/ro\/wp-json\/wp\/v2\/product"}],"about":[{"href":"https:\/\/antcube.shop\/ro\/wp-json\/wp\/v2\/types\/product"}],"replies":[{"embeddable":true,"href":"https:\/\/antcube.shop\/ro\/wp-json\/wp\/v2\/comments?post=5347"}],"wp:featuredmedia":[{"embeddable":true,"href":"https:\/\/antcube.shop\/ro\/wp-json\/wp\/v2\/media\/7113"}],"wp:attachment":[{"href":"https:\/\/antcube.shop\/ro\/wp-json\/wp\/v2\/media?parent=5347"}],"wp:term":[{"taxonomy":"product_brand","embeddable":true,"href":"https:\/\/antcube.shop\/ro\/wp-json\/wp\/v2\/product_brand?post=5347"},{"taxonomy":"product_cat","embeddable":true,"href":"https:\/\/antcube.shop\/ro\/wp-json\/wp\/v2\/product_cat?post=5347"},{"taxonomy":"product_tag","embeddable":true,"href":"https:\/\/antcube.shop\/ro\/wp-json\/wp\/v2\/product_tag?post=5347"}],"curies":[{"name":"wp","href":"https:\/\/api.w.org\/{rel}","templated":true}]}}