{"id":4873,"date":"2022-12-07T14:03:10","date_gmt":"2022-12-07T13:03:10","guid":{"rendered":"https:\/\/antcube.shop\/produkt\/combi-balkon\/"},"modified":"2026-04-05T21:18:18","modified_gmt":"2026-04-05T19:18:18","slug":"combi-balkon","status":"publish","type":"product","link":"https:\/\/antcube.shop\/ro\/produs\/combi-balkon\/","title":{"rendered":"Combi - Balcon"},"content":{"rendered":"<p style=\"margin-bottom: 0cm;\"><strong>Dimensiuni:<\/strong> 19x6x8 cm<\/p>\n<p><strong>Material:<\/strong> PMMA<\/p>\n<p><strong>Culoare:<\/strong> limpede ca cristalul, transparent, translucid<\/p>\n<p><strong>Cuprins:<\/strong><br \/>\n1x plac\u0103 de baz\u0103<br \/>\n2x suport de suport<br \/>\n1x ramp\u0103 \u00eengust\u0103 (pentru furnici mici)<br \/>\n1x ramp\u0103 larg\u0103 (pentru furnici mari)<\/p>\n<p><strong>Not\u0103:<\/strong> Piesele sunt furnizate sub form\u0103 de kit sau de sistem plug-in. Nu este necesar\u0103 nicio lipire.<\/p>\n<p><strong>Conexiune:<\/strong><br \/>\nPoate fi cuplat la toate arenele Combi 20x20x20 cm \u00een S, M, L.<\/p>\n<p><strong>Descriere:<\/strong> Combi-Balcony se conecteaz\u0103 pur \u0219i simplu la Arena Combi existent. Balconul serve\u0219te ca o extensie a arenei \u0219i faciliteaz\u0103 urcarea sau cobor\u00e2rea furnicilor din zona superioar\u0103 a cuibului din aren\u0103. Exist\u0103 un ajutor de urcare \u00eengust pentru speciile de furnici mici, cum ar fi Lasius niger, \u0219i unul mai lat pentru specii precum Camponotus. Platforma \u00een\u0103l\u021bat\u0103 poate fi folosit\u0103 ca zon\u0103 de hr\u0103nire pentru a plasa boluri sau ad\u0103p\u0103tori. Aceasta simplific\u0103 lucr\u0103rile de \u00eengrijire \u0219i \u00eentre\u021binere, datorit\u0103 proximit\u0103\u021bii fa\u021b\u0103 de deschiderea superioar\u0103 \u0219i men\u021bine substratul inferior f\u0103r\u0103 reziduuri de hran\u0103. Datorit\u0103 materialului transparent, Combi Balcony se potrive\u0219te perfect \u00een Combi Arena f\u0103r\u0103 a bloca vederea zonei de cuib \u0219i este, de asemenea, u\u0219or de cur\u0103\u021bat.<\/p>\n<p style=\"margin-bottom: 0cm;\">","protected":false},"excerpt":{"rendered":"<p>Dimensiuni: 19x6x8 cm Material: PMMA Culoare: cristalin, transparent, translucid Con\u021bine: Material: PMMA: 1x plac\u0103 de baz\u0103 2x suport de sus\u021binere 1x ramp\u0103 \u00eengust\u0103 (pentru furnici mici) 1x ramp\u0103 lat\u0103 (pentru furnici mari) Not\u0103: Piesele sunt furnizate sub form\u0103 de kit sau sistem plug-in. Nu este necesar\u0103 lipirea. Conectare: Nu este necesar s\u0103 se conecteze: Poate fi ag\u0103\u021bat \u00een toate arenele Combi 20x20x20 cm \u00een","protected":false},"featured_media":4875,"comment_status":"open","ping_status":"closed","template":"","meta":{"_acf_changed":false,"content-type":"","_monsterinsights_skip_tracking":false,"_monsterinsights_sitenote_active":false,"_monsterinsights_sitenote_note":"","_monsterinsights_sitenote_category":0},"product_brand":[],"product_cat":[239],"product_tag":[],"class_list":{"0":"post-4873","1":"product","2":"type-product","3":"status-publish","4":"has-post-thumbnail","6":"product_cat-useful-additions","8":"first","9":"instock","10":"taxable","11":"shipping-taxable","12":"purchasable","13":"product-type-simple"},"acf":[],"aioseo_notices":[],"jetpack_sharing_enabled":true,"_links":{"self":[{"href":"https:\/\/antcube.shop\/ro\/wp-json\/wp\/v2\/product\/4873","targetHints":{"allow":["GET"]}}],"collection":[{"href":"https:\/\/antcube.shop\/ro\/wp-json\/wp\/v2\/product"}],"about":[{"href":"https:\/\/antcube.shop\/ro\/wp-json\/wp\/v2\/types\/product"}],"replies":[{"embeddable":true,"href":"https:\/\/antcube.shop\/ro\/wp-json\/wp\/v2\/comments?post=4873"}],"wp:featuredmedia":[{"embeddable":true,"href":"https:\/\/antcube.shop\/ro\/wp-json\/wp\/v2\/media\/4875"}],"wp:attachment":[{"href":"https:\/\/antcube.shop\/ro\/wp-json\/wp\/v2\/media?parent=4873"}],"wp:term":[{"taxonomy":"product_brand","embeddable":true,"href":"https:\/\/antcube.shop\/ro\/wp-json\/wp\/v2\/product_brand?post=4873"},{"taxonomy":"product_cat","embeddable":true,"href":"https:\/\/antcube.shop\/ro\/wp-json\/wp\/v2\/product_cat?post=4873"},{"taxonomy":"product_tag","embeddable":true,"href":"https:\/\/antcube.shop\/ro\/wp-json\/wp\/v2\/product_tag?post=4873"}],"curies":[{"name":"wp","href":"https:\/\/api.w.org\/{rel}","templated":true}]}}