{"id":4747,"date":"2022-11-14T15:08:27","date_gmt":"2022-11-14T14:08:27","guid":{"rendered":"https:\/\/antcube.shop\/produkt\/beckenverbinder-3-4-beidseitig-fur-bohrung-27-mm\/"},"modified":"2026-04-15T15:04:19","modified_gmt":"2026-04-15T13:04:19","slug":"beckenverbinder-3-4-beidseitig-fur-bohrung-27-mm","status":"publish","type":"product","link":"https:\/\/antcube.shop\/ro\/produs\/beckenverbinder-3-4-beidseitig-fur-bohrung-27-mm\/","title":{"rendered":"Conector pentru bazin 3\/4\u2033 - ambele p\u0103r\u021bi pentru alezaj 27 mm"},"content":{"rendered":"<p><strong>Dimensiuni:<\/strong> pentru alezaj 27mm<\/p>\n<p><strong>Con\u021binut:<\/strong> 1x adaptor cu \u0219urub (<strong>ATEN\u021aIE<\/strong>: Piuli\u021bele filetate nu sunt incluse, a se vedea la \"Produse conexe\").<\/p>\n<p><strong>Descriere:<\/strong> Cu acest conector pentru bazin, dou\u0103 bazine sau dou\u0103 ferme de dimensiunea XL pot fi conectate \u00eentre ele. G\u0103urile trebuie s\u0103 fie la aceea\u0219i \u00een\u0103l\u021bime \u00een bazinele pe care dori\u021bi s\u0103 le conecta\u021bi. Conectorul se introduce prin fiecare dintre g\u0103uri \u0219i se \u00een\u0219urubeaz\u0103 cu un contrapiuli\u021b\u0103 disponibil\u0103 separat. Acest lucru asigur\u0103 faptul c\u0103 conexiunea este rezistent\u0103 la rupere \u0219i, de asemenea, se men\u021bine \u00een siguran\u021b\u0103 la mutarea bazinelor.<\/p>\n<p>&nbsp;<\/p>","protected":false},"excerpt":{"rendered":"<p>Dimensiuni: pentru alezaj 27mm Con\u021binut: 1x adaptor cu \u0219urub (ATEN\u021aIE: Piuli\u021bele filetate nu sunt incluse, a se vedea la \"Produse conexe\"). Descriere: Cu acest conector de bazin, dou\u0103 bazine sau, de asemenea, dou\u0103 ferme de dimensiunea XL pot fi conectate \u00eentre ele. G\u0103urile trebuie s\u0103 fie la aceea\u0219i \u00een\u0103l\u021bime \u00een bazinele pe care dori\u021bi s\u0103 le conecta\u021bi. Site-ul","protected":false},"featured_media":4755,"comment_status":"open","ping_status":"closed","template":"","meta":{"_acf_changed":false,"content-type":"","_monsterinsights_skip_tracking":false,"_monsterinsights_sitenote_active":false,"_monsterinsights_sitenote_note":"","_monsterinsights_sitenote_category":0},"product_brand":[],"product_cat":[121],"product_tag":[],"class_list":{"0":"post-4747","1":"product","2":"type-product","3":"status-publish","4":"has-post-thumbnail","6":"product_cat-connectors","8":"first","9":"instock","10":"taxable","11":"shipping-taxable","12":"purchasable","13":"product-type-simple"},"acf":[],"aioseo_notices":[],"jetpack_sharing_enabled":true,"_links":{"self":[{"href":"https:\/\/antcube.shop\/ro\/wp-json\/wp\/v2\/product\/4747","targetHints":{"allow":["GET"]}}],"collection":[{"href":"https:\/\/antcube.shop\/ro\/wp-json\/wp\/v2\/product"}],"about":[{"href":"https:\/\/antcube.shop\/ro\/wp-json\/wp\/v2\/types\/product"}],"replies":[{"embeddable":true,"href":"https:\/\/antcube.shop\/ro\/wp-json\/wp\/v2\/comments?post=4747"}],"wp:featuredmedia":[{"embeddable":true,"href":"https:\/\/antcube.shop\/ro\/wp-json\/wp\/v2\/media\/4755"}],"wp:attachment":[{"href":"https:\/\/antcube.shop\/ro\/wp-json\/wp\/v2\/media?parent=4747"}],"wp:term":[{"taxonomy":"product_brand","embeddable":true,"href":"https:\/\/antcube.shop\/ro\/wp-json\/wp\/v2\/product_brand?post=4747"},{"taxonomy":"product_cat","embeddable":true,"href":"https:\/\/antcube.shop\/ro\/wp-json\/wp\/v2\/product_cat?post=4747"},{"taxonomy":"product_tag","embeddable":true,"href":"https:\/\/antcube.shop\/ro\/wp-json\/wp\/v2\/product_tag?post=4747"}],"curies":[{"name":"wp","href":"https:\/\/api.w.org\/{rel}","templated":true}]}}