{"id":4745,"date":"2022-11-14T15:07:37","date_gmt":"2022-11-14T14:07:37","guid":{"rendered":"https:\/\/antcube.shop\/produkt\/rohrkappe-glasklar-fur-20mm\/"},"modified":"2026-04-07T09:38:31","modified_gmt":"2026-04-07T07:38:31","slug":"rohrkappe-glasklar-fur-20mm","status":"publish","type":"product","link":"https:\/\/antcube.shop\/ro\/produs\/rohrkappe-glasklar-fur-20mm\/","title":{"rendered":"Capac de \u021beav\u0103 cristal transparent pentru 20mm"},"content":{"rendered":"<p><strong>Dimensiuni<\/strong> (LxLxA): 1,9\u00d72,5\u00d72,5\u00d72,5 cm<br \/>\n<strong>Diametrul interior:<\/strong> 20mm<\/p>\n<p>Material: Acrilic<br \/>\nCuloare: Incolor\/Transparent\/Clar\u0103<\/p>\n<p>Con\u021binut: 1 buc.<\/p>\n<p>Specifica\u021bii tehnice:<br \/>\nCapac de \u021beav\u0103 cristal transparent cu diametrul de 25 mm pentru \u021bevi de 20 mm.<\/p>\n<p><strong>Descriere:<\/strong><br \/>\nCapac de \u021beav\u0103 din acrilic transparent pentru \u00eenchiderea \u021bevilor din acrilic.<\/p>\n<p><strong>Aviz:<\/strong><br \/>\nLa montarea \u021bevilor, v\u0103 rug\u0103m s\u0103 re\u021bine\u021bi urm\u0103toarele:<br \/>\nDin cauza propriet\u0103\u021bilor materialului acrilic, presiunea \u0219i efectul de p\u00e2rghie trebuie evitate cu orice pre\u021b. \u00cen cazul \u00een care conexiunea este dificil\u0103, v\u0103 rug\u0103m s\u0103 o conecta\u021bi cu mi\u0219c\u0103ri de r\u0103sucire atente \u0219i s\u0103 freca\u021bi pu\u021bin ulei antirupere dac\u0103 este necesar.<\/p>","protected":false},"excerpt":{"rendered":"<p>Dimensiuni (LxLxA): 1,9\u00d72,5\u00d72,5 cm Diametru interior: 20 mm Material: Acrilic: Acrilic Acrilic Culoare: Incolor\/Transparent\/Clari Con\u021binut: 1 buc: 1 buc. Specifica\u021bii tehnice: Capac \u021beav\u0103 cristal transparent diametru 25mm pentru \u021beav\u0103 de 20mm. Descriere: Capac de \u021beav\u0103 din acrilic transparent pentru \u00eenchiderea \u021bevilor acrilice. Not\u0103: La montarea \u021bevilor, v\u0103 rug\u0103m s\u0103 \u021bine\u021bi cont de urm\u0103toarele: Datorit\u0103 propriet\u0103\u021bilor materialului acrilic, presiunea \u0219i p\u00e2rghia trebuie s\u0103 fie [...]","protected":false},"featured_media":4768,"comment_status":"open","ping_status":"closed","template":"","meta":{"_acf_changed":false,"content-type":"","_monsterinsights_skip_tracking":false,"_monsterinsights_sitenote_active":false,"_monsterinsights_sitenote_note":"","_monsterinsights_sitenote_category":0},"product_brand":[],"product_cat":[345],"product_tag":[],"class_list":{"0":"post-4745","1":"product","2":"type-product","3":"status-publish","4":"has-post-thumbnail","6":"product_cat-pipe-connectors","8":"first","9":"instock","10":"taxable","11":"shipping-taxable","12":"purchasable","13":"product-type-simple"},"acf":[],"aioseo_notices":[],"jetpack_sharing_enabled":true,"_links":{"self":[{"href":"https:\/\/antcube.shop\/ro\/wp-json\/wp\/v2\/product\/4745","targetHints":{"allow":["GET"]}}],"collection":[{"href":"https:\/\/antcube.shop\/ro\/wp-json\/wp\/v2\/product"}],"about":[{"href":"https:\/\/antcube.shop\/ro\/wp-json\/wp\/v2\/types\/product"}],"replies":[{"embeddable":true,"href":"https:\/\/antcube.shop\/ro\/wp-json\/wp\/v2\/comments?post=4745"}],"wp:featuredmedia":[{"embeddable":true,"href":"https:\/\/antcube.shop\/ro\/wp-json\/wp\/v2\/media\/4768"}],"wp:attachment":[{"href":"https:\/\/antcube.shop\/ro\/wp-json\/wp\/v2\/media?parent=4745"}],"wp:term":[{"taxonomy":"product_brand","embeddable":true,"href":"https:\/\/antcube.shop\/ro\/wp-json\/wp\/v2\/product_brand?post=4745"},{"taxonomy":"product_cat","embeddable":true,"href":"https:\/\/antcube.shop\/ro\/wp-json\/wp\/v2\/product_cat?post=4745"},{"taxonomy":"product_tag","embeddable":true,"href":"https:\/\/antcube.shop\/ro\/wp-json\/wp\/v2\/product_tag?post=4745"}],"curies":[{"name":"wp","href":"https:\/\/api.w.org\/{rel}","templated":true}]}}