{"id":4743,"date":"2022-11-14T15:07:05","date_gmt":"2022-11-14T14:07:05","guid":{"rendered":"https:\/\/antcube.shop\/produkt\/rohrverbinder-glasklar-fur-20mm-l\/"},"modified":"2026-04-15T21:41:12","modified_gmt":"2026-04-15T19:41:12","slug":"tub-conector-cristal-clear-pentru-20mm-l","status":"publish","type":"product","link":"https:\/\/antcube.shop\/ro\/produs\/tub-conector-cristal-clear-pentru-20mm-l\/","title":{"rendered":"Conector de tuburi transparent pentru 20 mm - L"},"content":{"rendered":"<p>Dimensiuni (LxLxA): 4,2\u00d72,5\u00d74,2cm<br \/>\nDiametrul interior: 20mm<\/p>\n<p>Material: Acrilic<\/p>\n<p>Culoare: Incolor\/Transparent\/Clar\u0103<\/p>\n<p>Con\u021binut: 1 buc.<\/p>\n<p>Specifica\u021bii tehnice:<br \/>\nConector de \u021beav\u0103 \u00een form\u0103 de L cu diametrul acrilic de 25 mm pentru \u021beav\u0103 de 20 mm.<\/p>\n<p>Descriere:<br \/>\nConector de \u021bevi din acrilic transparent pentru conectarea \u021bevilor din acrilic.<\/p>\n<p>Aviz:<br \/>\nLa asamblarea \u021bevilor, v\u0103 rug\u0103m s\u0103 re\u021bine\u021bi urm\u0103toarele:<br \/>\nDin cauza propriet\u0103\u021bilor materialului acrilic, presiunea \u0219i efectul de p\u00e2rghie trebuie evitate cu orice pre\u021b. \u00cen cazul \u00een care conexiunea este dificil\u0103, v\u0103 rug\u0103m s\u0103 o conecta\u021bi cu mi\u0219c\u0103ri de r\u0103sucire atente \u0219i s\u0103 freca\u021bi pu\u021bin ulei antirupere dac\u0103 este necesar.<\/p>\n<p>&nbsp;<\/p>","protected":false},"excerpt":{"rendered":"<p>Dimensiuni (LxLxA): 3,5\u00d72,5\u00d72,5 cm Diametru interior: 20 mm Material: Acrilic: Acrilic Acrilic Culoare: Incolor\/Transparent\/Clari Con\u021binut: 1 buc: 1 buc. Specifica\u021bii tehnice: Conector \u021beav\u0103 form\u0103 I diametru acrilic 25mm pentru \u021beav\u0103 de 20mm. Descriere: Conector pentru \u021bevi realizat din acril transparent pentru conectarea \u021bevilor acrilice. Not\u0103: C\u00e2nd asambla\u021bi \u021bevile, v\u0103 rug\u0103m s\u0103 \u021bine\u021bi cont de urm\u0103toarele: Datorit\u0103 propriet\u0103\u021bilor materialului acrilic, presiunea \u0219i p\u00e2rghia trebuie [...]","protected":false},"featured_media":4773,"comment_status":"open","ping_status":"closed","template":"","meta":{"_acf_changed":false,"content-type":"","_monsterinsights_skip_tracking":false,"_monsterinsights_sitenote_active":false,"_monsterinsights_sitenote_note":"","_monsterinsights_sitenote_category":0},"product_brand":[],"product_cat":[345],"product_tag":[],"class_list":{"0":"post-4743","1":"product","2":"type-product","3":"status-publish","4":"has-post-thumbnail","6":"product_cat-pipe-connectors","8":"first","9":"instock","10":"taxable","11":"shipping-taxable","12":"purchasable","13":"product-type-simple"},"acf":[],"aioseo_notices":[],"jetpack_sharing_enabled":true,"_links":{"self":[{"href":"https:\/\/antcube.shop\/ro\/wp-json\/wp\/v2\/product\/4743","targetHints":{"allow":["GET"]}}],"collection":[{"href":"https:\/\/antcube.shop\/ro\/wp-json\/wp\/v2\/product"}],"about":[{"href":"https:\/\/antcube.shop\/ro\/wp-json\/wp\/v2\/types\/product"}],"replies":[{"embeddable":true,"href":"https:\/\/antcube.shop\/ro\/wp-json\/wp\/v2\/comments?post=4743"}],"wp:featuredmedia":[{"embeddable":true,"href":"https:\/\/antcube.shop\/ro\/wp-json\/wp\/v2\/media\/4773"}],"wp:attachment":[{"href":"https:\/\/antcube.shop\/ro\/wp-json\/wp\/v2\/media?parent=4743"}],"wp:term":[{"taxonomy":"product_brand","embeddable":true,"href":"https:\/\/antcube.shop\/ro\/wp-json\/wp\/v2\/product_brand?post=4743"},{"taxonomy":"product_cat","embeddable":true,"href":"https:\/\/antcube.shop\/ro\/wp-json\/wp\/v2\/product_cat?post=4743"},{"taxonomy":"product_tag","embeddable":true,"href":"https:\/\/antcube.shop\/ro\/wp-json\/wp\/v2\/product_tag?post=4743"}],"curies":[{"name":"wp","href":"https:\/\/api.w.org\/{rel}","templated":true}]}}