{"id":4737,"date":"2022-11-14T15:05:30","date_gmt":"2022-11-14T14:05:30","guid":{"rendered":"https:\/\/antcube.shop\/produkt\/bohrungsadapter-50-auf-27mm-transparent\/"},"modified":"2026-04-14T12:07:18","modified_gmt":"2026-04-14T10:07:18","slug":"bohrungsadapter-50-auf-27mm-transparent","status":"publish","type":"product","link":"https:\/\/antcube.shop\/ro\/produs\/bohrungsadapter-50-auf-27mm-transparent\/","title":{"rendered":"Adaptor de alezaj de la 50 la 27 mm - transparent"},"content":{"rendered":"<p><strong>Con\u021binut:<\/strong><br \/>\n1x disc acrilic 50x4mm cu gaur\u0103 de 27mm<br \/>\n1x folie adeziv\u0103 transparent\u0103 60mm cu gaur\u0103 de 27mm<\/p>\n<p><strong>Dimensiuni:<\/strong> 60x4mm<\/p>\n<p><strong>Material:<\/strong> PMMA, PP<\/p>\n<p><strong>Culoare:<\/strong> transparent \/ cristalin<\/p>\n<p><strong>Descriere:<\/strong> Adaptor pentru fixarea elementelor cu diametrul de 27 mm \u00een gaura de 50 mm.<br \/>\nFolia adeziv\u0103 transparent\u0103 de \u00eenalt\u0103 calitate de 50\u00b5 este rezistent\u0103 la zg\u00e2rieturi, con\u021bine un strat de protec\u021bie UV \u0219i este permanent aderent\u0103.<br \/>\nAstfel se ob\u021bine o fixare sigur\u0103, ferm\u0103 \u0219i frumoas\u0103 din punct de vedere vizual pentru adaptor.<\/p>\n<p><strong>Not\u0103:<\/strong> Adaptorul de alezaj nu trebuie s\u0103 fie solicitat prin presiune permanent\u0103 cu efect de p\u00e2rghie, altfel se poate sl\u0103bi. Este adecvat numai pentru conexiuni drepte!<\/p>","protected":false},"excerpt":{"rendered":"<p>Con\u021binut: 1x disc acrilic 50x4mm cu gaur\u0103 de 27mm 1x folie adeziv\u0103 transparent\u0103 60mm cu gaur\u0103 de 27mm Dimensiuni: 60x4mm Material: PMMA, PP Culoare: transparent\u0103 \/ cristalin\u0103 Descriere: Material: PMMA, PP: Adaptor pentru fixarea elementelor cu diametrul de 27mm \u00een gaura de 50mm. Folia adeziv\u0103 transparent\u0103 de \u00eenalt\u0103 calitate de 50\u00b5 este rezistent\u0103 la zg\u00e2rieturi \u0219i con\u021bine un strat de protec\u021bie UV \u0219i este","protected":false},"featured_media":4887,"comment_status":"open","ping_status":"closed","template":"","meta":{"_acf_changed":false,"content-type":"","_monsterinsights_skip_tracking":false,"_monsterinsights_sitenote_active":false,"_monsterinsights_sitenote_note":"","_monsterinsights_sitenote_category":0},"product_brand":[],"product_cat":[119,121],"product_tag":[],"class_list":{"0":"post-4737","1":"product","2":"type-product","3":"status-publish","4":"has-post-thumbnail","6":"product_cat-formicarium-components","7":"product_cat-connectors","9":"first","10":"instock","11":"taxable","12":"shipping-taxable","13":"purchasable","14":"product-type-simple"},"acf":[],"aioseo_notices":[],"jetpack_sharing_enabled":true,"_links":{"self":[{"href":"https:\/\/antcube.shop\/ro\/wp-json\/wp\/v2\/product\/4737","targetHints":{"allow":["GET"]}}],"collection":[{"href":"https:\/\/antcube.shop\/ro\/wp-json\/wp\/v2\/product"}],"about":[{"href":"https:\/\/antcube.shop\/ro\/wp-json\/wp\/v2\/types\/product"}],"replies":[{"embeddable":true,"href":"https:\/\/antcube.shop\/ro\/wp-json\/wp\/v2\/comments?post=4737"}],"wp:featuredmedia":[{"embeddable":true,"href":"https:\/\/antcube.shop\/ro\/wp-json\/wp\/v2\/media\/4887"}],"wp:attachment":[{"href":"https:\/\/antcube.shop\/ro\/wp-json\/wp\/v2\/media?parent=4737"}],"wp:term":[{"taxonomy":"product_brand","embeddable":true,"href":"https:\/\/antcube.shop\/ro\/wp-json\/wp\/v2\/product_brand?post=4737"},{"taxonomy":"product_cat","embeddable":true,"href":"https:\/\/antcube.shop\/ro\/wp-json\/wp\/v2\/product_cat?post=4737"},{"taxonomy":"product_tag","embeddable":true,"href":"https:\/\/antcube.shop\/ro\/wp-json\/wp\/v2\/product_tag?post=4737"}],"curies":[{"name":"wp","href":"https:\/\/api.w.org\/{rel}","templated":true}]}}