{"id":4736,"date":"2022-11-14T15:05:15","date_gmt":"2022-11-14T14:05:15","guid":{"rendered":"https:\/\/antcube.shop\/produkt\/rohrverbindungsring-fur-32mm-rohr\/"},"modified":"2026-04-13T09:33:48","modified_gmt":"2026-04-13T07:33:48","slug":"inel-de-racordare-pentru-teava-de-32-mm","status":"publish","type":"product","link":"https:\/\/antcube.shop\/ro\/produs\/inel-de-racordare-pentru-teava-de-32-mm\/","title":{"rendered":"Inel de racordare pentru \u021beav\u0103 de 32 mm"},"content":{"rendered":"<p><strong>Cantitate:<\/strong> 1 bucat\u0103<\/p>\n<p><strong>Dimensiuni:<\/strong> 32mm (diametru interior), 40x10mm (dimensiuni exterioare)<\/p>\n<p><strong>Culoare:<\/strong> transparent<\/p>\n<p><strong>Material:<\/strong> acrilic<\/p>\n<p><strong>Descriere:<\/strong><br \/>\nInel de conectare a \u021bevilor din acrilic transparent pentru conectarea \u021bevilor acrilice.<\/p>\n<p><strong>Cerere:<\/strong><br \/>\nPentru conectarea \u021bevilor acrilice cu diametrul de 32 mm.<\/p>\n<p><strong>Aviz:<\/strong><br \/>\nLa asamblarea \u021bevilor, v\u0103 rug\u0103m s\u0103 re\u021bine\u021bi urm\u0103toarele:<br \/>\n\u00cen cazul \u00een care \u021beava se potrive\u0219te foarte greu pe soclul de conectare, inelul de etan\u0219are trebuie frecat u\u0219or cu o pic\u0103tur\u0103 din uleiul sau pulberea noastr\u0103 de protec\u021bie \u00eempotriva spargerii. \u021aeava trebuie apoi \u00eempins\u0103 pe buc\u0219\u0103 prin mi\u0219c\u0103ri de r\u0103sucire sau \u00een\u0219urubare, f\u0103r\u0103 a \u00eenc\u0103rca buc\u0219a cu mi\u0219c\u0103ri de sus \u00een jos. Din cauza propriet\u0103\u021bilor materialului acrilic, trebuie evitate cu orice pre\u021b presiunea \u0219i p\u00e2rghiile.<\/p>\n<p>&nbsp;<\/p>","protected":false},"excerpt":{"rendered":"<p>Cantitate: 1 buc: 1 bucat\u0103 Dimensiuni: 50mm (diametru interior), 60x10mm (dimensiuni exterioare) Culoare: transparent Material: acrilic Descriere: Inel de conectare a \u021bevilor realizat din acril transparent pentru conectarea \u021bevilor acrilice. Aplica\u021bie: Pentru conectarea \u021bevilor din \u021bevi acrilice: Pentru conectarea \u021bevilor acrilice cu diametrul de 50mm. Not\u0103: C\u00e2nd asambla\u021bi \u021bevile, v\u0103 rug\u0103m s\u0103 \u021bine\u021bi cont de urm\u0103toarele: Dac\u0103 \u021beava este foarte dificil de montat pe mufa de conectare, [...]","protected":false},"featured_media":4890,"comment_status":"open","ping_status":"closed","template":"","meta":{"_acf_changed":false,"content-type":"","_monsterinsights_skip_tracking":false,"_monsterinsights_sitenote_active":false,"_monsterinsights_sitenote_note":"","_monsterinsights_sitenote_category":0},"product_brand":[],"product_cat":[345],"product_tag":[],"class_list":{"0":"post-4736","1":"product","2":"type-product","3":"status-publish","4":"has-post-thumbnail","6":"product_cat-pipe-connectors","8":"first","9":"instock","10":"taxable","11":"shipping-taxable","12":"purchasable","13":"product-type-simple"},"acf":[],"aioseo_notices":[],"jetpack_sharing_enabled":true,"_links":{"self":[{"href":"https:\/\/antcube.shop\/ro\/wp-json\/wp\/v2\/product\/4736","targetHints":{"allow":["GET"]}}],"collection":[{"href":"https:\/\/antcube.shop\/ro\/wp-json\/wp\/v2\/product"}],"about":[{"href":"https:\/\/antcube.shop\/ro\/wp-json\/wp\/v2\/types\/product"}],"replies":[{"embeddable":true,"href":"https:\/\/antcube.shop\/ro\/wp-json\/wp\/v2\/comments?post=4736"}],"wp:featuredmedia":[{"embeddable":true,"href":"https:\/\/antcube.shop\/ro\/wp-json\/wp\/v2\/media\/4890"}],"wp:attachment":[{"href":"https:\/\/antcube.shop\/ro\/wp-json\/wp\/v2\/media?parent=4736"}],"wp:term":[{"taxonomy":"product_brand","embeddable":true,"href":"https:\/\/antcube.shop\/ro\/wp-json\/wp\/v2\/product_brand?post=4736"},{"taxonomy":"product_cat","embeddable":true,"href":"https:\/\/antcube.shop\/ro\/wp-json\/wp\/v2\/product_cat?post=4736"},{"taxonomy":"product_tag","embeddable":true,"href":"https:\/\/antcube.shop\/ro\/wp-json\/wp\/v2\/product_tag?post=4736"}],"curies":[{"name":"wp","href":"https:\/\/api.w.org\/{rel}","templated":true}]}}