{"id":4732,"date":"2022-11-14T15:04:12","date_gmt":"2022-11-14T14:04:12","guid":{"rendered":"https:\/\/antcube.shop\/produkt\/rohrverbinder-glasklar-fur-32mm-45\/"},"modified":"2026-04-29T15:30:32","modified_gmt":"2026-04-29T13:30:32","slug":"conector-de-tuburi-transparent-pentru-32-mm-45","status":"publish","type":"product","link":"https:\/\/antcube.shop\/ro\/produs\/conector-de-tuburi-transparent-pentru-32-mm-45\/","title":{"rendered":"Conector de tuburi transparent pentru 32 mm - 45\u00b0."},"content":{"rendered":"<p><strong>Dimensiuni (LxLxA):<\/strong> 7,2\u00d74,0x5,5cm<br \/>\n<strong>Diametrul interior:<\/strong> 32mm<\/p>\n<p><strong>Material:<\/strong> Acrilic<\/p>\n<p><strong>Culoare:<\/strong> Incolor\/Transparent\/Clar\u0103<\/p>\n<p><strong>Con\u021binut:<\/strong> 1 buc.<\/p>\n<p><strong>Specifica\u021bii tehnice:<\/strong><br \/>\nConector de \u021beav\u0103 acrilic cu diametrul de 40 mm pentru \u021beav\u0103 de 32 mm.<\/p>\n<p><strong>Descriere:<\/strong><br \/>\nRacord pentru \u021bevi din acrilic transparent pentru conectarea \u021bevilor acrilice la un unghi de 45\u00b0.<\/p>\n<p><strong>Aviz:<\/strong><br \/>\nLa asamblarea \u021bevilor, v\u0103 rug\u0103m s\u0103 re\u021bine\u021bi urm\u0103toarele:<br \/>\nDin cauza propriet\u0103\u021bilor materialului acrilic, presiunea \u0219i efectul de p\u00e2rghie trebuie evitate cu orice pre\u021b. \u00cen cazul \u00een care conexiunea este dificil\u0103, v\u0103 rug\u0103m s\u0103 o conecta\u021bi cu mi\u0219c\u0103ri de r\u0103sucire atente \u0219i s\u0103 freca\u021bi pu\u021bin ulei antirupere dac\u0103 este necesar.<\/p>","protected":false},"excerpt":{"rendered":"<p>Dimensions (LxWxH): 7,2&#215;4,0&#215;5,5cm Inner diameter: 32mm Material: Acrylic Color: Colorless\/Transparent\/Clear Content: 1pcs. Technical specifications: Pipe connector acrylic diameter 40mm for 32mm pipe. Description: Pipe connector made of transparent acrylic for connecting acrylic pipes at an angle of 45\u00b0. Notice: When assembling the pipes, please note the following: Due to the material properties of acrylic, pressure [&#8230;]","protected":false},"featured_media":4901,"comment_status":"open","ping_status":"closed","template":"","meta":{"_acf_changed":false,"content-type":"","_monsterinsights_skip_tracking":false,"_monsterinsights_sitenote_active":false,"_monsterinsights_sitenote_note":"","_monsterinsights_sitenote_category":0},"product_brand":[],"product_cat":[345],"product_tag":[],"class_list":{"0":"post-4732","1":"product","2":"type-product","3":"status-publish","4":"has-post-thumbnail","6":"product_cat-pipe-connectors","8":"first","9":"instock","10":"taxable","11":"shipping-taxable","12":"purchasable","13":"product-type-simple"},"acf":[],"aioseo_notices":[],"jetpack_sharing_enabled":true,"_links":{"self":[{"href":"https:\/\/antcube.shop\/ro\/wp-json\/wp\/v2\/product\/4732","targetHints":{"allow":["GET"]}}],"collection":[{"href":"https:\/\/antcube.shop\/ro\/wp-json\/wp\/v2\/product"}],"about":[{"href":"https:\/\/antcube.shop\/ro\/wp-json\/wp\/v2\/types\/product"}],"replies":[{"embeddable":true,"href":"https:\/\/antcube.shop\/ro\/wp-json\/wp\/v2\/comments?post=4732"}],"wp:featuredmedia":[{"embeddable":true,"href":"https:\/\/antcube.shop\/ro\/wp-json\/wp\/v2\/media\/4901"}],"wp:attachment":[{"href":"https:\/\/antcube.shop\/ro\/wp-json\/wp\/v2\/media?parent=4732"}],"wp:term":[{"taxonomy":"product_brand","embeddable":true,"href":"https:\/\/antcube.shop\/ro\/wp-json\/wp\/v2\/product_brand?post=4732"},{"taxonomy":"product_cat","embeddable":true,"href":"https:\/\/antcube.shop\/ro\/wp-json\/wp\/v2\/product_cat?post=4732"},{"taxonomy":"product_tag","embeddable":true,"href":"https:\/\/antcube.shop\/ro\/wp-json\/wp\/v2\/product_tag?post=4732"}],"curies":[{"name":"wp","href":"https:\/\/api.w.org\/{rel}","templated":true}]}}