{"id":4725,"date":"2022-11-14T15:02:22","date_gmt":"2022-11-14T14:02:22","guid":{"rendered":"https:\/\/antcube.shop\/produkt\/rohrverbinder-glasklar-fur-50mm-t\/"},"modified":"2026-03-26T18:04:54","modified_gmt":"2026-03-26T17:04:54","slug":"conector-de-tuburi-transparent-pentru-50mm-t","status":"publish","type":"product","link":"https:\/\/antcube.shop\/ro\/produs\/conector-de-tuburi-transparent-pentru-50mm-t\/","title":{"rendered":"Conector de tuburi transparent pentru 50 mm - T"},"content":{"rendered":"<p><strong>Dimensiuni (LxLxA):<\/strong><br \/>\n<strong>Diametrul interior:<\/strong> 50mm<\/p>\n<p><strong>Material:<\/strong> Acrilic<\/p>\n<p><strong>Culoare:<\/strong> Incolor\/Transparent\/Clar\u0103<\/p>\n<p><strong>Con\u021binut:<\/strong> 1 buc.<\/p>\n<p><strong>Specifica\u021bii tehnice:<\/strong><br \/>\nConector de \u021beav\u0103 \u00een form\u0103 de T cu diametrul acrilic de 60 mm pentru \u021bevi de 50 mm.<\/p>\n<p><strong>Descriere:<\/strong><br \/>\nConector de \u021bevi din acrilic transparent pentru conectarea \u021bevilor din acrilic.<\/p>\n<p><strong>Aviz:<\/strong><br \/>\nLa asamblarea \u021bevilor, v\u0103 rug\u0103m s\u0103 re\u021bine\u021bi urm\u0103toarele:<br \/>\nDin cauza propriet\u0103\u021bilor materialului acrilic, presiunea \u0219i efectul de p\u00e2rghie trebuie evitate cu orice pre\u021b. \u00cen cazul \u00een care conexiunea este dificil\u0103, v\u0103 rug\u0103m s\u0103 o conecta\u021bi cu mi\u0219c\u0103ri de r\u0103sucire atente \u0219i s\u0103 freca\u021bi pu\u021bin ulei antirupere dac\u0103 este necesar.<\/p>","protected":false},"excerpt":{"rendered":"<p>Dimensiuni (LxLxA): 8,5\u00d76,0\u00d78,5 cm Diametru interior: 50 mm Material: Acrilic: Acrilic Culoare: Incolor\/Transparent\/Clari Con\u021binut: 1 buc: 1 buc. Specifica\u021bii tehnice: Conector \u021beav\u0103 form\u0103 L acrilic diametru 60mm pentru \u021beav\u0103 de 50mm. Descriere: Conector de \u021bevi din acril transparent pentru conectarea \u021bevilor acrilice. Not\u0103: C\u00e2nd asambla\u021bi \u021bevile, v\u0103 rug\u0103m s\u0103 re\u021bine\u021bi urm\u0103toarele: Datorit\u0103 propriet\u0103\u021bilor materiale ale acrilului, presiunea \u0219i p\u00e2rghia trebuie [...]","protected":false},"featured_media":4927,"comment_status":"open","ping_status":"closed","template":"","meta":{"_acf_changed":false,"content-type":"","_monsterinsights_skip_tracking":false,"_monsterinsights_sitenote_active":false,"_monsterinsights_sitenote_note":"","_monsterinsights_sitenote_category":0},"product_brand":[],"product_cat":[345],"product_tag":[],"class_list":{"0":"post-4725","1":"product","2":"type-product","3":"status-publish","4":"has-post-thumbnail","6":"product_cat-pipe-connectors","8":"first","9":"instock","10":"taxable","11":"shipping-taxable","12":"purchasable","13":"product-type-simple"},"acf":[],"aioseo_notices":[],"jetpack_sharing_enabled":true,"_links":{"self":[{"href":"https:\/\/antcube.shop\/ro\/wp-json\/wp\/v2\/product\/4725","targetHints":{"allow":["GET"]}}],"collection":[{"href":"https:\/\/antcube.shop\/ro\/wp-json\/wp\/v2\/product"}],"about":[{"href":"https:\/\/antcube.shop\/ro\/wp-json\/wp\/v2\/types\/product"}],"replies":[{"embeddable":true,"href":"https:\/\/antcube.shop\/ro\/wp-json\/wp\/v2\/comments?post=4725"}],"wp:featuredmedia":[{"embeddable":true,"href":"https:\/\/antcube.shop\/ro\/wp-json\/wp\/v2\/media\/4927"}],"wp:attachment":[{"href":"https:\/\/antcube.shop\/ro\/wp-json\/wp\/v2\/media?parent=4725"}],"wp:term":[{"taxonomy":"product_brand","embeddable":true,"href":"https:\/\/antcube.shop\/ro\/wp-json\/wp\/v2\/product_brand?post=4725"},{"taxonomy":"product_cat","embeddable":true,"href":"https:\/\/antcube.shop\/ro\/wp-json\/wp\/v2\/product_cat?post=4725"},{"taxonomy":"product_tag","embeddable":true,"href":"https:\/\/antcube.shop\/ro\/wp-json\/wp\/v2\/product_tag?post=4725"}],"curies":[{"name":"wp","href":"https:\/\/api.w.org\/{rel}","templated":true}]}}