{"id":4720,"date":"2022-11-14T15:01:00","date_gmt":"2022-11-14T14:01:00","guid":{"rendered":"https:\/\/antcube.shop\/produkt\/formicarium-schraubbuchse-fur-50mm-bohrung-transparent\/"},"modified":"2025-10-19T12:40:25","modified_gmt":"2025-10-19T10:40:25","slug":"formicarium-schraubbuchse-fur-50mm-bohrung-transparent","status":"publish","type":"product","link":"https:\/\/antcube.shop\/ro\/produs\/formicarium-schraubbuchse-fur-50mm-bohrung-transparent\/","title":{"rendered":"Buc\u0219\u0103 cu \u0219urub Formicarium pentru gaur\u0103 de 50 mm - transparent"},"content":{"rendered":"<p><strong>Con\u021binut:<\/strong> 1 buc.<\/p>\n<p><strong>Dimensiuni:<\/strong> 68 x 68 x 46 mm (soclu de 49 mm)<\/p>\n<p><strong>Material:<\/strong> Plastic<\/p>\n<p><strong>Culoare:<\/strong> Transparent<\/p>\n<p><strong>Descriere:<\/strong><br \/>\nAcest articol este un conector pentru tubul pelvian.<br \/>\nDespre conectorii de tuburi potrivite de 50 mm, pute\u021bi conecta mai multe tuburi de 50 mm sau mai multe Formicarien cu acest conector de tub pelvian.<br \/>\nDe asemenea, este posibil s\u0103 se conecteze op\u021bional un tub de 60 mm (60\/56 mm) prin intermediul inelului de etan\u0219are pentru 50 mm.<br \/>\nSau, \u00een cazul unui capac, se pot folosi prize de por\u021belan adecvate pentru corpuri de iluminat.<\/p>\n<p><strong>Aviz:<\/strong><br \/>\nDeoarece diametrul acestei prize este de numai 49 mm \u00een loc de 50 mm, ave\u021bi nevoie de inele de etan\u0219are sau de o \u00eenf\u0103\u0219urare din folie adeziv\u0103 crystal clear pentru a ajunge la diametrul de 50 mm pentru o conexiune str\u00e2ns\u0103.<\/p>","protected":false},"excerpt":{"rendered":"<p>Con\u021binut: 1 buc. Dimensiuni: 68 x 68 x 46 mm (soclu de 49 mm) Material: Material: Plastic Culoare: Transparent Descriere: Acest articol este un conector pentru tubul pelvian. Despre conectorii de tuburi potrivite de 50 mm, pute\u021bi conecta mai multe tuburi de 50 mm sau mai multe Formicarien cu acest conector de tub pelvian. De asemenea, este posibil s\u0103 conecta\u021bi op\u021bional un tub de 60mm (60\/56mm) prin intermediul","protected":false},"featured_media":4924,"comment_status":"open","ping_status":"closed","template":"","meta":{"_acf_changed":false,"content-type":"","_monsterinsights_skip_tracking":false,"_monsterinsights_sitenote_active":false,"_monsterinsights_sitenote_note":"","_monsterinsights_sitenote_category":0},"product_brand":[],"product_cat":[345],"product_tag":[],"class_list":{"0":"post-4720","1":"product","2":"type-product","3":"status-publish","4":"has-post-thumbnail","6":"product_cat-pipe-connectors","8":"first","9":"outofstock","10":"taxable","11":"shipping-taxable","12":"purchasable","13":"product-type-simple"},"acf":[],"aioseo_notices":[],"jetpack_sharing_enabled":true,"_links":{"self":[{"href":"https:\/\/antcube.shop\/ro\/wp-json\/wp\/v2\/product\/4720","targetHints":{"allow":["GET"]}}],"collection":[{"href":"https:\/\/antcube.shop\/ro\/wp-json\/wp\/v2\/product"}],"about":[{"href":"https:\/\/antcube.shop\/ro\/wp-json\/wp\/v2\/types\/product"}],"replies":[{"embeddable":true,"href":"https:\/\/antcube.shop\/ro\/wp-json\/wp\/v2\/comments?post=4720"}],"wp:featuredmedia":[{"embeddable":true,"href":"https:\/\/antcube.shop\/ro\/wp-json\/wp\/v2\/media\/4924"}],"wp:attachment":[{"href":"https:\/\/antcube.shop\/ro\/wp-json\/wp\/v2\/media?parent=4720"}],"wp:term":[{"taxonomy":"product_brand","embeddable":true,"href":"https:\/\/antcube.shop\/ro\/wp-json\/wp\/v2\/product_brand?post=4720"},{"taxonomy":"product_cat","embeddable":true,"href":"https:\/\/antcube.shop\/ro\/wp-json\/wp\/v2\/product_cat?post=4720"},{"taxonomy":"product_tag","embeddable":true,"href":"https:\/\/antcube.shop\/ro\/wp-json\/wp\/v2\/product_tag?post=4720"}],"curies":[{"name":"wp","href":"https:\/\/api.w.org\/{rel}","templated":true}]}}