{"id":4716,"date":"2022-11-14T14:59:57","date_gmt":"2022-11-14T13:59:57","guid":{"rendered":"https:\/\/antcube.shop\/produkt\/gittereinsatz-acryl-50-mm-klar-fein\/"},"modified":"2026-04-02T22:01:18","modified_gmt":"2026-04-02T20:01:18","slug":"grila-de-insertie-acrilica-50-mm-clear-fine","status":"publish","type":"product","link":"https:\/\/antcube.shop\/ro\/produs\/grila-de-insertie-acrilica-50-mm-clear-fine\/","title":{"rendered":"Gril\u0103 acrilic\u0103 50 mm - transparent\u0103 - fin\u0103"},"content":{"rendered":"<p><strong>Cantitate:<\/strong> 1 bucat\u0103<\/p>\n<p><strong>Dimensiuni:<\/strong> 60x10mm<\/p>\n<p><strong>Culoare:<\/strong> clar<\/p>\n<p><strong>Material:<\/strong> plastic, o\u021bel inoxidabil<\/p>\n<p><strong>Descriere:<\/strong> gril\u0103 de ventila\u021bie cu diametrul de 50 mm pentru a \u00eenchide deschiderile cu diametrul de 50 mm. Con\u021bine articolul: \"Gril\u0103 de inser\u021bie acrilic\u0103 50 mm - transparent\u0103\" combinat\u0103 cu o gril\u0103 din o\u021bel inoxidabil foarte fin\u0103 \u0219i foarte robust\u0103 (0,2-0,3 mm), care \u00eempiedic\u0103 chiar \u0219i furnicile mici s\u0103 p\u0103trund\u0103 prin fantele largi de ventila\u021bie ale grilei de inser\u021bie. Potrivit, de asemenea, pentru speciile cu mu\u0219c\u0103turi foarte puternice, cum ar fi furnicile t\u0103ietori de frunze!<\/p>","protected":false},"excerpt":{"rendered":"<p>Pentru g\u0103uri\/deschideri cu diametrul de 50 mm.<\/p>","protected":false},"featured_media":4809,"comment_status":"open","ping_status":"closed","template":"","meta":{"_acf_changed":false,"content-type":"","_monsterinsights_skip_tracking":false,"_monsterinsights_sitenote_active":false,"_monsterinsights_sitenote_note":"","_monsterinsights_sitenote_category":0},"product_brand":[],"product_cat":[238],"product_tag":[],"class_list":{"0":"post-4716","1":"product","2":"type-product","3":"status-publish","4":"has-post-thumbnail","6":"product_cat-grid-caps-plugs-and-inserts","8":"first","9":"instock","10":"taxable","11":"shipping-taxable","12":"purchasable","13":"product-type-simple"},"acf":[],"aioseo_notices":[],"jetpack_sharing_enabled":true,"_links":{"self":[{"href":"https:\/\/antcube.shop\/ro\/wp-json\/wp\/v2\/product\/4716","targetHints":{"allow":["GET"]}}],"collection":[{"href":"https:\/\/antcube.shop\/ro\/wp-json\/wp\/v2\/product"}],"about":[{"href":"https:\/\/antcube.shop\/ro\/wp-json\/wp\/v2\/types\/product"}],"replies":[{"embeddable":true,"href":"https:\/\/antcube.shop\/ro\/wp-json\/wp\/v2\/comments?post=4716"}],"wp:featuredmedia":[{"embeddable":true,"href":"https:\/\/antcube.shop\/ro\/wp-json\/wp\/v2\/media\/4809"}],"wp:attachment":[{"href":"https:\/\/antcube.shop\/ro\/wp-json\/wp\/v2\/media?parent=4716"}],"wp:term":[{"taxonomy":"product_brand","embeddable":true,"href":"https:\/\/antcube.shop\/ro\/wp-json\/wp\/v2\/product_brand?post=4716"},{"taxonomy":"product_cat","embeddable":true,"href":"https:\/\/antcube.shop\/ro\/wp-json\/wp\/v2\/product_cat?post=4716"},{"taxonomy":"product_tag","embeddable":true,"href":"https:\/\/antcube.shop\/ro\/wp-json\/wp\/v2\/product_tag?post=4716"}],"curies":[{"name":"wp","href":"https:\/\/api.w.org\/{rel}","templated":true}]}}