{"id":4715,"date":"2022-11-14T14:59:42","date_gmt":"2022-11-14T13:59:42","guid":{"rendered":"https:\/\/antcube.shop\/produkt\/nadelstreu-klein-20g\/"},"modified":"2026-04-05T12:30:17","modified_gmt":"2026-04-05T10:30:17","slug":"ac-litter-acele-small-20g","status":"publish","type":"product","link":"https:\/\/antcube.shop\/ro\/produs\/ac-litter-acele-small-20g\/","title":{"rendered":"Litier\u0103 cu ace - mic\u0103 - 20g"},"content":{"rendered":"<p><strong>Dimensiuni (lungime):<\/strong> 7-12 mm<\/p>\n<p><strong>Material:<\/strong> ace de larice. Produs natural<\/p>\n<p><strong>Culoare:<\/strong> Bej, maro \u00eenchis, verde<\/p>\n<p><strong>Descriere:<\/strong> Ace uscate \u00een scopuri decorative.<\/p>\n<p><strong>Not\u0103:<\/strong> \u00een func\u021bie de gradul de uscare a acelor, acestea pot avea o colora\u021bie verde, bej sau maro p\u00e2n\u0103 la maro \u00eenchis. Acele vor continua s\u0103 se usuce \u0219i s\u0103 \u00ee\u0219i piard\u0103 culoarea \u00een timp, ajung\u00e2nd cel mai t\u00e2rziu la o nuan\u021b\u0103 maro.<\/p>","protected":false},"excerpt":{"rendered":"<p><strong>L\u00e4nge: <\/strong>7 -12 mm<\/p>","protected":false},"featured_media":4942,"comment_status":"open","ping_status":"closed","template":"","meta":{"_acf_changed":false,"content-type":"","_monsterinsights_skip_tracking":false,"_monsterinsights_sitenote_active":false,"_monsterinsights_sitenote_note":"","_monsterinsights_sitenote_category":0},"product_brand":[],"product_cat":[95,98,101],"product_tag":[],"class_list":{"0":"post-4715","1":"product","2":"type-product","3":"status-publish","4":"has-post-thumbnail","6":"product_cat-accessories-for-ants","7":"product_cat-decoration","8":"product_cat-forest","10":"first","11":"instock","12":"taxable","13":"shipping-taxable","14":"purchasable","15":"product-type-simple"},"acf":[],"aioseo_notices":[],"jetpack_sharing_enabled":true,"_links":{"self":[{"href":"https:\/\/antcube.shop\/ro\/wp-json\/wp\/v2\/product\/4715","targetHints":{"allow":["GET"]}}],"collection":[{"href":"https:\/\/antcube.shop\/ro\/wp-json\/wp\/v2\/product"}],"about":[{"href":"https:\/\/antcube.shop\/ro\/wp-json\/wp\/v2\/types\/product"}],"replies":[{"embeddable":true,"href":"https:\/\/antcube.shop\/ro\/wp-json\/wp\/v2\/comments?post=4715"}],"wp:featuredmedia":[{"embeddable":true,"href":"https:\/\/antcube.shop\/ro\/wp-json\/wp\/v2\/media\/4942"}],"wp:attachment":[{"href":"https:\/\/antcube.shop\/ro\/wp-json\/wp\/v2\/media?parent=4715"}],"wp:term":[{"taxonomy":"product_brand","embeddable":true,"href":"https:\/\/antcube.shop\/ro\/wp-json\/wp\/v2\/product_brand?post=4715"},{"taxonomy":"product_cat","embeddable":true,"href":"https:\/\/antcube.shop\/ro\/wp-json\/wp\/v2\/product_cat?post=4715"},{"taxonomy":"product_tag","embeddable":true,"href":"https:\/\/antcube.shop\/ro\/wp-json\/wp\/v2\/product_tag?post=4715"}],"curies":[{"name":"wp","href":"https:\/\/api.w.org\/{rel}","templated":true}]}}