{"id":4712,"date":"2022-11-14T14:58:33","date_gmt":"2022-11-14T13:58:33","guid":{"rendered":"https:\/\/antcube.shop\/produkt\/humus-ziegel-brick-650g-ergibt-8-9l\/"},"modified":"2026-04-07T02:16:16","modified_gmt":"2026-04-07T00:16:16","slug":"humus-brick-650g-resulting-in-8-9l","status":"publish","type":"product","link":"https:\/\/antcube.shop\/ro\/produs\/humus-brick-650g-resulting-in-8-9l\/","title":{"rendered":"c\u0103r\u0103mid\u0103 de humus 650g - rezult\u0103 8-9l"},"content":{"rendered":"<p><strong>Con\u021binut \/ volum:<\/strong> 650 g produc 8-10 litri.<\/p>\n<p><strong>Descriere:<\/strong> Formicarium Humus const\u0103 \u00een humus natural din fibre de nuc\u0103 de cocos care a fost comprimat \u00eentr-o c\u0103r\u0103mid\u0103. Atunci c\u00e2nd este combinat\u0103 cu ap\u0103, c\u0103r\u0103mida de humus se umfl\u0103 p\u00e2n\u0103 la aproximativ 8-10 ori volumul s\u0103u. Acest formicarium humus s\u0103pabil este excelent pentru furnicile din regiunile tropicale \u0219i poate fi utilizat at\u00e2t \u00een stare uscat\u0103, c\u00e2t \u0219i umed\u0103. Formicarium Humus este un produs pur natural, garantat f\u0103r\u0103 substan\u021be chimice, pesticide \u0219i \u00eengr\u0103\u0219\u0103minte \u0219i 100% compostabil.<\/p>\n<p>- 100% fabricat din materii prime regenerabile pe baz\u0103 de plante<br \/>\n- absorb\u021bie ridicat\u0103<br \/>\n- capacitate mare de stocare a apei<\/p>\n<p><strong>Instruc\u021biuni:<\/strong> se \u00eenmoaie c\u0103r\u0103mida \u00een 4-5 litri de ap\u0103 cald\u0103 \u00eentr-un recipient timp de aproximativ 20-30 min. Dac\u0103 c\u0103r\u0103mida nu este \u00eenc\u0103 complet dizolvat\u0103, rupe\u021bi restul cu m\u00e2na. Stoarce\u021bi excesul de ap\u0103 din humus dac\u0103 este necesar.<\/p>","protected":false},"excerpt":{"rendered":"<p>Con\u021binut \/ volum: 650 g produc 8-10 litri. Descriere: Formicarium Humus const\u0103 \u00een humus natural din fibre de nuc\u0103 de cocos care a fost comprimat \u00eentr-o c\u0103r\u0103mid\u0103. Atunci c\u00e2nd este combinat\u0103 cu ap\u0103, c\u0103r\u0103mida de humus se umfl\u0103 p\u00e2n\u0103 la aproximativ 8-10 ori volumul s\u0103u. Acest formicarium humus care poate fi \u00eengropat este excelent pentru furnicile din regiunile tropicale \u0219i poate fi utilizat at\u00e2t \u00een stare uscat\u0103","protected":false},"featured_media":4811,"comment_status":"open","ping_status":"closed","template":"","meta":{"_acf_changed":false,"content-type":"","_monsterinsights_skip_tracking":false,"_monsterinsights_sitenote_active":false,"_monsterinsights_sitenote_note":"","_monsterinsights_sitenote_category":0},"product_brand":[],"product_cat":[96],"product_tag":[],"class_list":{"0":"post-4712","1":"product","2":"type-product","3":"status-publish","4":"has-post-thumbnail","6":"product_cat-soil","8":"first","9":"instock","10":"taxable","11":"shipping-taxable","12":"purchasable","13":"product-type-simple"},"acf":[],"aioseo_notices":[],"jetpack_sharing_enabled":true,"_links":{"self":[{"href":"https:\/\/antcube.shop\/ro\/wp-json\/wp\/v2\/product\/4712","targetHints":{"allow":["GET"]}}],"collection":[{"href":"https:\/\/antcube.shop\/ro\/wp-json\/wp\/v2\/product"}],"about":[{"href":"https:\/\/antcube.shop\/ro\/wp-json\/wp\/v2\/types\/product"}],"replies":[{"embeddable":true,"href":"https:\/\/antcube.shop\/ro\/wp-json\/wp\/v2\/comments?post=4712"}],"wp:featuredmedia":[{"embeddable":true,"href":"https:\/\/antcube.shop\/ro\/wp-json\/wp\/v2\/media\/4811"}],"wp:attachment":[{"href":"https:\/\/antcube.shop\/ro\/wp-json\/wp\/v2\/media?parent=4712"}],"wp:term":[{"taxonomy":"product_brand","embeddable":true,"href":"https:\/\/antcube.shop\/ro\/wp-json\/wp\/v2\/product_brand?post=4712"},{"taxonomy":"product_cat","embeddable":true,"href":"https:\/\/antcube.shop\/ro\/wp-json\/wp\/v2\/product_cat?post=4712"},{"taxonomy":"product_tag","embeddable":true,"href":"https:\/\/antcube.shop\/ro\/wp-json\/wp\/v2\/product_tag?post=4712"}],"curies":[{"name":"wp","href":"https:\/\/api.w.org\/{rel}","templated":true}]}}