{"id":4711,"date":"2022-11-14T14:58:17","date_gmt":"2022-11-14T13:58:17","guid":{"rendered":"https:\/\/antcube.shop\/produkt\/bodengrund-sand-lehm-rot-1000g\/"},"modified":"2026-04-27T14:40:15","modified_gmt":"2026-04-27T12:40:15","slug":"substrat-sabie-lama-rosu-1000g","status":"publish","type":"product","link":"https:\/\/antcube.shop\/ro\/produs\/substrat-sabie-lama-rosu-1000g\/","title":{"rendered":"Substrat - Nisip - spum\u0103 ro\u0219ie - 1000g"},"content":{"rendered":"<p><strong>Con\u021binut:<\/strong> 1000g<\/p>\n<p><strong>Material:<\/strong> nisip, argil\u0103<\/p>\n<p><strong>Culoare:<\/strong> ro\u0219u<\/p>\n<p><strong>Raportul de amestecare:<\/strong> diggable<\/p>\n<p><strong>Descriere:<\/strong> Acest amestec gata preparat de nisip \u0219i argil\u0103 este un produs natural pur. Colora\u021bia \u0219i rezisten\u021ba se datoreaz\u0103 solului argilos natural, care este inofensiv pentru animale.<\/p>\n<p><strong>Cerere:<\/strong> sol s\u0103pabil, poate fi folosit pentru cuib \u0219i zona de arena!<\/p>\n<p><strong>Not\u0103:<\/strong> \u00eentruc\u00e2t acesta este un produs pur natural, pot exista mici diferen\u021be de culoare \u0219i structur\u0103 pe care nu le putem influen\u021ba.<\/p>\n<p><strong>Important:<\/strong> V\u0103 rug\u0103m s\u0103 umezi\u021bi substratul \u00eenainte de utilizare, astfel \u00eenc\u00e2t amestecul s\u0103 se combine \u0219i s\u0103 se fixeze bine \u00een furnicar. \u00cen plus, un substrat prea uscat \u0219i pr\u0103fuit poate provoca blocarea tractului respirator al furnicilor \u0219i, \u00een cel mai r\u0103u caz, sufocarea animalelor.<\/p>","protected":false},"excerpt":{"rendered":"<p>Substrat natural - s\u0103pabil<\/p>","protected":false},"featured_media":5722,"comment_status":"open","ping_status":"closed","template":"","meta":{"_acf_changed":false,"content-type":"","_monsterinsights_skip_tracking":false,"_monsterinsights_sitenote_active":false,"_monsterinsights_sitenote_note":"","_monsterinsights_sitenote_category":0},"product_brand":[],"product_cat":[95,96],"product_tag":[],"class_list":{"0":"post-4711","1":"product","2":"type-product","3":"status-publish","4":"has-post-thumbnail","6":"product_cat-accessories-for-ants","7":"product_cat-soil","9":"first","10":"instock","11":"taxable","12":"shipping-taxable","13":"purchasable","14":"product-type-simple"},"acf":[],"aioseo_notices":[],"jetpack_sharing_enabled":true,"_links":{"self":[{"href":"https:\/\/antcube.shop\/ro\/wp-json\/wp\/v2\/product\/4711","targetHints":{"allow":["GET"]}}],"collection":[{"href":"https:\/\/antcube.shop\/ro\/wp-json\/wp\/v2\/product"}],"about":[{"href":"https:\/\/antcube.shop\/ro\/wp-json\/wp\/v2\/types\/product"}],"replies":[{"embeddable":true,"href":"https:\/\/antcube.shop\/ro\/wp-json\/wp\/v2\/comments?post=4711"}],"wp:featuredmedia":[{"embeddable":true,"href":"https:\/\/antcube.shop\/ro\/wp-json\/wp\/v2\/media\/5722"}],"wp:attachment":[{"href":"https:\/\/antcube.shop\/ro\/wp-json\/wp\/v2\/media?parent=4711"}],"wp:term":[{"taxonomy":"product_brand","embeddable":true,"href":"https:\/\/antcube.shop\/ro\/wp-json\/wp\/v2\/product_brand?post=4711"},{"taxonomy":"product_cat","embeddable":true,"href":"https:\/\/antcube.shop\/ro\/wp-json\/wp\/v2\/product_cat?post=4711"},{"taxonomy":"product_tag","embeddable":true,"href":"https:\/\/antcube.shop\/ro\/wp-json\/wp\/v2\/product_tag?post=4711"}],"curies":[{"name":"wp","href":"https:\/\/api.w.org\/{rel}","templated":true}]}}