{"id":4710,"date":"2022-11-14T14:58:00","date_gmt":"2022-11-14T13:58:00","guid":{"rendered":"https:\/\/antcube.shop\/produkt\/bodengrund-sand-lehm-weis-1000g\/"},"modified":"2026-04-15T09:42:23","modified_gmt":"2026-04-15T07:42:23","slug":"substrat-sabie-loam-alb-alb-1000g","status":"publish","type":"product","link":"https:\/\/antcube.shop\/ro\/produs\/substrat-sabie-loam-alb-alb-1000g\/","title":{"rendered":"Substrat - Sand-Loam alb - 1000g"},"content":{"rendered":"<p><strong>Con\u021binut:<\/strong> 1000g<\/p>\n<p><strong>Material:<\/strong> nisip, var, liant de var<\/p>\n<p><strong>Culoare:<\/strong> alb<\/p>\n<p><strong>Raportul de amestecare:<\/strong> diggable<\/p>\n<p><strong>Descriere:<\/strong> Acest amestec gata preparat de nisip \u0219i argil\u0103 este un produs natural pur. Colorantul provine din nisipul de var alb. Rezisten\u021ba provine dintr-un amestec de var obligatoriu, care este inofensiv pentru animale.<\/p>\n<p><strong>Cerere:<\/strong> Sol de s\u0103pat, poate fi folosit pentru cuib \u0219i zona de aren\u0103! Are o rezisten\u021b\u0103 sporit\u0103 \u00een compara\u021bie cu solul-p\u0103m\u00e2nt bej, inclusiv \u00een condi\u021bii de umiditate.<\/p>\n<p><strong>Not\u0103:<\/strong> \u00eentruc\u00e2t acesta este un produs pur natural, pot exista mici diferen\u021be de culoare \u0219i structur\u0103 pe care nu le putem influen\u021ba.<\/p>\n<p><strong>Important:<\/strong> V\u0103 rug\u0103m s\u0103 umezi\u021bi substratul \u00eenainte de utilizare, astfel \u00eenc\u00e2t amestecul s\u0103 se combine \u0219i s\u0103 se fixeze bine \u00een furnicar. \u00cen plus, un substrat prea uscat \u0219i pr\u0103fuit poate provoca blocarea tractului respirator al furnicilor \u0219i, \u00een cel mai r\u0103u caz, sufocarea animalelor.<\/p>","protected":false},"excerpt":{"rendered":"<p>Substrat natural - s\u0103pabil<\/p>","protected":false},"featured_media":5725,"comment_status":"open","ping_status":"closed","template":"","meta":{"_acf_changed":false,"content-type":"","_monsterinsights_skip_tracking":false,"_monsterinsights_sitenote_active":false,"_monsterinsights_sitenote_note":"","_monsterinsights_sitenote_category":0},"product_brand":[],"product_cat":[95,96],"product_tag":[],"class_list":{"0":"post-4710","1":"product","2":"type-product","3":"status-publish","4":"has-post-thumbnail","6":"product_cat-accessories-for-ants","7":"product_cat-soil","9":"first","10":"instock","11":"taxable","12":"shipping-taxable","13":"purchasable","14":"product-type-simple"},"acf":[],"aioseo_notices":[],"jetpack_sharing_enabled":true,"_links":{"self":[{"href":"https:\/\/antcube.shop\/ro\/wp-json\/wp\/v2\/product\/4710","targetHints":{"allow":["GET"]}}],"collection":[{"href":"https:\/\/antcube.shop\/ro\/wp-json\/wp\/v2\/product"}],"about":[{"href":"https:\/\/antcube.shop\/ro\/wp-json\/wp\/v2\/types\/product"}],"replies":[{"embeddable":true,"href":"https:\/\/antcube.shop\/ro\/wp-json\/wp\/v2\/comments?post=4710"}],"wp:featuredmedia":[{"embeddable":true,"href":"https:\/\/antcube.shop\/ro\/wp-json\/wp\/v2\/media\/5725"}],"wp:attachment":[{"href":"https:\/\/antcube.shop\/ro\/wp-json\/wp\/v2\/media?parent=4710"}],"wp:term":[{"taxonomy":"product_brand","embeddable":true,"href":"https:\/\/antcube.shop\/ro\/wp-json\/wp\/v2\/product_brand?post=4710"},{"taxonomy":"product_cat","embeddable":true,"href":"https:\/\/antcube.shop\/ro\/wp-json\/wp\/v2\/product_cat?post=4710"},{"taxonomy":"product_tag","embeddable":true,"href":"https:\/\/antcube.shop\/ro\/wp-json\/wp\/v2\/product_tag?post=4710"}],"curies":[{"name":"wp","href":"https:\/\/api.w.org\/{rel}","templated":true}]}}