{"id":4704,"date":"2022-11-14T14:56:08","date_gmt":"2022-11-14T13:56:08","guid":{"rendered":"https:\/\/antcube.shop\/produkt\/antcube-ameisenarenaeinsatz-l-20x20\/"},"modified":"2026-03-09T18:09:40","modified_gmt":"2026-03-09T17:09:40","slug":"antcube-ant-arena-insert-l-20x20","status":"publish","type":"product","link":"https:\/\/antcube.shop\/ro\/produs\/antcube-ant-arena-insert-l-20x20\/","title":{"rendered":"ANTCUBE inser\u021bie pentru arena de furnici - L - 20\u00d720"},"content":{"rendered":"<p><strong>Dimensiuni:<\/strong><br \/>\n<strong>afar\u0103:<\/strong> 190 x 28 x 176mm<br \/>\n<strong>\u00een\u0103untru:<\/strong> 184 x 20 x 169 mm<\/p>\n<p><strong>Material:<\/strong> sticl\u0103 float<\/p>\n<p><strong>Culoare:<\/strong> transparent<\/p>\n<p><strong>Cuprins:<\/strong><br \/>\n1x inser\u021bie pentru arena de furnici<br \/>\n1x capac<br \/>\n1x puncte de fixare 2 buc.<\/p>\n<p><strong>Descriere:<\/strong><br \/>\nAceast\u0103 inser\u021bie de cuib poate fi plasat\u0103 \u00een interiorul unei arene pentru furnici ANTCUBE \u0219i umplut\u0103 cu un material adecvat pentru s\u0103pat (de exemplu, amestec de nisip \u0219i argil\u0103 sau Digfix). Caracteristica special\u0103 \u00een acest caz este c\u0103 poate fi \u00eendep\u0103rtat convenabil din aren\u0103, de exemplu pentru a fi iernat \u00eempreun\u0103 cu furnicile. Ca intrare \u0219i ie\u0219ire \u0219i pentru ventila\u021bie exist\u0103 dou\u0103 g\u0103uri de 10 mm \u00een zona inferioar\u0103. Pentru iernare, acestea pot fi \u00eenchise cu dopuri de 10 mm. <strong>(acestea nu sunt incluse).<\/strong><\/p>\n<p><strong>Not\u0103:<\/strong> Sticla este t\u0103iat\u0103 \u00een conformitate cu DIN 1249 cu o toleran\u021b\u0103 de +\/- 1 mm. Pentru speciile de furnici extrem de mici, este esen\u021bial\u0103 o protec\u021bie suplimentar\u0103 \u00eempotriva spargerii.<\/p>","protected":false},"excerpt":{"rendered":"<p>Dimensiune: <span style=\"color: #0000ff;\"><strong>L<\/strong><\/span><\/p>","protected":false},"featured_media":4985,"comment_status":"open","ping_status":"closed","template":"","meta":{"_acf_changed":false,"content-type":"","_monsterinsights_skip_tracking":false,"_monsterinsights_sitenote_active":false,"_monsterinsights_sitenote_note":"","_monsterinsights_sitenote_category":0},"product_brand":[],"product_cat":[91,94],"product_tag":[],"class_list":{"0":"post-4704","1":"product","2":"type-product","3":"status-publish","4":"has-post-thumbnail","6":"product_cat-formicarium-modules","7":"product_cat-arena-inset","9":"first","10":"instock","11":"taxable","12":"shipping-taxable","13":"purchasable","14":"product-type-simple"},"acf":[],"aioseo_notices":[],"jetpack_sharing_enabled":true,"_links":{"self":[{"href":"https:\/\/antcube.shop\/ro\/wp-json\/wp\/v2\/product\/4704","targetHints":{"allow":["GET"]}}],"collection":[{"href":"https:\/\/antcube.shop\/ro\/wp-json\/wp\/v2\/product"}],"about":[{"href":"https:\/\/antcube.shop\/ro\/wp-json\/wp\/v2\/types\/product"}],"replies":[{"embeddable":true,"href":"https:\/\/antcube.shop\/ro\/wp-json\/wp\/v2\/comments?post=4704"}],"wp:featuredmedia":[{"embeddable":true,"href":"https:\/\/antcube.shop\/ro\/wp-json\/wp\/v2\/media\/4985"}],"wp:attachment":[{"href":"https:\/\/antcube.shop\/ro\/wp-json\/wp\/v2\/media?parent=4704"}],"wp:term":[{"taxonomy":"product_brand","embeddable":true,"href":"https:\/\/antcube.shop\/ro\/wp-json\/wp\/v2\/product_brand?post=4704"},{"taxonomy":"product_cat","embeddable":true,"href":"https:\/\/antcube.shop\/ro\/wp-json\/wp\/v2\/product_cat?post=4704"},{"taxonomy":"product_tag","embeddable":true,"href":"https:\/\/antcube.shop\/ro\/wp-json\/wp\/v2\/product_tag?post=4704"}],"curies":[{"name":"wp","href":"https:\/\/api.w.org\/{rel}","templated":true}]}}