{"id":4701,"date":"2022-11-14T14:55:18","date_gmt":"2022-11-14T13:55:18","guid":{"rendered":"https:\/\/antcube.shop\/produkt\/antcube-korknest-30x30-stehend\/"},"modified":"2026-04-04T19:29:24","modified_gmt":"2026-04-04T17:29:24","slug":"antcube-korknest-30x30-stehend","status":"publish","type":"product","link":"https:\/\/antcube.shop\/ro\/produs\/antcube-korknest-30x30-stehend\/","title":{"rendered":"ANTCUBE - Cuib de plut\u0103 30\u00d730 - \u00een picioare"},"content":{"rendered":"<p><strong>Dimensiuni:<\/strong> 283 x 240 x 20 mm<\/p>\n<p><strong>Material:<\/strong> Plut\u0103 (fin\u0103)<\/p>\n<p>Se potrive\u0219te numai \u00een fermele noastre de furnici m\u0103rimea L<\/p>\n<p><strong>Descriere:<\/strong> Acest cuib de plut\u0103 cu pasaje \u0219i camere prefabricate este potrivit pentru diferite specii de furnici, \u00een special pentru cele care cuib\u0103resc \u00een lemn (mort). Acesta are o gaur\u0103 pentru accesul la cuib.<br \/>\nPluta este neutr\u0103 din punct de vedere chimic. Structura sa nu numai c\u0103 este impermeabil\u0103 la lichide, dar, de asemenea, nu provoac\u0103 nicio reac\u021bie chimic\u0103 \u0219i, prin urmare, nu este deteriorat\u0103. Cu toate acestea, prea mult\u0103 umiditate poate provoca putrezirea pe termen lung \u0219i reduce longevitatea cuibului. Cu toate acestea, pluta este foarte rezistent\u0103 la putrezire, la atacul ciupercilor \u0219i al mucegaiului. Acest lucru se datoreaz\u0103 suprafe\u021bei \u0219i structurii sale, care nu ofer\u0103 un teren propice pentru ca ciupercile s\u0103 se colonizeze. Cu toate acestea, resturile alimentare \u0219i excrementele animalelor, precum \u0219i alte substan\u021be organice pot favoriza dezvoltarea mucegaiului.<\/p>\n<p>Prin urmare, recomand\u0103m p\u0103strarea \u00een plut\u0103 mai ales a speciilor din regiunile uscate. Speciile din habitatele umede pot fi totu\u0219i p\u0103strate \u00een acest set, deoarece putrezirea nu reprezint\u0103 o problem\u0103 pentru majoritatea speciilor. De asemenea, multe furnici din nordul Europei, cum ar fi Camponotus herculeanus sau Formica fusca, tr\u0103iesc \u00een lemnul putrezit.<\/p>","protected":false},"excerpt":{"rendered":"<p><strong>Dimensiune:<\/strong> 283 x 240 x 20 mm<\/p>","protected":false},"featured_media":5013,"comment_status":"open","ping_status":"closed","template":"","meta":{"_acf_changed":false,"content-type":"","_monsterinsights_skip_tracking":false,"_monsterinsights_sitenote_active":false,"_monsterinsights_sitenote_note":"","_monsterinsights_sitenote_category":0},"product_brand":[],"product_cat":[87,89],"product_tag":[],"class_list":{"0":"post-4701","1":"product","2":"type-product","3":"status-publish","4":"has-post-thumbnail","6":"product_cat-nest-insets","7":"product_cat-cork","9":"first","10":"instock","11":"taxable","12":"shipping-taxable","13":"purchasable","14":"product-type-simple"},"acf":[],"aioseo_notices":[],"jetpack_sharing_enabled":true,"_links":{"self":[{"href":"https:\/\/antcube.shop\/ro\/wp-json\/wp\/v2\/product\/4701","targetHints":{"allow":["GET"]}}],"collection":[{"href":"https:\/\/antcube.shop\/ro\/wp-json\/wp\/v2\/product"}],"about":[{"href":"https:\/\/antcube.shop\/ro\/wp-json\/wp\/v2\/types\/product"}],"replies":[{"embeddable":true,"href":"https:\/\/antcube.shop\/ro\/wp-json\/wp\/v2\/comments?post=4701"}],"wp:featuredmedia":[{"embeddable":true,"href":"https:\/\/antcube.shop\/ro\/wp-json\/wp\/v2\/media\/5013"}],"wp:attachment":[{"href":"https:\/\/antcube.shop\/ro\/wp-json\/wp\/v2\/media?parent=4701"}],"wp:term":[{"taxonomy":"product_brand","embeddable":true,"href":"https:\/\/antcube.shop\/ro\/wp-json\/wp\/v2\/product_brand?post=4701"},{"taxonomy":"product_cat","embeddable":true,"href":"https:\/\/antcube.shop\/ro\/wp-json\/wp\/v2\/product_cat?post=4701"},{"taxonomy":"product_tag","embeddable":true,"href":"https:\/\/antcube.shop\/ro\/wp-json\/wp\/v2\/product_tag?post=4701"}],"curies":[{"name":"wp","href":"https:\/\/api.w.org\/{rel}","templated":true}]}}