{"id":4698,"date":"2022-11-14T14:54:32","date_gmt":"2022-11-14T13:54:32","guid":{"rendered":"https:\/\/antcube.shop\/produkt\/antcube-digfix-platte-30x30-l\/"},"modified":"2026-03-16T10:37:32","modified_gmt":"2026-03-16T09:37:32","slug":"antcube-digfix-plate-30x30-l","status":"publish","type":"product","link":"https:\/\/antcube.shop\/ro\/produs\/antcube-digfix-plate-30x30-l\/","title":{"rendered":"ANTCUBE - Plac\u0103 Digfix 30\u00d730 - L"},"content":{"rendered":"<p><strong>Dimensiuni:<\/strong> 283x260x20 mm<\/p>\n<p><strong>Material:<\/strong> Digfix<\/p>\n<p><strong>Descriere:<\/strong> Pl\u0103cu\u021ba Digfix este realizat\u0103 din material rezistent la morminte \u0219i se potrive\u0219te perfect la fermele noastre de furnici ANTCUBE. Poate fi folosit\u0103 at\u00e2t uscat\u0103, c\u00e2t \u0219i umed\u0103. De asemenea, este potrivit\u0103 pentru multe specii de furnici, \u00een special pentru cele care cuib\u0103resc \u00een nisip \u0219i \u00een lemn (mort). Poate fi folosit \u00een locul amestecurilor de nisip \u0219i lut sau al inser\u021biilor de cuib din plut\u0103. Un mare avantaj fa\u021b\u0103 de cuiburile din plut\u0103 este c\u0103 Digfix nu muceg\u0103ie\u0219te nici c\u00e2nd este umed. Acest lucru \u00eenseamn\u0103 c\u0103 speciile de furnici cu un necesar ridicat de umiditate pot fi alimentate cu ap\u0103 suficient\u0103 f\u0103r\u0103 probleme. Digfix are \u0219i avantajul c\u0103 speciile de furnici s\u0103p\u0103toare nu murd\u0103resc cu p\u0103m\u00e2nt geamurile de sticl\u0103 ale cuibului lor atunci c\u00e2nd sap\u0103, ceea ce permite o vedere perfect\u0103 \u00een cuib.<\/p>\n<p><strong>Not\u0103:<\/strong> Nuan\u021ba natural\u0103 a culorii poate varia \u00eentre maro verzui \/ cenu\u0219iu \u0219i maro p\u0103m\u00e2ntiu. Nuan\u021ba nu afecteaz\u0103 calitatea.<br \/>\nDatorit\u0103 dimensiunilor de fabrica\u021bie, dimensiunile pot varia cu +\/- 1mm<\/p>","protected":false},"excerpt":{"rendered":"<p>Dimensiune: <span style=\"color: #0000ff;\"><strong>L<\/strong><\/span><\/p>","protected":false},"featured_media":4966,"comment_status":"open","ping_status":"closed","template":"","meta":{"_acf_changed":false,"content-type":"","_monsterinsights_skip_tracking":false,"_monsterinsights_sitenote_active":false,"_monsterinsights_sitenote_note":"","_monsterinsights_sitenote_category":0},"product_brand":[],"product_cat":[87,88],"product_tag":[],"class_list":{"0":"post-4698","1":"product","2":"type-product","3":"status-publish","4":"has-post-thumbnail","6":"product_cat-nest-insets","7":"product_cat-digfix","9":"first","10":"instock","11":"taxable","12":"shipping-taxable","13":"purchasable","14":"product-type-simple"},"acf":[],"aioseo_notices":[],"jetpack_sharing_enabled":true,"_links":{"self":[{"href":"https:\/\/antcube.shop\/ro\/wp-json\/wp\/v2\/product\/4698","targetHints":{"allow":["GET"]}}],"collection":[{"href":"https:\/\/antcube.shop\/ro\/wp-json\/wp\/v2\/product"}],"about":[{"href":"https:\/\/antcube.shop\/ro\/wp-json\/wp\/v2\/types\/product"}],"replies":[{"embeddable":true,"href":"https:\/\/antcube.shop\/ro\/wp-json\/wp\/v2\/comments?post=4698"}],"wp:featuredmedia":[{"embeddable":true,"href":"https:\/\/antcube.shop\/ro\/wp-json\/wp\/v2\/media\/4966"}],"wp:attachment":[{"href":"https:\/\/antcube.shop\/ro\/wp-json\/wp\/v2\/media?parent=4698"}],"wp:term":[{"taxonomy":"product_brand","embeddable":true,"href":"https:\/\/antcube.shop\/ro\/wp-json\/wp\/v2\/product_brand?post=4698"},{"taxonomy":"product_cat","embeddable":true,"href":"https:\/\/antcube.shop\/ro\/wp-json\/wp\/v2\/product_cat?post=4698"},{"taxonomy":"product_tag","embeddable":true,"href":"https:\/\/antcube.shop\/ro\/wp-json\/wp\/v2\/product_tag?post=4698"}],"curies":[{"name":"wp","href":"https:\/\/api.w.org\/{rel}","templated":true}]}}