{"id":4694,"date":"2022-11-14T14:53:29","date_gmt":"2022-11-14T13:53:29","guid":{"rendered":"https:\/\/antcube.shop\/produkt\/antcube-einbauarena-30x30x20\/"},"modified":"2026-04-02T09:54:48","modified_gmt":"2026-04-02T07:54:48","slug":"antcube-fitted-arena-30x30x20","status":"publish","type":"product","link":"https:\/\/antcube.shop\/ro\/produs\/antcube-fitted-arena-30x30x20\/","title":{"rendered":"ANTCUBE aren\u0103 echipat\u0103 30x30x20"},"content":{"rendered":"<p>ANTCUBE echipat cu o aren\u0103 de 30x30x20 cm cu 2 orificii de 27 mm.<\/p>\n<p><strong>Dimensiuni:<\/strong> 300 x 300 x 200 mm; grosimea sticlei este de 4 mm.<br \/>\n<strong>Material:<\/strong> sticl\u0103 float<\/p>\n<p><strong>Conexiune:<\/strong> 2x alezaj 27 mm<\/p>\n<p><strong>Descriere:<\/strong> ANTCUBE a fost dezvoltat pentru a putea fi a\u0219ezat confortabil \u0219i \u00een compartimente de rafturi mai mici. De exemplu, se potrive\u0219te perfect \u00eentr-un raft Kallax. G\u0103urile (punctul central) sunt amplasate pe partea frontal\u0103 (st\u00e2nga \u0219i dreapta) la 3 cm \u00een\u0103l\u021bime \u0219i la 3 cm distan\u021b\u0103 de marginea exterioar\u0103. Datorit\u0103 pozi\u021bion\u0103rii g\u0103urilor de 27 mm \u00een partea din fa\u021b\u0103, (\u00een loc de pe ferestrele laterale, ca de obicei) pute\u021bi ad\u0103uga cu u\u0219urin\u021b\u0103 mai multe arene \u0219i furnicari f\u0103r\u0103 a pierde spa\u021biu pe p\u0103r\u021bile laterale sau a bloca accesul la porturi. Capacul pentru aren\u0103, rama de protec\u021bie a pauzei, elementele de conectare, cum ar fi conectorii pentru tuburi sau furtunuri, sunt disponibile separat.<\/p>\n<p><strong>Not\u0103:<\/strong> Sticla este t\u0103iat\u0103 \u00een conformitate cu DIN 1249 cu o toleran\u021b\u0103 de +\/- 1 mm. Pentru speciile de furnici extrem de mici, este esen\u021bial\u0103 o protec\u021bie suplimentar\u0103 \u00eempotriva spargerii.<\/p>","protected":false},"excerpt":{"rendered":"<p>Conexiune: 2x alezaj 27 mm<\/p>","protected":false},"featured_media":5042,"comment_status":"open","ping_status":"closed","template":"","meta":{"_acf_changed":false,"content-type":"","_monsterinsights_skip_tracking":false,"_monsterinsights_sitenote_active":false,"_monsterinsights_sitenote_note":"","_monsterinsights_sitenote_category":0},"product_brand":[],"product_cat":[85,86],"product_tag":[],"class_list":{"0":"post-4694","1":"product","2":"type-product","3":"status-publish","4":"has-post-thumbnail","6":"product_cat-ant-arenas","7":"product_cat-formicariums","9":"first","10":"instock","11":"taxable","12":"shipping-taxable","13":"purchasable","14":"product-type-simple"},"acf":[],"aioseo_notices":[],"jetpack_sharing_enabled":true,"_links":{"self":[{"href":"https:\/\/antcube.shop\/ro\/wp-json\/wp\/v2\/product\/4694","targetHints":{"allow":["GET"]}}],"collection":[{"href":"https:\/\/antcube.shop\/ro\/wp-json\/wp\/v2\/product"}],"about":[{"href":"https:\/\/antcube.shop\/ro\/wp-json\/wp\/v2\/types\/product"}],"replies":[{"embeddable":true,"href":"https:\/\/antcube.shop\/ro\/wp-json\/wp\/v2\/comments?post=4694"}],"wp:featuredmedia":[{"embeddable":true,"href":"https:\/\/antcube.shop\/ro\/wp-json\/wp\/v2\/media\/5042"}],"wp:attachment":[{"href":"https:\/\/antcube.shop\/ro\/wp-json\/wp\/v2\/media?parent=4694"}],"wp:term":[{"taxonomy":"product_brand","embeddable":true,"href":"https:\/\/antcube.shop\/ro\/wp-json\/wp\/v2\/product_brand?post=4694"},{"taxonomy":"product_cat","embeddable":true,"href":"https:\/\/antcube.shop\/ro\/wp-json\/wp\/v2\/product_cat?post=4694"},{"taxonomy":"product_tag","embeddable":true,"href":"https:\/\/antcube.shop\/ro\/wp-json\/wp\/v2\/product_tag?post=4694"}],"curies":[{"name":"wp","href":"https:\/\/api.w.org\/{rel}","templated":true}]}}