{"id":4693,"date":"2022-11-14T14:53:12","date_gmt":"2022-11-14T13:53:12","guid":{"rendered":"https:\/\/antcube.shop\/produkt\/antcube-arena-30x30x10-flach\/"},"modified":"2026-04-07T16:26:49","modified_gmt":"2026-04-07T14:26:49","slug":"antcube-arena-30x30x10-plat","status":"publish","type":"product","link":"https:\/\/antcube.shop\/ro\/produs\/antcube-arena-30x30x10-plat\/","title":{"rendered":"ANTCUBE - Arena 30x30x10 - plat"},"content":{"rendered":"<p><strong>Dimensiuni:<\/strong> 300 x 300 x 100 mm; grosimea sticlei de 4 mm<\/p>\n<p><strong>Material:<\/strong> sticl\u0103 float<\/p>\n<p><strong>Conexiune:<\/strong> 2x gaur\u0103 50 mm<\/p>\n<p><strong>Descriere:<\/strong><br \/>\nBazin din sticl\u0103 30x30x10 cm cu 2 x 50 mm de g\u0103urire.<br \/>\nGaura de foraj (punctul central) se afl\u0103 la o \u00een\u0103l\u021bime de 3 cm.<\/p>\n<p><strong>Not\u0103:<\/strong> Sticla este t\u0103iat\u0103 \u00een conformitate cu DIN 1249 cu o toleran\u021b\u0103 de +\/- 1 mm. Pentru speciile de furnici extrem de mici, este esen\u021bial\u0103 o protec\u021bie suplimentar\u0103 \u00eempotriva spargerii.<\/p>\n<p>&nbsp;<\/p>","protected":false},"excerpt":{"rendered":"<p>Conexiune: 2x orificiu 50 mm<br \/>\nDimensiune: <strong>S, M, L, XL<\/strong><\/p>","protected":false},"featured_media":5059,"comment_status":"open","ping_status":"closed","template":"","meta":{"_acf_changed":false,"content-type":"","_monsterinsights_skip_tracking":false,"_monsterinsights_sitenote_active":false,"_monsterinsights_sitenote_note":"","_monsterinsights_sitenote_category":0},"product_brand":[],"product_cat":[85,86],"product_tag":[236],"class_list":{"0":"post-4693","1":"product","2":"type-product","3":"status-publish","4":"has-post-thumbnail","6":"product_cat-ant-arenas","7":"product_cat-formicariums","8":"product_tag-formicarium","10":"first","11":"instock","12":"taxable","13":"shipping-taxable","14":"purchasable","15":"product-type-simple"},"acf":[],"aioseo_notices":[],"jetpack_sharing_enabled":true,"_links":{"self":[{"href":"https:\/\/antcube.shop\/ro\/wp-json\/wp\/v2\/product\/4693","targetHints":{"allow":["GET"]}}],"collection":[{"href":"https:\/\/antcube.shop\/ro\/wp-json\/wp\/v2\/product"}],"about":[{"href":"https:\/\/antcube.shop\/ro\/wp-json\/wp\/v2\/types\/product"}],"replies":[{"embeddable":true,"href":"https:\/\/antcube.shop\/ro\/wp-json\/wp\/v2\/comments?post=4693"}],"wp:featuredmedia":[{"embeddable":true,"href":"https:\/\/antcube.shop\/ro\/wp-json\/wp\/v2\/media\/5059"}],"wp:attachment":[{"href":"https:\/\/antcube.shop\/ro\/wp-json\/wp\/v2\/media?parent=4693"}],"wp:term":[{"taxonomy":"product_brand","embeddable":true,"href":"https:\/\/antcube.shop\/ro\/wp-json\/wp\/v2\/product_brand?post=4693"},{"taxonomy":"product_cat","embeddable":true,"href":"https:\/\/antcube.shop\/ro\/wp-json\/wp\/v2\/product_cat?post=4693"},{"taxonomy":"product_tag","embeddable":true,"href":"https:\/\/antcube.shop\/ro\/wp-json\/wp\/v2\/product_tag?post=4693"}],"curies":[{"name":"wp","href":"https:\/\/api.w.org\/{rel}","templated":true}]}}