{"id":4687,"date":"2022-11-14T14:51:39","date_gmt":"2022-11-14T13:51:39","guid":{"rendered":"https:\/\/antcube.shop\/produkt\/durchgangsregler-50mm\/"},"modified":"2026-01-12T12:36:29","modified_gmt":"2026-01-12T11:36:29","slug":"regulator-de-trecere-50mm","status":"publish","type":"product","link":"https:\/\/antcube.shop\/ro\/produs\/regulator-de-trecere-50mm\/","title":{"rendered":"Regulator de trecere - 50mm"},"content":{"rendered":"<p><strong>Dimensiuni (LxLxA):<\/strong> 95x 76 x 20 mm<\/p>\n<p><strong>Material:<\/strong> Acrilic<\/p>\n<p><strong>Culoare:<\/strong> Incolor \/ transparent \/ clar<\/p>\n<p><strong>Con\u021binut:<\/strong> 1 buc (format din 10 piese individuale)<\/p>\n<p><strong>Descriere:<\/strong><br \/>\nRegulatorul de trecere este conectat la o \u021beav\u0103.<br \/>\nPasajul poate fi deschis sau \u00eenchis manual.<\/p>\n<p><strong>Cerere:<\/strong><br \/>\nPentru conectarea \u021bevilor acrilice cu diametrul de 50 mm<\/p>\n<p><strong>Sfat:<\/strong><br \/>\nRegulatorul de trecere trebuie s\u0103 fie ferm conectat la tubul corespunz\u0103tor. \u00cen cazul \u00een care este prea pu\u021bin fixat, tubul poate fi m\u0103rit cu band\u0103 adeziv\u0103 transparent\u0103 pentru a asigura o fixare str\u00e2ns\u0103.<\/p>","protected":false},"excerpt":{"rendered":"<p>Dimensiuni (LxLxA): 95x76 x 20 mm Material: Acrilic Culoare: Incolor \/ transparent \/ clar Con\u021binut: Material: acrilic: 1 buc (format din 10 piese individuale) Descriere: 1 buc (format din 10 piese individuale): Regulatorul de trecere se conecteaz\u0103 pe o \u021beav\u0103. Pasajul poate fi deschis sau \u00eenchis cu m\u00e2na. Aplica\u021bie: Se poate folosi \u00een cazul \u00een care nu se poate deschide: Pentru a conecta \u021bevile acrilice cu diametrul de 50 mm Indica\u021bie: Regulatorul de trecere trebuie s\u0103 fie ferm","protected":false},"featured_media":5074,"comment_status":"open","ping_status":"closed","template":"","meta":{"_acf_changed":false,"content-type":"","_monsterinsights_skip_tracking":false,"_monsterinsights_sitenote_active":false,"_monsterinsights_sitenote_note":"","_monsterinsights_sitenote_category":0},"product_brand":[],"product_cat":[345],"product_tag":[],"class_list":{"0":"post-4687","1":"product","2":"type-product","3":"status-publish","4":"has-post-thumbnail","6":"product_cat-pipe-connectors","8":"first","9":"instock","10":"taxable","11":"shipping-taxable","12":"purchasable","13":"product-type-simple"},"acf":[],"aioseo_notices":[],"jetpack_sharing_enabled":true,"_links":{"self":[{"href":"https:\/\/antcube.shop\/ro\/wp-json\/wp\/v2\/product\/4687","targetHints":{"allow":["GET"]}}],"collection":[{"href":"https:\/\/antcube.shop\/ro\/wp-json\/wp\/v2\/product"}],"about":[{"href":"https:\/\/antcube.shop\/ro\/wp-json\/wp\/v2\/types\/product"}],"replies":[{"embeddable":true,"href":"https:\/\/antcube.shop\/ro\/wp-json\/wp\/v2\/comments?post=4687"}],"wp:featuredmedia":[{"embeddable":true,"href":"https:\/\/antcube.shop\/ro\/wp-json\/wp\/v2\/media\/5074"}],"wp:attachment":[{"href":"https:\/\/antcube.shop\/ro\/wp-json\/wp\/v2\/media?parent=4687"}],"wp:term":[{"taxonomy":"product_brand","embeddable":true,"href":"https:\/\/antcube.shop\/ro\/wp-json\/wp\/v2\/product_brand?post=4687"},{"taxonomy":"product_cat","embeddable":true,"href":"https:\/\/antcube.shop\/ro\/wp-json\/wp\/v2\/product_cat?post=4687"},{"taxonomy":"product_tag","embeddable":true,"href":"https:\/\/antcube.shop\/ro\/wp-json\/wp\/v2\/product_tag?post=4687"}],"curies":[{"name":"wp","href":"https:\/\/api.w.org\/{rel}","templated":true}]}}